{"id":3855,"date":"2026-02-22T21:10:47","date_gmt":"2026-02-22T20:10:47","guid":{"rendered":"https:\/\/www.calopter.com\/?page_id=3855"},"modified":"2026-02-22T22:10:20","modified_gmt":"2026-02-22T21:10:20","slug":"calopter-fima-2026-jornada-tecnica-anap","status":"publish","type":"page","link":"https:\/\/www.calopter.com\/esp\/calopter-fima-2026-jornada-tecnica-anap\/","title":{"rendered":"Calopter participa en FIMA 2026 y en la Jornada T\u00e9cnica de ANAP sobre Agricultura de Precisi\u00f3n"},"content":{"rendered":"<div data-elementor-type=\"wp-page\" data-elementor-id=\"3855\" class=\"elementor elementor-3855\" data-elementor-settings=\"{&quot;ha_cmc_init_switcher&quot;:&quot;no&quot;}\">\n\t\t\t\t<div class=\"elementor-element elementor-element-d00b84f e-flex e-con-boxed e-con e-parent\" data-id=\"d00b84f\" data-element_type=\"container\" data-settings=\"{&quot;_ha_eqh_enable&quot;:false}\">\n\t\t\t\t\t<div class=\"e-con-inner\">\n\t\t<div class=\"elementor-element elementor-element-132e5e0 e-con-full e-flex e-con e-child\" data-id=\"132e5e0\" data-element_type=\"container\" data-settings=\"{&quot;_ha_eqh_enable&quot;:false}\">\n\t\t\t\t<div class=\"elementor-element elementor-element-5c7c084 elementor-widget elementor-widget-heading\" data-id=\"5c7c084\" data-element_type=\"widget\" data-widget_type=\"heading.default\">\n\t\t\t\t\t<h1 class=\"elementor-heading-title elementor-size-default\">Calopter participa en FIMA 2026 y en la Jornada T\u00e9cnica de ANAP sobre Agricultura de Precisi\u00f3n<\/h1>\t\t\t\t<\/div>\n\t\t\t\t<div class=\"elementor-element elementor-element-cfc7844 elementor-widget elementor-widget-text-editor\" data-id=\"cfc7844\" data-element_type=\"widget\" data-widget_type=\"text-editor.default\">\n\t\t\t\t\t\t\t\t\t<p data-start=\"245\" data-end=\"642\" class=\"translation-block\">En <strong data-start=\"247\" data-end=\"288\"><span class=\"hover:entity-accent entity-underline inline cursor-pointer align-baseline\"><span class=\"whitespace-normal\">Calopter Engineering S.L.<\/span><\/span><\/strong> seguimos apostando por la innovaci\u00f3n tecnol\u00f3gica aplicada al sector agr\u00edcola. Recientemente hemos participado en la<a href=\"https:\/\/www.feriazaragoza.es\/fima-agricola\" target=\"_blank\" rel=\"noopener\"><strong data-start=\"397\" data-end=\"438\"><span class=\"hover:entity-accent entity-underline inline cursor-pointer align-baseline\"><span class=\"whitespace-normal\"> Feria Internacional de Maquinaria Agr\u00edcola (FIMA)<\/span><\/span><\/strong><\/a>, uno de los eventos m\u00e1s relevantes del sector agroindustrial, as\u00ed como en la Jornada T\u00e9cnica \u201cAgricultura de Precisi\u00f3n con los pies en la tierra\u201d, organizada por la<a href=\"https:\/\/agriculturadeprecision.eu\/2026\/01\/nueva-jornada-de-anap-agricultura-de-precision-con-los-pies-en-la-tierra\/\" target=\"_blank\" rel=\"noopener\"><strong data-start=\"600\" data-end=\"641\"><span class=\"hover:entity-accent entity-underline inline cursor-pointer align-baseline\"><span class=\"whitespace-normal\"> Asociaci\u00f3n Nacional de Agricultura de Precisi\u00f3n (ANAP)<\/span><\/span><\/strong><\/a>.<\/p><p data-start=\"644\" data-end=\"844\" class=\"translation-block\">Nuestra presencia en estos espacios refuerza nuestro compromiso con el desarrollo y aplicaci\u00f3n de soluciones basades en <strong data-start=\"771\" data-end=\"843\">drones, sensores multiespectrales i an\u00e0lisi avanzado de datos agr\u00edcolas<\/strong>.<\/p>\t\t\t\t\t\t\t\t<\/div>\n\t\t\t\t<div class=\"elementor-element elementor-element-092323e elementor-widget__width-initial elementor-widget elementor-widget-heading\" data-id=\"092323e\" data-element_type=\"widget\" data-widget_type=\"heading.default\">\n\t\t\t\t\t<h2 class=\"elementor-heading-title elementor-size-default\">Agricultura de Precisi\u00f3n con los pies en la tierra: tecnolog\u00eda aplicada al agricultor real<\/h2>\t\t\t\t<\/div>\n\t\t\t\t<div class=\"elementor-element elementor-element-88b97d3 elementor-widget elementor-widget-text-editor\" data-id=\"88b97d3\" data-element_type=\"widget\" data-widget_type=\"text-editor.default\">\n\t\t\t\t\t\t\t\t\t<p data-start=\"934\" data-end=\"1131\">La jornada t\u00e9cnica organizada por ANAP puso el foco en un aspecto clave: llevar la agricultura de precisi\u00f3n m\u00e1s all\u00e1 del discurso tecnol\u00f3gico y centrarla en resultados reales y medibles en campo.<\/p><p data-start=\"1133\" data-end=\"1180\">Durante el evento se abordaron temas como:<\/p><ul data-start=\"1182\" data-end=\"1495\"><li data-start=\"1182\" data-end=\"1232\"><p data-start=\"1184\" data-end=\"1232\">Digitalizaci\u00f3n agr\u00edcola basada en datos reales.<\/p><\/li><li data-start=\"1233\" data-end=\"1300\"><p data-start=\"1235\" data-end=\"1300\">Integraci\u00f3n de sensores multiespectrales en la toma de decisiones.<\/p><\/li><li data-start=\"1301\" data-end=\"1363\"><p data-start=\"1303\" data-end=\"1363\">Uso profesional de drones en cultivos extensivos y le\u00f1osos.<\/p><\/li><li data-start=\"1364\" data-end=\"1432\"><p data-start=\"1366\" data-end=\"1432\">Interpretaci\u00f3n agron\u00f3mica de \u00edndices vegetativos (NDVI, NDRE, etc.).<\/p><\/li><li data-start=\"1433\" data-end=\"1495\"><p data-start=\"1435\" data-end=\"1495\">Rentabilidad y retorno de inversi\u00f3n en tecnolog\u00eda agr\u00edcola.<\/p><\/li><\/ul><p data-start=\"1497\" data-end=\"1676\" class=\"translation-block\">Este enfoque coincide plenamente con nuestra filosof\u00eda: la tecnolog\u00eda debe traducirse en decisiones pr\u00e1cticas que mejoren la productividad y optimicen los recursos.<\/p>\t\t\t\t\t\t\t\t<\/div>\n\t\t\t\t<\/div>\n\t\t<div class=\"elementor-element elementor-element-a670ae7 e-con-full e-flex e-con e-child\" data-id=\"a670ae7\" data-element_type=\"container\" data-settings=\"{&quot;_ha_eqh_enable&quot;:false}\">\n\t\t<div class=\"elementor-element elementor-element-9ac2a78 e-con-full e-flex e-con e-child\" data-id=\"9ac2a78\" data-element_type=\"container\" data-settings=\"{&quot;_ha_eqh_enable&quot;:false}\">\n\t\t\t\t<div class=\"elementor-element elementor-element-19b00ea elementor-widget elementor-widget-image\" data-id=\"19b00ea\" data-element_type=\"widget\" data-widget_type=\"image.default\">\n\t\t\t\t\t\t\t\t\t\t\t\t\t\t\t<img fetchpriority=\"high\" decoding=\"async\" width=\"1024\" height=\"576\" src=\"https:\/\/www.calopter.com\/wp-content\/uploads\/2026\/02\/cartelFima-1024x576.jpg\" class=\"attachment-large size-large wp-image-3862\" alt=\"\" srcset=\"https:\/\/www.calopter.com\/wp-content\/uploads\/2026\/02\/cartelFima-18x10.jpg 18w, https:\/\/www.calopter.com\/wp-content\/uploads\/2026\/02\/cartelFima-300x169.jpg 300w, https:\/\/www.calopter.com\/wp-content\/uploads\/2026\/02\/cartelFima-768x432.jpg 768w, https:\/\/www.calopter.com\/wp-content\/uploads\/2026\/02\/cartelFima-1024x576.jpg 1024w, https:\/\/www.calopter.com\/wp-content\/uploads\/2026\/02\/cartelFima-1536x864.jpg 1536w\" sizes=\"(max-width: 1024px) 100vw, 1024px\" \/>\t\t\t\t\t\t\t\t\t\t\t\t\t\t\t<\/div>\n\t\t\t\t<\/div>\n\t\t<div class=\"elementor-element elementor-element-2ebad95 e-con-full e-flex e-con e-child\" data-id=\"2ebad95\" data-element_type=\"container\" data-settings=\"{&quot;_ha_eqh_enable&quot;:false}\">\n\t\t\t\t<div data-ha-element-link=\"{&quot;url&quot;:&quot;https:\\\/\\\/www.linkedin.com\\\/feed\\\/update\\\/urn:li:activity:7425544258096586752\\\/?originTrackingId=%2FOJ2x5Di1zEykaA10dOvOQ%3D%3D&quot;,&quot;is_external&quot;:&quot;&quot;,&quot;nofollow&quot;:&quot;&quot;}\" style=\"cursor: pointer\" class=\"elementor-element elementor-element-a65759b elementor-widget elementor-widget-image\" data-id=\"a65759b\" data-element_type=\"widget\" data-widget_type=\"image.default\">\n\t\t\t\t\t\t\t\t\t\t\t\t\t\t\t\t<a href=\"https:\/\/www.linkedin.com\/feed\/update\/urn:li:activity:7425544258096586752\/?originTrackingId=%2FOJ2x5Di1zEykaA10dOvOQ%3D%3D\" target=\"_blank\" rel=\"noopener\">\n\t\t\t\t\t\t\t<img decoding=\"async\" width=\"980\" height=\"551\" src=\"https:\/\/www.calopter.com\/wp-content\/uploads\/2026\/02\/Agricultura-de-Precision-con-los-pies-en-la-tierra-2-980x551-1.png\" class=\"attachment-large size-large wp-image-3863\" alt=\"\" srcset=\"https:\/\/www.calopter.com\/wp-content\/uploads\/2026\/02\/Agricultura-de-Precision-con-los-pies-en-la-tierra-2-980x551-1-18x10.png 18w, https:\/\/www.calopter.com\/wp-content\/uploads\/2026\/02\/Agricultura-de-Precision-con-los-pies-en-la-tierra-2-980x551-1-300x169.png 300w, https:\/\/www.calopter.com\/wp-content\/uploads\/2026\/02\/Agricultura-de-Precision-con-los-pies-en-la-tierra-2-980x551-1-768x432.png 768w, https:\/\/www.calopter.com\/wp-content\/uploads\/2026\/02\/Agricultura-de-Precision-con-los-pies-en-la-tierra-2-980x551-1.png 980w\" sizes=\"(max-width: 980px) 100vw, 980px\" \/>\t\t\t\t\t\t\t\t<\/a>\n\t\t\t\t\t\t\t\t\t\t\t\t\t\t\t<\/div>\n\t\t\t\t<div data-ha-element-link=\"{&quot;url&quot;:&quot;https:\\\/\\\/www.linkedin.com\\\/feed\\\/update\\\/urn:li:activity:7421531306196549632\\\/?originTrackingId=XoExc%2B%2BmrhZkGCfMc0sZVg%3D%3D&quot;,&quot;is_external&quot;:&quot;&quot;,&quot;nofollow&quot;:&quot;&quot;}\" style=\"cursor: pointer\" class=\"elementor-element elementor-element-c4b77d2 elementor-widget elementor-widget-image\" data-id=\"c4b77d2\" data-element_type=\"widget\" data-widget_type=\"image.default\">\n\t\t\t\t\t\t\t\t\t\t\t\t\t\t\t\t<a href=\"https:\/\/www.linkedin.com\/feed\/update\/urn:li:activity:7421531306196549632\/?originTrackingId=XoExc%2B%2BmrhZkGCfMc0sZVg%3D%3D\" target=\"_blank\" rel=\"noopener\">\n\t\t\t\t\t\t\t<img decoding=\"async\" width=\"475\" height=\"174\" src=\"https:\/\/www.calopter.com\/wp-content\/uploads\/2026\/02\/Screenshot-2026-02-22-213858.png\" class=\"attachment-large size-large wp-image-3864\" alt=\"\" srcset=\"https:\/\/www.calopter.com\/wp-content\/uploads\/2026\/02\/Screenshot-2026-02-22-213858-18x7.png 18w, https:\/\/www.calopter.com\/wp-content\/uploads\/2026\/02\/Screenshot-2026-02-22-213858-300x110.png 300w, https:\/\/www.calopter.com\/wp-content\/uploads\/2026\/02\/Screenshot-2026-02-22-213858.png 475w\" sizes=\"(max-width: 475px) 100vw, 475px\" \/>\t\t\t\t\t\t\t\t<\/a>\n\t\t\t\t\t\t\t\t\t\t\t\t\t\t\t<\/div>\n\t\t\t\t<div class=\"elementor-element elementor-element-39cb304 elementor-widget elementor-widget-image\" data-id=\"39cb304\" data-element_type=\"widget\" data-widget_type=\"image.default\">\n\t\t\t\t\t\t\t\t\t\t\t\t\t\t\t<img loading=\"lazy\" decoding=\"async\" width=\"1000\" height=\"625\" src=\"https:\/\/www.calopter.com\/wp-content\/uploads\/2026\/02\/fima_2026_5dia126.JPG.webp\" class=\"attachment-large size-large wp-image-3865\" alt=\"\" srcset=\"https:\/\/www.calopter.com\/wp-content\/uploads\/2026\/02\/fima_2026_5dia126.JPG-18x12.webp 18w, https:\/\/www.calopter.com\/wp-content\/uploads\/2026\/02\/fima_2026_5dia126.JPG-300x188.webp 300w, https:\/\/www.calopter.com\/wp-content\/uploads\/2026\/02\/fima_2026_5dia126.JPG-768x480.webp 768w, https:\/\/www.calopter.com\/wp-content\/uploads\/2026\/02\/fima_2026_5dia126.JPG.webp 1000w\" sizes=\"(max-width: 1000px) 100vw, 1000px\" \/>\t\t\t\t\t\t\t\t\t\t\t\t\t\t\t<\/div>\n\t\t\t\t<\/div>\n\t\t\t\t<\/div>\n\t\t\t\t\t<\/div>\n\t\t\t\t<\/div>\n\t\t<div class=\"elementor-element elementor-element-7db93b28 e-flex e-con-boxed e-con e-parent\" data-id=\"7db93b28\" data-element_type=\"container\" data-settings=\"{&quot;_ha_eqh_enable&quot;:false}\">\n\t\t\t\t\t<div class=\"e-con-inner\">\n\t\t\t\t<div class=\"elementor-element elementor-element-4795e858 elementor-widget elementor-widget-text-editor\" data-id=\"4795e858\" data-element_type=\"widget\" data-widget_type=\"text-editor.default\">\n\t\t\t\t\t\t\t\t\t<h5>\u00bfQuieres optimizar tus recursos con tecnolog\u00eda avanzada? Contacte hoy mismo con nosotros para explorar c\u00f3mo nuestros servicios pueden mejorar el rendimiento de su producci\u00f3n.<\/h5>\t\t\t\t\t\t\t\t<\/div>\n\t\t\t\t<div class=\"elementor-element elementor-element-22b9f41d elementor-button-success elementor-align-center elementor-widget elementor-widget-button\" data-id=\"22b9f41d\" data-element_type=\"widget\" data-widget_type=\"button.default\">\n\t\t\t\t\t\t\t\t\t\t<a class=\"elementor-button elementor-button-link elementor-size-sm\" href=\"https:\/\/www.calopter.com\/esp\/contact\/\">\n\t\t\t\t\t\t<span class=\"elementor-button-content-wrapper\">\n\t\t\t\t\t\t\t\t\t<span class=\"elementor-button-text\">Contacta con nosotros<\/span>\n\t\t\t\t\t<\/span>\n\t\t\t\t\t<\/a>\n\t\t\t\t\t\t\t\t<\/div>\n\t\t\t\t\t<\/div>\n\t\t\t\t<\/div>\n\t\t\t\t<\/div>","protected":false},"excerpt":{"rendered":"<p>Calopter participa a FIMA 2026 i a la Jornada T\u00e8cnica d\u2019ANAP sobre Agricultura de Precisi\u00f3 A Calopter Engineering S.L. continuem<\/p>","protected":false},"author":1,"featured_media":0,"parent":0,"menu_order":0,"comment_status":"closed","ping_status":"closed","template":"","meta":{"site-sidebar-layout":"no-sidebar","site-content-layout":"","ast-site-content-layout":"full-width-container","site-content-style":"default","site-sidebar-style":"default","ast-global-header-display":"","ast-banner-title-visibility":"","ast-main-header-display":"","ast-hfb-above-header-display":"","ast-hfb-below-header-display":"","ast-hfb-mobile-header-display":"","site-post-title":"disabled","ast-breadcrumbs-content":"","ast-featured-img":"disabled","footer-sml-layout":"","theme-transparent-header-meta":"default","adv-header-id-meta":"","stick-header-meta":"","header-above-stick-meta":"","header-main-stick-meta":"","header-below-stick-meta":"","astra-migrate-meta-layouts":"set","ast-page-background-enabled":"default","ast-page-background-meta":{"desktop":{"background-color":"var(--ast-global-color-4)","background-image":"","background-repeat":"repeat","background-position":"center center","background-size":"auto","background-attachment":"scroll","background-type":"","background-media":"","overlay-type":"","overlay-color":"","overlay-opacity":"","overlay-gradient":""},"tablet":{"background-color":"","background-image":"","background-repeat":"repeat","background-position":"center center","background-size":"auto","background-attachment":"scroll","background-type":"","background-media":"","overlay-type":"","overlay-color":"","overlay-opacity":"","overlay-gradient":""},"mobile":{"background-color":"","background-image":"","background-repeat":"repeat","background-position":"center center","background-size":"auto","background-attachment":"scroll","background-type":"","background-media":"","overlay-type":"","overlay-color":"","overlay-opacity":"","overlay-gradient":""}},"ast-content-background-meta":{"desktop":{"background-color":"var(--ast-global-color-5)","background-image":"","background-repeat":"repeat","background-position":"center center","background-size":"auto","background-attachment":"scroll","background-type":"","background-media":"","overlay-type":"","overlay-color":"","overlay-opacity":"","overlay-gradient":""},"tablet":{"background-color":"var(--ast-global-color-5)","background-image":"","background-repeat":"repeat","background-position":"center center","background-size":"auto","background-attachment":"scroll","background-type":"","background-media":"","overlay-type":"","overlay-color":"","overlay-opacity":"","overlay-gradient":""},"mobile":{"background-color":"var(--ast-global-color-5)","background-image":"","background-repeat":"repeat","background-position":"center center","background-size":"auto","background-attachment":"scroll","background-type":"","background-media":"","overlay-type":"","overlay-color":"","overlay-opacity":"","overlay-gradient":""}},"footnotes":""},"class_list":["post-3855","page","type-page","status-publish","hentry"],"_links":{"self":[{"href":"https:\/\/www.calopter.com\/esp\/wp-json\/wp\/v2\/pages\/3855","targetHints":{"allow":["GET"]}}],"collection":[{"href":"https:\/\/www.calopter.com\/esp\/wp-json\/wp\/v2\/pages"}],"about":[{"href":"https:\/\/www.calopter.com\/esp\/wp-json\/wp\/v2\/types\/page"}],"author":[{"embeddable":true,"href":"https:\/\/www.calopter.com\/esp\/wp-json\/wp\/v2\/users\/1"}],"replies":[{"embeddable":true,"href":"https:\/\/www.calopter.com\/esp\/wp-json\/wp\/v2\/comments?post=3855"}],"version-history":[{"count":13,"href":"https:\/\/www.calopter.com\/esp\/wp-json\/wp\/v2\/pages\/3855\/revisions"}],"predecessor-version":[{"id":3877,"href":"https:\/\/www.calopter.com\/esp\/wp-json\/wp\/v2\/pages\/3855\/revisions\/3877"}],"wp:attachment":[{"href":"https:\/\/www.calopter.com\/esp\/wp-json\/wp\/v2\/media?parent=3855"}],"curies":[{"name":"wp","href":"https:\/\/api.w.org\/{rel}","templated":true}]}}