{"id":3722,"date":"2025-11-18T22:12:52","date_gmt":"2025-11-18T21:12:52","guid":{"rendered":"https:\/\/www.calopter.com\/?page_id=3722"},"modified":"2026-01-03T19:13:56","modified_gmt":"2026-01-03T18:13:56","slug":"calcul-de-volums-i-bim","status":"publish","type":"page","link":"https:\/\/www.calopter.com\/esp\/calcul-de-volums-i-bim\/","title":{"rendered":"C\u00e1lculo de vol\u00famenes y BIM"},"content":{"rendered":"<div data-elementor-type=\"wp-page\" data-elementor-id=\"3722\" class=\"elementor elementor-3722\" data-elementor-settings=\"{&quot;ha_cmc_init_switcher&quot;:&quot;no&quot;}\">\n\t\t\t\t<div class=\"elementor-element elementor-element-2043df6 e-flex e-con-boxed e-con e-parent\" data-id=\"2043df6\" data-element_type=\"container\" data-settings=\"{&quot;background_background&quot;:&quot;classic&quot;,&quot;_ha_eqh_enable&quot;:false}\">\n\t\t\t\t\t<div class=\"e-con-inner\">\n\t\t<div class=\"elementor-element elementor-element-1b6d349 e-con-full e-flex e-con e-child\" data-id=\"1b6d349\" data-element_type=\"container\" data-settings=\"{&quot;_ha_eqh_enable&quot;:false}\">\n\t\t\t\t<div class=\"elementor-element elementor-element-bc9abb0 elementor-widget-mobile__width-initial elementor-widget elementor-widget-heading\" data-id=\"bc9abb0\" data-element_type=\"widget\" data-widget_type=\"heading.default\">\n\t\t\t\t\t<h1 class=\"elementor-heading-title elementor-size-default\">C\u00e1lculo de vol\u00famenes con dron y modelaje 3D<\/h1>\t\t\t\t<\/div>\n\t\t\t\t<div class=\"elementor-element elementor-element-3f51ff3 elementor-widget elementor-widget-text-editor\" data-id=\"3f51ff3\" data-element_type=\"widget\" data-widget_type=\"text-editor.default\">\n\t\t\t\t\t\t\t\t\t<p style=\"text-align: left;\" class=\"translation-block\">En <strong data-start=\"501\" data-end=\"513\">Calopter<\/strong> usamos <strong data-start=\"524\" data-end=\"561\">drones y SW avanzado <\/strong>para generar modelos 3D y ortomosaicos de alta precisi\u00f3n.<br data-start=\"614\" data-end=\"617\">Esto nos permite medir <strong data-start=\"637\" data-end=\"712\">vol\u00famenes, superficies y dimensiones del terreno\u00a0<\/strong>de forma\u00a0<strong>r\u00e1pida<\/strong> y con <strong>gran exactitud<\/strong>.<\/p>\t\t\t\t\t\t\t\t<\/div>\n\t\t\t\t<div class=\"elementor-element elementor-element-1e280b5 elementor-widget elementor-widget-button\" data-id=\"1e280b5\" data-element_type=\"widget\" data-widget_type=\"button.default\">\n\t\t\t\t\t\t\t\t\t\t<a class=\"elementor-button elementor-button-link elementor-size-sm\" href=\"https:\/\/www.calopter.com\/esp\/contact\/\">\n\t\t\t\t\t\t<span class=\"elementor-button-content-wrapper\">\n\t\t\t\t\t\t\t\t\t<span class=\"elementor-button-text\">Pida presupuesto<\/span>\n\t\t\t\t\t<\/span>\n\t\t\t\t\t<\/a>\n\t\t\t\t\t\t\t\t<\/div>\n\t\t\t\t<\/div>\n\t\t\t\t\t<\/div>\n\t\t\t\t<\/div>\n\t\t<div class=\"elementor-element elementor-element-daacbe8 e-flex e-con-boxed e-con e-parent\" data-id=\"daacbe8\" data-element_type=\"container\" data-settings=\"{&quot;_ha_eqh_enable&quot;:false}\">\n\t\t\t\t\t<div class=\"e-con-inner\">\n\t\t<div class=\"elementor-element elementor-element-e54e0d6 e-con-full e-flex e-con e-child\" data-id=\"e54e0d6\" data-element_type=\"container\" data-settings=\"{&quot;background_background&quot;:&quot;classic&quot;,&quot;_ha_eqh_enable&quot;:false}\">\n\t\t<div class=\"elementor-element elementor-element-9f26b70 e-con-full e-flex e-con e-child\" data-id=\"9f26b70\" data-element_type=\"container\" data-settings=\"{&quot;_ha_eqh_enable&quot;:false}\">\n\t\t\t\t<div class=\"elementor-element elementor-element-0353a2f elementor-widget elementor-widget-heading\" data-id=\"0353a2f\" data-element_type=\"widget\" data-widget_type=\"heading.default\">\n\t\t\t\t\t<h2 class=\"elementor-heading-title elementor-size-default\">Volumetr\u00edas<\/h2>\t\t\t\t<\/div>\n\t\t\t\t<div class=\"elementor-element elementor-element-9223ea1 elementor-widget__width-initial elementor-widget elementor-widget-text-editor\" data-id=\"9223ea1\" data-element_type=\"widget\" data-widget_type=\"text-editor.default\">\n\t\t\t\t\t\t\t\t\t<div class=\"wp-block-column has-global-padding is-layout-constrained wp-container-core-column-is-layout-3 wp-block-column-is-layout-constrained\"><p class=\"has-text-align-center has-text-color has-link-color wp-elements-cf44f321e6c1707e0a3007f23921f639 translation-block\" data-oa-prompt=\"Please now create a great description for the previous numerical value. No more than 55 characters.\">C\u00e1lculo perciso de vol\u00famenes de pilas de material y \u00e1ridos para el <strong data-start=\"1511\" data-end=\"1542\">control de stock y producci\u00f3n<\/strong>.<\/p><\/div>\t\t\t\t\t\t\t\t<\/div>\n\t\t\t\t<\/div>\n\t\t<div class=\"elementor-element elementor-element-69e335f e-con-full e-flex e-con e-child\" data-id=\"69e335f\" data-element_type=\"container\" data-settings=\"{&quot;_ha_eqh_enable&quot;:false}\">\n\t\t\t\t<div class=\"elementor-element elementor-element-7601051 elementor-widget elementor-widget-heading\" data-id=\"7601051\" data-element_type=\"widget\" data-widget_type=\"heading.default\">\n\t\t\t\t\t<h2 class=\"elementor-heading-title elementor-size-default\">Integraci\u00f3n con BIM<\/h2>\t\t\t\t<\/div>\n\t\t\t\t<div class=\"elementor-element elementor-element-4db18ca elementor-widget__width-initial elementor-widget elementor-widget-text-editor\" data-id=\"4db18ca\" data-element_type=\"widget\" data-widget_type=\"text-editor.default\">\n\t\t\t\t\t\t\t\t\t<div class=\"wp-block-column has-global-padding is-layout-constrained wp-container-core-column-is-layout-3 wp-block-column-is-layout-constrained\"><p class=\"has-text-align-center has-text-color has-link-color wp-elements-cf44f321e6c1707e0a3007f23921f639 translation-block\" style=\"text-align: center;\" data-oa-prompt=\"Please now create a great description for the previous numerical value. No more than 55 characters.\"><span data-teams=\"true\">Los modelos 3D creados con drones pueden ser integrados en sistemas de <strong>modelaje de informaci\u00f3n de construcci\u00f3n.<\/strong><\/span><\/p><\/div>\t\t\t\t\t\t\t\t<\/div>\n\t\t\t\t<\/div>\n\t\t<div class=\"elementor-element elementor-element-1cebec4 e-con-full e-flex e-con e-child\" data-id=\"1cebec4\" data-element_type=\"container\" data-settings=\"{&quot;_ha_eqh_enable&quot;:false}\">\n\t\t\t\t<div class=\"elementor-element elementor-element-784bae5 elementor-widget elementor-widget-heading\" data-id=\"784bae5\" data-element_type=\"widget\" data-widget_type=\"heading.default\">\n\t\t\t\t\t<h2 class=\"elementor-heading-title elementor-size-default\">Mapeo de superficies<\/h2>\t\t\t\t<\/div>\n\t\t\t\t<div class=\"elementor-element elementor-element-eb6e4f1 elementor-widget__width-initial elementor-widget elementor-widget-text-editor\" data-id=\"eb6e4f1\" data-element_type=\"widget\" data-widget_type=\"text-editor.default\">\n\t\t\t\t\t\t\t\t\t<div class=\"wp-block-column has-global-padding is-layout-constrained wp-container-core-column-is-layout-3 wp-block-column-is-layout-constrained\"><p class=\"has-text-align-center has-text-color has-link-color wp-elements-cf44f321e6c1707e0a3007f23921f639 translation-block\" data-oa-prompt=\"Please now create a great description for the previous numerical value. No more than 55 characters.\">Generaci\u00f3n de ortomosaicos y modelos digitales del terreno para la <strong data-start=\"1703\" data-end=\"1738\">planificaci\u00f3n y seguimiento de la obra<\/strong>.<\/p><\/div>\t\t\t\t\t\t\t\t<\/div>\n\t\t\t\t<\/div>\n\t\t\t\t<\/div>\n\t\t\t\t\t<\/div>\n\t\t\t\t<\/div>\n\t\t<div class=\"elementor-element elementor-element-0003910 e-con-full e-flex e-con e-parent\" data-id=\"0003910\" data-element_type=\"container\" data-settings=\"{&quot;_ha_eqh_enable&quot;:false}\">\n\t\t\t\t<div class=\"elementor-element elementor-element-cab0e8d elementor-widget__width-initial e-transform ha-has-bg-overlay elementor-widget elementor-widget-video\" data-id=\"cab0e8d\" data-element_type=\"widget\" data-settings=\"{&quot;video_type&quot;:&quot;hosted&quot;,&quot;autoplay&quot;:&quot;yes&quot;,&quot;play_on_mobile&quot;:&quot;yes&quot;,&quot;mute&quot;:&quot;yes&quot;,&quot;loop&quot;:&quot;yes&quot;,&quot;ha_floating_fx&quot;:&quot;yes&quot;,&quot;_transform_scale_effect&quot;:{&quot;unit&quot;:&quot;px&quot;,&quot;size&quot;:1.1,&quot;sizes&quot;:[]},&quot;_transform_scale_effect_tablet&quot;:{&quot;unit&quot;:&quot;px&quot;,&quot;size&quot;:&quot;&quot;,&quot;sizes&quot;:[]},&quot;_transform_scale_effect_mobile&quot;:{&quot;unit&quot;:&quot;px&quot;,&quot;size&quot;:&quot;&quot;,&quot;sizes&quot;:[]}}\" data-widget_type=\"video.default\">\n\t\t\t\t\t\t\t<div class=\"e-hosted-video elementor-wrapper elementor-open-inline\">\n\t\t\t\t\t<video class=\"elementor-video\" src=\"https:\/\/www.calopter.com\/wp-content\/uploads\/2025\/12\/Diseno-sin-titulo-1.mp4\" autoplay=\"\" loop=\"\" muted=\"muted\" playsinline=\"\" controlslist=\"nodownload\"><\/video>\n\t\t\t\t<\/div>\n\t\t\t\t\t\t<\/div>\n\t\t\t\t<\/div>\n\t\t<div class=\"elementor-element elementor-element-46c3686 e-flex e-con-boxed e-con e-parent\" data-id=\"46c3686\" data-element_type=\"container\" data-settings=\"{&quot;background_background&quot;:&quot;classic&quot;,&quot;_ha_eqh_enable&quot;:false}\">\n\t\t\t\t\t<div class=\"e-con-inner\">\n\t\t<div class=\"elementor-element elementor-element-bb619fb e-con-full e-flex e-con e-child\" data-id=\"bb619fb\" data-element_type=\"container\" data-settings=\"{&quot;_ha_eqh_enable&quot;:false}\">\n\t\t\t\t<div class=\"elementor-element elementor-element-c972223 elementor-widget elementor-widget-heading\" data-id=\"c972223\" data-element_type=\"widget\" data-widget_type=\"heading.default\">\n\t\t\t\t\t<h2 class=\"elementor-heading-title elementor-size-default\">Precisi\u00f3n y detalle<\/h2>\t\t\t\t<\/div>\n\t\t\t\t<div class=\"elementor-element elementor-element-a32384b elementor-widget__width-initial elementor-widget elementor-widget-text-editor\" data-id=\"a32384b\" data-element_type=\"widget\" data-widget_type=\"text-editor.default\">\n\t\t\t\t\t\t\t\t\t<div class=\"wp-block-column has-global-padding is-layout-constrained wp-container-core-column-is-layout-3 wp-block-column-is-layout-constrained\"><p class=\"has-text-align-center has-text-color has-link-color wp-elements-cf44f321e6c1707e0a3007f23921f639\" data-oa-prompt=\"Please now create a great description for the previous numerical value. No more than 55 characters.\">C\u00e1lculos bidimensionales y tridimensionales con precisi\u00f3n centim\u00e9trica.<\/p><\/div>\t\t\t\t\t\t\t\t<\/div>\n\t\t\t\t<\/div>\n\t\t<div class=\"elementor-element elementor-element-f730c67 e-con-full e-flex e-con e-child\" data-id=\"f730c67\" data-element_type=\"container\" data-settings=\"{&quot;_ha_eqh_enable&quot;:false}\">\n\t\t\t\t<div class=\"elementor-element elementor-element-f368a9e elementor-widget elementor-widget-heading\" data-id=\"f368a9e\" data-element_type=\"widget\" data-widget_type=\"heading.default\">\n\t\t\t\t\t<h2 class=\"elementor-heading-title elementor-size-default\">Coste<\/h2>\t\t\t\t<\/div>\n\t\t\t\t<div class=\"elementor-element elementor-element-b6ecf09 elementor-widget__width-initial elementor-widget elementor-widget-text-editor\" data-id=\"b6ecf09\" data-element_type=\"widget\" data-widget_type=\"text-editor.default\">\n\t\t\t\t\t\t\t\t\t<div class=\"wp-block-column has-global-padding is-layout-constrained wp-container-core-column-is-layout-3 wp-block-column-is-layout-constrained\"><p class=\"has-text-align-center has-text-color has-link-color wp-elements-cf44f321e6c1707e0a3007f23921f639\" style=\"text-align: center;\" data-oa-prompt=\"Please now create a great description for the previous numerical value. No more than 55 characters.\"><span data-teams=\"true\">Menos tiempo en el campo y menos t\u00e9cnicos comparado con las t\u00e9cnicas tradicionales de cartograf\u00eda.<\/span><\/p><\/div>\t\t\t\t\t\t\t\t<\/div>\n\t\t\t\t<\/div>\n\t\t<div class=\"elementor-element elementor-element-bdfd85d e-con-full e-flex e-con e-child\" data-id=\"bdfd85d\" data-element_type=\"container\" data-settings=\"{&quot;_ha_eqh_enable&quot;:false}\">\n\t\t\t\t<div class=\"elementor-element elementor-element-13cbc3a elementor-widget elementor-widget-heading\" data-id=\"13cbc3a\" data-element_type=\"widget\" data-widget_type=\"heading.default\">\n\t\t\t\t\t<h2 class=\"elementor-heading-title elementor-size-default\">Flexibilidad<\/h2>\t\t\t\t<\/div>\n\t\t\t\t<div class=\"elementor-element elementor-element-48dbe55 elementor-widget__width-initial elementor-widget elementor-widget-text-editor\" data-id=\"48dbe55\" data-element_type=\"widget\" data-widget_type=\"text-editor.default\">\n\t\t\t\t\t\t\t\t\t<div class=\"wp-block-column has-global-padding is-layout-constrained wp-container-core-column-is-layout-3 wp-block-column-is-layout-constrained\"><p class=\"has-text-align-center has-text-color has-link-color wp-elements-cf44f321e6c1707e0a3007f23921f639\" data-oa-prompt=\"Please now create a great description for the previous numerical value. No more than 55 characters.\"><span data-teams=\"true\">Adaptable a canteras, obras, plantas y acopios.<\/span><\/p><\/div>\t\t\t\t\t\t\t\t<\/div>\n\t\t\t\t<\/div>\n\t\t\t\t\t<\/div>\n\t\t\t\t<\/div>\n\t\t<div class=\"elementor-element elementor-element-2d2e1a32 e-flex e-con-boxed e-con e-parent\" data-id=\"2d2e1a32\" data-element_type=\"container\" data-settings=\"{&quot;_ha_eqh_enable&quot;:false}\">\n\t\t\t\t\t<div class=\"e-con-inner\">\n\t\t\t\t<div class=\"elementor-element elementor-element-0cdcfa7 elementor-widget elementor-widget-image\" data-id=\"0cdcfa7\" data-element_type=\"widget\" data-widget_type=\"image.default\">\n\t\t\t\t\t\t\t\t\t\t\t\t\t\t\t<img fetchpriority=\"high\" decoding=\"async\" width=\"700\" height=\"362\" src=\"https:\/\/www.calopter.com\/wp-content\/uploads\/2025\/08\/3D-Mapping-Volume-Estimation-1024x401-1-e1756722595392.jpg\" class=\"attachment-large size-large wp-image-2922\" alt=\"\" srcset=\"https:\/\/www.calopter.com\/wp-content\/uploads\/2025\/08\/3D-Mapping-Volume-Estimation-1024x401-1-e1756722595392-18x9.jpg 18w, https:\/\/www.calopter.com\/wp-content\/uploads\/2025\/08\/3D-Mapping-Volume-Estimation-1024x401-1-e1756722595392-300x155.jpg 300w, https:\/\/www.calopter.com\/wp-content\/uploads\/2025\/08\/3D-Mapping-Volume-Estimation-1024x401-1-e1756722595392.jpg 700w\" sizes=\"(max-width: 700px) 100vw, 700px\" \/>\t\t\t\t\t\t\t\t\t\t\t\t\t\t\t<\/div>\n\t\t\t\t<div class=\"elementor-element elementor-element-204d73bc elementor-widget elementor-widget-text-editor\" data-id=\"204d73bc\" data-element_type=\"widget\" data-widget_type=\"text-editor.default\">\n\t\t\t\t\t\t\t\t\t<h5>\u00bfQuieres optimizar tus recursos con tecnolog\u00eda avanzada? Contacta con nosotros y te elaboraremos un presupuesto a medida seg\u00fan las necesidades de tu proyecto.<\/h5>\t\t\t\t\t\t\t\t<\/div>\n\t\t\t\t<div class=\"elementor-element elementor-element-4f78d224 elementor-align-center elementor-widget elementor-widget-button\" data-id=\"4f78d224\" data-element_type=\"widget\" data-widget_type=\"button.default\">\n\t\t\t\t\t\t\t\t\t\t<a class=\"elementor-button elementor-button-link elementor-size-sm\" href=\"https:\/\/www.calopter.com\/esp\/contact\/\">\n\t\t\t\t\t\t<span class=\"elementor-button-content-wrapper\">\n\t\t\t\t\t\t\t\t\t<span class=\"elementor-button-text\">Solicite presupuesto<\/span>\n\t\t\t\t\t<\/span>\n\t\t\t\t\t<\/a>\n\t\t\t\t\t\t\t\t<\/div>\n\t\t\t\t\t<\/div>\n\t\t\t\t<\/div>\n\t\t<div class=\"elementor-element elementor-element-6f4608c e-grid e-con-full e-con e-parent\" data-id=\"6f4608c\" data-element_type=\"container\" data-settings=\"{&quot;background_background&quot;:&quot;classic&quot;,&quot;_ha_eqh_enable&quot;:&quot;yes&quot;,&quot;_ha_eqh_widget&quot;:[&quot;text-editor&quot;],&quot;_ha_eqh_to&quot;:&quot;widget&quot;,&quot;_ha_eqh_disable_on_tablet&quot;:&quot;no&quot;,&quot;_ha_eqh_disable_on_mobile&quot;:&quot;yes&quot;}\">\n\t\t\t\t<div class=\"elementor-element elementor-element-35bedf3 elementor-widget elementor-widget-text-editor\" data-id=\"35bedf3\" data-element_type=\"widget\" data-widget_type=\"text-editor.default\">\n\t\t\t\t\t\t\t\t\t<h6><strong>Agricultura 4.0<\/strong><\/h6><ul><li>An\u00e1lisis multiespectral<\/li><li>Monitoraje inteligente y continuo<\/li><li>An\u00e1lisis visual del conreo\u00a0<\/li><li>Prevenci\u00f3n de plagas\u00a0<\/li><li>Optimizaci\u00f3n de recursos<\/li><li>Detecci\u00f3n precoz de plagas y enfermedades<\/li><\/ul>\t\t\t\t\t\t\t\t<\/div>\n\t\t\t\t<div class=\"elementor-element elementor-element-a7a865f elementor-widget elementor-widget-text-editor\" data-id=\"a7a865f\" data-element_type=\"widget\" data-widget_type=\"text-editor.default\">\n\t\t\t\t\t\t\t\t\t<h6><span style=\"color: #333333;\"><a style=\"color: #333333;\" href=\"https:\/\/www.calopter.com\/esp\/geomatica-i-topografia\/\"><strong>Inspecciones y Topograf\u00eda<\/strong><\/a><\/span><\/h6><ul><li>R\u00e9plicas digitales 3D<\/li><li style=\"text-align: left;\">Inspecci\u00f3n visual de infraestructuras<\/li><li>Ortomosaicos georeferenciados<\/li><li>Modelos digitales de terreno y superf\u00edcie<\/li><\/ul>\t\t\t\t\t\t\t\t<\/div>\n\t\t\t\t<div class=\"elementor-element elementor-element-f16b4cc elementor-widget elementor-widget-text-editor\" data-id=\"f16b4cc\" data-element_type=\"widget\" data-widget_type=\"text-editor.default\">\n\t\t\t\t\t\t\t\t\t<h6><span style=\"color: #333333;\"><a style=\"color: #333333;\" href=\"https:\/\/www.calopter.com\/esp\/serveis-denginyeria\/\"><strong style=\"font-size: 1rem; font-style: inherit;\">Servicios de ingenier\u00eda<\/strong><\/a><\/span><\/h6><ul><li>Procesado de datos<\/li><li>Modelaje y simulaci\u00f3n<\/li><li>C\u00e1lculos volum\u00e9tricos<\/li><li>Planificaci\u00f3n y an\u00e1lisi del suelo<\/li><li style=\"text-align: left;\">Documentaci\u00f3n fotogr\u00e1fica e informes t\u00e9cnicos<\/li><\/ul>\t\t\t\t\t\t\t\t<\/div>\n\t\t\t\t<div class=\"elementor-element elementor-element-b11e13c elementor-widget__width-initial elementor-widget elementor-widget-text-editor\" data-id=\"b11e13c\" data-element_type=\"widget\" data-widget_type=\"text-editor.default\">\n\t\t\t\t\t\t\t\t\t<p><strong>Guinardo,(Barcelona 08027), ESP.\u00a0<\/strong><\/p><p><strong>Telf:<\/strong>+34 607804143<\/p><p><strong>Email:<\/strong><\/p><p>info@calopter.com\u00a0<\/p><p>carlos.serrano@calopter.com<\/p>\t\t\t\t\t\t\t\t<\/div>\n\t\t\t\t<\/div>\n\t\t\t\t<\/div>","protected":false},"excerpt":{"rendered":"<p>C\u00e0lcul de volums amb dron i modelatge 3D A Calopter utilitzem drons professionals i SW avan\u00e7at per generar models 3D<\/p>","protected":false},"author":1,"featured_media":0,"parent":0,"menu_order":0,"comment_status":"closed","ping_status":"closed","template":"","meta":{"site-sidebar-layout":"no-sidebar","site-content-layout":"","ast-site-content-layout":"full-width-container","site-content-style":"default","site-sidebar-style":"default","ast-global-header-display":"","ast-banner-title-visibility":"","ast-main-header-display":"","ast-hfb-above-header-display":"","ast-hfb-below-header-display":"","ast-hfb-mobile-header-display":"","site-post-title":"disabled","ast-breadcrumbs-content":"","ast-featured-img":"disabled","footer-sml-layout":"","theme-transparent-header-meta":"default","adv-header-id-meta":"","stick-header-meta":"","header-above-stick-meta":"","header-main-stick-meta":"","header-below-stick-meta":"","astra-migrate-meta-layouts":"set","ast-page-background-enabled":"default","ast-page-background-meta":{"desktop":{"background-color":"var(--ast-global-color-4)","background-image":"","background-repeat":"repeat","background-position":"center center","background-size":"auto","background-attachment":"scroll","background-type":"","background-media":"","overlay-type":"","overlay-color":"","overlay-opacity":"","overlay-gradient":""},"tablet":{"background-color":"","background-image":"","background-repeat":"repeat","background-position":"center center","background-size":"auto","background-attachment":"scroll","background-type":"","background-media":"","overlay-type":"","overlay-color":"","overlay-opacity":"","overlay-gradient":""},"mobile":{"background-color":"","background-image":"","background-repeat":"repeat","background-position":"center center","background-size":"auto","background-attachment":"scroll","background-type":"","background-media":"","overlay-type":"","overlay-color":"","overlay-opacity":"","overlay-gradient":""}},"ast-content-background-meta":{"desktop":{"background-color":"var(--ast-global-color-5)","background-image":"","background-repeat":"repeat","background-position":"center center","background-size":"auto","background-attachment":"scroll","background-type":"","background-media":"","overlay-type":"","overlay-color":"","overlay-opacity":"","overlay-gradient":""},"tablet":{"background-color":"var(--ast-global-color-5)","background-image":"","background-repeat":"repeat","background-position":"center center","background-size":"auto","background-attachment":"scroll","background-type":"","background-media":"","overlay-type":"","overlay-color":"","overlay-opacity":"","overlay-gradient":""},"mobile":{"background-color":"var(--ast-global-color-5)","background-image":"","background-repeat":"repeat","background-position":"center center","background-size":"auto","background-attachment":"scroll","background-type":"","background-media":"","overlay-type":"","overlay-color":"","overlay-opacity":"","overlay-gradient":""}},"footnotes":""},"class_list":["post-3722","page","type-page","status-publish","hentry"],"_links":{"self":[{"href":"https:\/\/www.calopter.com\/esp\/wp-json\/wp\/v2\/pages\/3722","targetHints":{"allow":["GET"]}}],"collection":[{"href":"https:\/\/www.calopter.com\/esp\/wp-json\/wp\/v2\/pages"}],"about":[{"href":"https:\/\/www.calopter.com\/esp\/wp-json\/wp\/v2\/types\/page"}],"author":[{"embeddable":true,"href":"https:\/\/www.calopter.com\/esp\/wp-json\/wp\/v2\/users\/1"}],"replies":[{"embeddable":true,"href":"https:\/\/www.calopter.com\/esp\/wp-json\/wp\/v2\/comments?post=3722"}],"version-history":[{"count":76,"href":"https:\/\/www.calopter.com\/esp\/wp-json\/wp\/v2\/pages\/3722\/revisions"}],"predecessor-version":[{"id":3831,"href":"https:\/\/www.calopter.com\/esp\/wp-json\/wp\/v2\/pages\/3722\/revisions\/3831"}],"wp:attachment":[{"href":"https:\/\/www.calopter.com\/esp\/wp-json\/wp\/v2\/media?parent=3722"}],"curies":[{"name":"wp","href":"https:\/\/api.w.org\/{rel}","templated":true}]}}