{"id":3648,"date":"2025-10-13T21:46:10","date_gmt":"2025-10-13T19:46:10","guid":{"rendered":"https:\/\/www.calopter.com\/?page_id=3648"},"modified":"2025-10-25T17:39:50","modified_gmt":"2025-10-25T15:39:50","slug":"serveis-dinspeccio-amb-drons-a-catalunya","status":"publish","type":"page","link":"https:\/\/www.calopter.com\/esp\/serveis-dinspeccio-amb-drons-a-catalunya\/","title":{"rendered":"Serveis d\u2019inspecci\u00f3 amb drons a Catalunya"},"content":{"rendered":"<div data-elementor-type=\"wp-page\" data-elementor-id=\"3648\" class=\"elementor elementor-3648\" data-elementor-settings=\"{&quot;ha_cmc_init_switcher&quot;:&quot;no&quot;}\">\n\t\t\t\t<div class=\"elementor-element elementor-element-0d2dec6 e-flex e-con-boxed e-con e-parent\" data-id=\"0d2dec6\" data-element_type=\"container\" data-settings=\"{&quot;_ha_eqh_enable&quot;:false}\">\n\t\t\t\t\t<div class=\"e-con-inner\">\n\t\t<div class=\"elementor-element elementor-element-b233809 e-con-full e-flex e-con e-child\" data-id=\"b233809\" data-element_type=\"container\" data-settings=\"{&quot;_ha_eqh_enable&quot;:false}\">\n\t\t\t\t<div class=\"elementor-element elementor-element-ea8b885 elementor-widget elementor-widget-heading\" data-id=\"ea8b885\" data-element_type=\"widget\" data-widget_type=\"heading.default\">\n\t\t\t\t\t<h1 class=\"elementor-heading-title elementor-size-default\">Servicio de inspecci\u00f3n con drones en Catalu\u00f1a: precisi\u00f3n, seguridad y eficiencia.<\/h1>\t\t\t\t<\/div>\n\t\t\t\t<div class=\"elementor-element elementor-element-71ae46b elementor-widget elementor-widget-text-editor\" data-id=\"71ae46b\" data-element_type=\"widget\" data-widget_type=\"text-editor.default\">\n\t\t\t\t\t\t\t\t\t<p data-start=\"502\" data-end=\"943\" class=\"translation-block\">En <strong data-start=\"504\" data-end=\"516\">Calopter<\/strong> ofrecemos un <strong data-start=\"527\" data-end=\"571\">servicio de inspecciones con drones en Catalu\u00f1a<\/strong> para empresas, ayuntamientos y profesionales que necesitan im\u00e1genes y datos t\u00e9cnicos de alta calidad sin riesgos ni interrupciones.<br data-start=\"703\" data-end=\"706\">Gracias a nuestra experiencia en <strong data-start=\"741\" data-end=\"770\">ingenier\u00eda y teledetecci\u00f3n<\/strong>, utilizamos <strong data-start=\"782\" data-end=\"831\">rons profesionales equipados con tecnolog\u00eda RTK<\/strong> y c\u00e1maras de alta resoluci\u00f3n para realizar <strong data-start=\"873\" data-end=\"923\">inspecciones t\u00e9cnicas, agr\u00edcolas e industriales<\/strong> con total precisi\u00f3n.<\/p><p data-start=\"945\" data-end=\"1194\" class=\"translation-block\">Nuestro <strong data-start=\"955\" data-end=\"999\">servicio de inspecci\u00f3n con drones en Catalu\u00f1a<\/strong> permite analizar infraestructuras, l\u00edneas el\u00e9ctricas, paneles solares, cubiertas, naves industriales y campos agr\u00edcolas con una eficiencia y seguridad que las t\u00e9cnicas tradicionales no pueden ofrecer.<\/p><h4 data-start=\"945\" data-end=\"1194\">Aplicaciones principales del servicio de inspecci\u00f3n con drones<\/h4><p data-start=\"1264\" data-end=\"1357\" class=\"translation-block\">Los <strong data-start=\"1268\" data-end=\"1289\">drones de inspecci\u00f3n<\/strong> de Calopter se adaptan a una gran variedad de sectores y necesidades.<\/p><ul data-start=\"1359\" data-end=\"1756\"><li data-start=\"1359\" data-end=\"1463\"><p data-start=\"1361\" data-end=\"1463\" class=\"translation-block\"><strong data-start=\"1361\" data-end=\"1386\">Inspecci\u00f3n industrial:<\/strong> torres el\u00e9ctricas, chimeneas, puentes, dep\u00f3sitos o estructuras met\u00e1licas.<\/p><\/li><li data-start=\"1557\" data-end=\"1646\"><p data-start=\"1559\" data-end=\"1646\" class=\"translation-block\"><strong data-start=\"1559\" data-end=\"1582\">Inspecci\u00f3n agr\u00edcola:<\/strong> control de regad\u00edos, instalaciones, cubiertas y embalses.<\/p><\/li><li data-start=\"1647\" data-end=\"1756\"><p data-start=\"1649\" data-end=\"1756\" class=\"translation-block\"><strong data-start=\"1649\" data-end=\"1685\">Inspecci\u00f3n de edificios y tejados:<\/strong> localizaci\u00f3n de desperfectos, humedades y fisuras con alta precisi\u00f3n.<\/p><\/li><\/ul><p data-start=\"1758\" data-end=\"1914\" class=\"translation-block\">Cada <strong data-start=\"1763\" data-end=\"1798\">inspecci\u00f3n con drones en Catalunya<\/strong> se planifica con rigor t\u00e9cnico y con total cumplimiento de la normativa <strong data-start=\"1868\" data-end=\"1913\">AESA (Agencia Estatal de Seguridad A\u00e9rea)<\/strong>.<\/p><h4 data-start=\"1758\" data-end=\"1914\">\u00c1mbito territorial: inspecciones con drones en toda Catalu\u00f1a<\/h4><p data-start=\"1985\" data-end=\"2125\" class=\"translation-block\">Nuestro equipo se desplaza por toda <strong data-start=\"2022\" data-end=\"2035\">Catalu\u00f1a<\/strong>, ofreciendo <strong data-start=\"2045\" data-end=\"2078\">servicios de inspecci\u00f3n con drones<\/strong> en todas las provincias (Barcelona, Lleida, Tarragona y Girona) y principales comarcas:<\/p><ul data-start=\"2127\" data-end=\"2614\"><li data-start=\"2127\" data-end=\"2244\"><p data-start=\"2129\" data-end=\"2244\" class=\"translation-block\"><strong data-start=\"2129\" data-end=\"2140\">Lleida:<\/strong> inspecciones agr\u00edcolas, industriales y de regad\u00edos en Ponent, Segri\u00e0, Noguera, Pla d\u2019Urgell y Garrigues.<\/p><\/li><li data-start=\"2245\" data-end=\"2356\"><p data-start=\"2247\" data-end=\"2356\" class=\"translation-block\"><strong data-start=\"2247\" data-end=\"2258\">Girona:<\/strong> inspecciones en zonas rurales, monta\u00f1osas y costeras, con drones adaptados a terrenos complejos.<\/p><\/li><li data-start=\"2357\" data-end=\"2478\"><p data-start=\"2359\" data-end=\"2478\" class=\"translation-block\"><strong data-start=\"2359\" data-end=\"2373\">Barcelona:<\/strong> servicios de inspecci\u00f3n con drones para naves industriales, instalaciones fotovoltaicas y edificios urbanos.<\/p><\/li><li data-start=\"2479\" data-end=\"2614\"><p data-start=\"2481\" data-end=\"2614\" class=\"translation-block\"><strong data-start=\"2481\" data-end=\"2495\">Tarragona:<\/strong> inspecci\u00f3n de campos agr\u00edcolas, centrales el\u00e9ctricas e infraestructuras en las Terres de l\u2019Ebre y el Camp de Tarragona.<\/p><\/li><\/ul><p data-start=\"2616\" data-end=\"2736\" class=\"translation-block\">En <strong data-start=\"2618\" data-end=\"2630\">Calopter<\/strong> ofrecemos cobertura completa en todas las comarcas catalanas, con la misma calidad, rapidez y seguridad.<\/p>\t\t\t\t\t\t\t\t<\/div>\n\t\t\t\t<\/div>\n\t\t<div class=\"elementor-element elementor-element-f4512ae e-con-full e-flex e-con e-child\" data-id=\"f4512ae\" data-element_type=\"container\" data-settings=\"{&quot;_ha_eqh_enable&quot;:false}\">\n\t\t<div class=\"elementor-element elementor-element-e9bfe45 e-con-full e-flex e-con e-child\" data-id=\"e9bfe45\" data-element_type=\"container\" data-settings=\"{&quot;_ha_eqh_enable&quot;:false}\">\n\t\t\t\t<div class=\"elementor-element elementor-element-6c83b23 elementor-widget elementor-widget-image\" data-id=\"6c83b23\" data-element_type=\"widget\" data-widget_type=\"image.default\">\n\t\t\t\t\t\t\t\t\t\t\t\t\t\t\t<img fetchpriority=\"high\" decoding=\"async\" width=\"1024\" height=\"631\" src=\"https:\/\/www.calopter.com\/wp-content\/uploads\/2025\/08\/Drone-inspection-of-power-line-1024x631.webp\" class=\"attachment-large size-large wp-image-2921\" alt=\"\" srcset=\"https:\/\/www.calopter.com\/wp-content\/uploads\/2025\/08\/Drone-inspection-of-power-line-18x12.webp 18w, https:\/\/www.calopter.com\/wp-content\/uploads\/2025\/08\/Drone-inspection-of-power-line-300x185.webp 300w, https:\/\/www.calopter.com\/wp-content\/uploads\/2025\/08\/Drone-inspection-of-power-line-768x473.webp 768w, https:\/\/www.calopter.com\/wp-content\/uploads\/2025\/08\/Drone-inspection-of-power-line-1024x631.webp 1024w, https:\/\/www.calopter.com\/wp-content\/uploads\/2025\/08\/Drone-inspection-of-power-line-1536x947.webp 1536w\" sizes=\"(max-width: 1024px) 100vw, 1024px\" \/>\t\t\t\t\t\t\t\t\t\t\t\t\t\t\t<\/div>\n\t\t\t\t<\/div>\n\t\t<div class=\"elementor-element elementor-element-600554d e-con-full e-flex e-con e-child\" data-id=\"600554d\" data-element_type=\"container\" data-settings=\"{&quot;_ha_eqh_enable&quot;:false}\">\n\t\t\t\t<div class=\"elementor-element elementor-element-bba969b elementor-widget elementor-widget-image\" data-id=\"bba969b\" data-element_type=\"widget\" data-widget_type=\"image.default\">\n\t\t\t\t\t\t\t\t\t\t\t\t\t\t\t<img decoding=\"async\" width=\"1024\" height=\"576\" src=\"https:\/\/www.calopter.com\/wp-content\/uploads\/2025\/08\/inspecion-drone-1024x576.webp\" class=\"attachment-large size-large wp-image-3058\" alt=\"\" srcset=\"https:\/\/www.calopter.com\/wp-content\/uploads\/2025\/08\/inspecion-drone-18x10.webp 18w, https:\/\/www.calopter.com\/wp-content\/uploads\/2025\/08\/inspecion-drone-300x169.webp 300w, https:\/\/www.calopter.com\/wp-content\/uploads\/2025\/08\/inspecion-drone-768x432.webp 768w, https:\/\/www.calopter.com\/wp-content\/uploads\/2025\/08\/inspecion-drone-1024x576.webp 1024w, https:\/\/www.calopter.com\/wp-content\/uploads\/2025\/08\/inspecion-drone.webp 1280w\" sizes=\"(max-width: 1024px) 100vw, 1024px\" \/>\t\t\t\t\t\t\t\t\t\t\t\t\t\t\t<\/div>\n\t\t\t\t<\/div>\n\t\t\t\t<\/div>\n\t\t\t\t\t<\/div>\n\t\t\t\t<\/div>\n\t\t<div class=\"elementor-element elementor-element-80a2c7f e-flex e-con-boxed e-con e-parent\" data-id=\"80a2c7f\" data-element_type=\"container\" data-settings=\"{&quot;_ha_eqh_enable&quot;:false}\">\n\t\t\t\t\t<div class=\"e-con-inner\">\n\t\t\t\t<div class=\"elementor-element elementor-element-2fe72a1 elementor-widget elementor-widget-text-editor\" data-id=\"2fe72a1\" data-element_type=\"widget\" data-widget_type=\"text-editor.default\">\n\t\t\t\t\t\t\t\t\t<h5>\u00bfQuieres optimizar tus recursos con tecnolog\u00eda avanzada? Pide presupuesto hoy mismo para descubrir c\u00f3mo nuestros servicios pueden optimizar tus recursos.<\/h5>\t\t\t\t\t\t\t\t<\/div>\n\t\t\t\t<div class=\"elementor-element elementor-element-7e9bfaa1 elementor-align-center elementor-widget elementor-widget-button\" data-id=\"7e9bfaa1\" data-element_type=\"widget\" data-widget_type=\"button.default\">\n\t\t\t\t\t\t\t\t\t\t<a class=\"elementor-button elementor-button-link elementor-size-sm\" href=\"https:\/\/www.calopter.com\/esp\/contact\/\">\n\t\t\t\t\t\t<span class=\"elementor-button-content-wrapper\">\n\t\t\t\t\t\t\t\t\t<span class=\"elementor-button-text\">Solicite presupuesto<\/span>\n\t\t\t\t\t<\/span>\n\t\t\t\t\t<\/a>\n\t\t\t\t\t\t\t\t<\/div>\n\t\t\t\t\t<\/div>\n\t\t\t\t<\/div>\n\t\t\t\t<\/div>","protected":false},"excerpt":{"rendered":"<p>Servei d\u2019inspecci\u00f3 amb drons a Catalunya: precisi\u00f3, seguretat i efici\u00e8ncia A Calopter oferim un servei d\u2019inspecci\u00f3 amb drons a Catalunya<\/p>","protected":false},"author":1,"featured_media":0,"parent":0,"menu_order":0,"comment_status":"closed","ping_status":"closed","template":"","meta":{"site-sidebar-layout":"no-sidebar","site-content-layout":"","ast-site-content-layout":"full-width-container","site-content-style":"default","site-sidebar-style":"default","ast-global-header-display":"","ast-banner-title-visibility":"","ast-main-header-display":"","ast-hfb-above-header-display":"","ast-hfb-below-header-display":"","ast-hfb-mobile-header-display":"","site-post-title":"disabled","ast-breadcrumbs-content":"","ast-featured-img":"disabled","footer-sml-layout":"","theme-transparent-header-meta":"default","adv-header-id-meta":"","stick-header-meta":"","header-above-stick-meta":"","header-main-stick-meta":"","header-below-stick-meta":"","astra-migrate-meta-layouts":"set","ast-page-background-enabled":"default","ast-page-background-meta":{"desktop":{"background-color":"var(--ast-global-color-4)","background-image":"","background-repeat":"repeat","background-position":"center center","background-size":"auto","background-attachment":"scroll","background-type":"","background-media":"","overlay-type":"","overlay-color":"","overlay-opacity":"","overlay-gradient":""},"tablet":{"background-color":"","background-image":"","background-repeat":"repeat","background-position":"center center","background-size":"auto","background-attachment":"scroll","background-type":"","background-media":"","overlay-type":"","overlay-color":"","overlay-opacity":"","overlay-gradient":""},"mobile":{"background-color":"","background-image":"","background-repeat":"repeat","background-position":"center center","background-size":"auto","background-attachment":"scroll","background-type":"","background-media":"","overlay-type":"","overlay-color":"","overlay-opacity":"","overlay-gradient":""}},"ast-content-background-meta":{"desktop":{"background-color":"var(--ast-global-color-5)","background-image":"","background-repeat":"repeat","background-position":"center center","background-size":"auto","background-attachment":"scroll","background-type":"","background-media":"","overlay-type":"","overlay-color":"","overlay-opacity":"","overlay-gradient":""},"tablet":{"background-color":"var(--ast-global-color-5)","background-image":"","background-repeat":"repeat","background-position":"center center","background-size":"auto","background-attachment":"scroll","background-type":"","background-media":"","overlay-type":"","overlay-color":"","overlay-opacity":"","overlay-gradient":""},"mobile":{"background-color":"var(--ast-global-color-5)","background-image":"","background-repeat":"repeat","background-position":"center center","background-size":"auto","background-attachment":"scroll","background-type":"","background-media":"","overlay-type":"","overlay-color":"","overlay-opacity":"","overlay-gradient":""}},"footnotes":""},"class_list":["post-3648","page","type-page","status-publish","hentry"],"_links":{"self":[{"href":"https:\/\/www.calopter.com\/esp\/wp-json\/wp\/v2\/pages\/3648","targetHints":{"allow":["GET"]}}],"collection":[{"href":"https:\/\/www.calopter.com\/esp\/wp-json\/wp\/v2\/pages"}],"about":[{"href":"https:\/\/www.calopter.com\/esp\/wp-json\/wp\/v2\/types\/page"}],"author":[{"embeddable":true,"href":"https:\/\/www.calopter.com\/esp\/wp-json\/wp\/v2\/users\/1"}],"replies":[{"embeddable":true,"href":"https:\/\/www.calopter.com\/esp\/wp-json\/wp\/v2\/comments?post=3648"}],"version-history":[{"count":7,"href":"https:\/\/www.calopter.com\/esp\/wp-json\/wp\/v2\/pages\/3648\/revisions"}],"predecessor-version":[{"id":3697,"href":"https:\/\/www.calopter.com\/esp\/wp-json\/wp\/v2\/pages\/3648\/revisions\/3697"}],"wp:attachment":[{"href":"https:\/\/www.calopter.com\/esp\/wp-json\/wp\/v2\/media?parent=3648"}],"curies":[{"name":"wp","href":"https:\/\/api.w.org\/{rel}","templated":true}]}}