{"id":3632,"date":"2025-10-13T21:04:11","date_gmt":"2025-10-13T19:04:11","guid":{"rendered":"https:\/\/www.calopter.com\/?page_id=3632"},"modified":"2025-10-25T17:45:59","modified_gmt":"2025-10-25T15:45:59","slug":"mapeig-de-cultius-amb-drons-a-lleida","status":"publish","type":"page","link":"https:\/\/www.calopter.com\/esp\/mapeig-de-cultius-amb-drons-a-lleida\/","title":{"rendered":"Mapeig de cultius i serveis amb drons a Lleida"},"content":{"rendered":"<div data-elementor-type=\"wp-page\" data-elementor-id=\"3632\" class=\"elementor elementor-3632\" data-elementor-settings=\"{&quot;ha_cmc_init_switcher&quot;:&quot;no&quot;}\">\n\t\t\t\t<div class=\"elementor-element elementor-element-d00b84f e-flex e-con-boxed e-con e-parent\" data-id=\"d00b84f\" data-element_type=\"container\" data-settings=\"{&quot;_ha_eqh_enable&quot;:false}\">\n\t\t\t\t\t<div class=\"e-con-inner\">\n\t\t<div class=\"elementor-element elementor-element-132e5e0 e-con-full e-flex e-con e-child\" data-id=\"132e5e0\" data-element_type=\"container\" data-settings=\"{&quot;_ha_eqh_enable&quot;:false}\">\n\t\t\t\t<div class=\"elementor-element elementor-element-5c7c084 elementor-widget elementor-widget-heading\" data-id=\"5c7c084\" data-element_type=\"widget\" data-widget_type=\"heading.default\">\n\t\t\t\t\t<h1 class=\"elementor-heading-title elementor-size-default\">Servicio de drones y mapeo para agricultura en Lleida: tecnolog\u00eda para optimizar tus cultivos.<\/h1>\t\t\t\t<\/div>\n\t\t\t\t<div class=\"elementor-element elementor-element-cfc7844 elementor-widget elementor-widget-text-editor\" data-id=\"cfc7844\" data-element_type=\"widget\" data-widget_type=\"text-editor.default\">\n\t\t\t\t\t\t\t\t\t<p data-start=\"2011\" data-end=\"2328\" class=\"translation-block\">En <strong data-start=\"2013\" data-end=\"2025\">Calopter<\/strong> ofrecemos un <strong data-start=\"2036\" data-end=\"2080\">servicio de drones para agricultura en Lleida<\/strong> enfocado en mejorar la gesti\u00f3n de los cultivos mediante tecnolog\u00eda de \u00faltima generaci\u00f3n. Nuestros <strong data-start=\"2177\" data-end=\"2196\">drones agr\u00edcolas<\/strong> equipados con sistemas <strong data-start=\"2219\" data-end=\"2252\">RTK y c\u00e1maras multiespectrales<\/strong> permiten obtener mapas de vigor (NDVI) e informaci\u00f3n precisa de tu campo.<\/p><p data-start=\"2335\" data-end=\"2587\" class=\"translation-block\">Nuestro <strong data-start=\"2345\" data-end=\"2389\">servicio de drones para agricultura en Lleida<\/strong> ayuda a agricultores y cooperativas a detectar estr\u00e9s h\u00eddrico, plagas o desequilibrios de nutrientes. Gracias a la <strong data-start=\"2500\" data-end=\"2525\">teledetecci\u00f3n agr\u00edcola<\/strong>, puedes optimizar riego, fertilizaci\u00f3n y rendimiento del cultivo.<\/p><p data-start=\"2594\" data-end=\"2802\" class=\"translation-block\">En Calopter trabajamos en toda la provincia de <strong data-start=\"2640\" data-end=\"2650\">Lleida<\/strong>, especialmente en las comarcas de <strong data-start=\"2685\" data-end=\"2730\">Segri\u00e0, Noguera, Pla d\u2019Urgell y Garrigues<\/strong>, ofreciendo un <strong data-start=\"2743\" data-end=\"2778\">servicio de drones para agricultura<\/strong> r\u00e1pido y profesional.<\/p><p data-start=\"2809\" data-end=\"3068\" class=\"translation-block\">Si buscas un <strong data-start=\"2823\" data-end=\"2867\">servicio de drones para agricultura en Lleida<\/strong> que te ayude a tomar decisiones basadas en datos, contacta con nosotros. En <strong data-start=\"2944\" data-end=\"2956\">Calopter<\/strong> combinamos experiencia, ingenier\u00eda y pasi\u00f3n por el campo para llevar la <strong data-start=\"3022\" data-end=\"3049\">agricultura de precisi\u00f3n<\/strong> al siguiente nivel.<\/p>\t\t\t\t\t\t\t\t<\/div>\n\t\t\t\t<\/div>\n\t\t<div class=\"elementor-element elementor-element-a670ae7 e-con-full e-flex e-con e-child\" data-id=\"a670ae7\" data-element_type=\"container\" data-settings=\"{&quot;_ha_eqh_enable&quot;:false}\">\n\t\t<div class=\"elementor-element elementor-element-9ac2a78 e-con-full e-flex e-con e-child\" data-id=\"9ac2a78\" data-element_type=\"container\" data-settings=\"{&quot;_ha_eqh_enable&quot;:false}\">\n\t\t\t\t<div class=\"elementor-element elementor-element-19b00ea elementor-widget elementor-widget-image\" data-id=\"19b00ea\" data-element_type=\"widget\" data-widget_type=\"image.default\">\n\t\t\t\t\t\t\t\t\t\t\t\t\t\t\t<img fetchpriority=\"high\" decoding=\"async\" width=\"722\" height=\"400\" src=\"https:\/\/www.calopter.com\/wp-content\/uploads\/2025\/07\/an-aerial-view-of-a-drone-flying-over-lush-green-rice-fields-under-a-clear-blue-sky-showcasing-modern-agriculture-technology-photo.jpeg\" class=\"attachment-large size-large wp-image-2479\" alt=\"\" srcset=\"https:\/\/www.calopter.com\/wp-content\/uploads\/2025\/07\/an-aerial-view-of-a-drone-flying-over-lush-green-rice-fields-under-a-clear-blue-sky-showcasing-modern-agriculture-technology-photo-18x10.jpeg 18w, https:\/\/www.calopter.com\/wp-content\/uploads\/2025\/07\/an-aerial-view-of-a-drone-flying-over-lush-green-rice-fields-under-a-clear-blue-sky-showcasing-modern-agriculture-technology-photo-300x166.jpeg 300w, https:\/\/www.calopter.com\/wp-content\/uploads\/2025\/07\/an-aerial-view-of-a-drone-flying-over-lush-green-rice-fields-under-a-clear-blue-sky-showcasing-modern-agriculture-technology-photo.jpeg 722w\" sizes=\"(max-width: 722px) 100vw, 722px\" \/>\t\t\t\t\t\t\t\t\t\t\t\t\t\t\t<\/div>\n\t\t\t\t<\/div>\n\t\t<div class=\"elementor-element elementor-element-2ebad95 e-con-full e-flex e-con e-child\" data-id=\"2ebad95\" data-element_type=\"container\" data-settings=\"{&quot;_ha_eqh_enable&quot;:false}\">\n\t\t\t\t<div class=\"elementor-element elementor-element-a65759b elementor-widget elementor-widget-image\" data-id=\"a65759b\" data-element_type=\"widget\" data-widget_type=\"image.default\">\n\t\t\t\t\t\t\t\t\t\t\t\t\t\t\t<img decoding=\"async\" width=\"1024\" height=\"767\" src=\"https:\/\/www.calopter.com\/wp-content\/uploads\/2025\/08\/DJI_20250824174835_0013_D-1024x767.jpg\" class=\"attachment-large size-large wp-image-3049\" alt=\"\" srcset=\"https:\/\/www.calopter.com\/wp-content\/uploads\/2025\/08\/DJI_20250824174835_0013_D-16x12.jpg 16w, https:\/\/www.calopter.com\/wp-content\/uploads\/2025\/08\/DJI_20250824174835_0013_D-300x225.jpg 300w, https:\/\/www.calopter.com\/wp-content\/uploads\/2025\/08\/DJI_20250824174835_0013_D-768x575.jpg 768w, https:\/\/www.calopter.com\/wp-content\/uploads\/2025\/08\/DJI_20250824174835_0013_D-1024x767.jpg 1024w, https:\/\/www.calopter.com\/wp-content\/uploads\/2025\/08\/DJI_20250824174835_0013_D-1536x1151.jpg 1536w\" sizes=\"(max-width: 1024px) 100vw, 1024px\" \/>\t\t\t\t\t\t\t\t\t\t\t\t\t\t\t<\/div>\n\t\t\t\t<\/div>\n\t\t\t\t<\/div>\n\t\t\t\t\t<\/div>\n\t\t\t\t<\/div>\n\t\t<div class=\"elementor-element elementor-element-50614606 e-flex e-con-boxed e-con e-parent\" data-id=\"50614606\" data-element_type=\"container\" data-settings=\"{&quot;_ha_eqh_enable&quot;:false}\">\n\t\t\t\t\t<div class=\"e-con-inner\">\n\t\t\t\t<div class=\"elementor-element elementor-element-49127643 elementor-widget elementor-widget-text-editor\" data-id=\"49127643\" data-element_type=\"widget\" data-widget_type=\"text-editor.default\">\n\t\t\t\t\t\t\t\t\t<h5>\u00bfQuieres optimizar tus recursos con tecnolog\u00eda avanzada? Contacte hoy mismo con nosotros para explorar c\u00f3mo nuestros servicios pueden mejorar el rendimiento de su producci\u00f3n.<\/h5>\t\t\t\t\t\t\t\t<\/div>\n\t\t\t\t<div class=\"elementor-element elementor-element-829b9af elementor-button-success elementor-align-center elementor-widget elementor-widget-button\" data-id=\"829b9af\" data-element_type=\"widget\" data-widget_type=\"button.default\">\n\t\t\t\t\t\t\t\t\t\t<a class=\"elementor-button elementor-button-link elementor-size-sm\" href=\"https:\/\/www.calopter.com\/esp\/contact\/\">\n\t\t\t\t\t\t<span class=\"elementor-button-content-wrapper\">\n\t\t\t\t\t\t\t\t\t<span class=\"elementor-button-text\">Contacta con nosotros<\/span>\n\t\t\t\t\t<\/span>\n\t\t\t\t\t<\/a>\n\t\t\t\t\t\t\t\t<\/div>\n\t\t\t\t\t<\/div>\n\t\t\t\t<\/div>\n\t\t\t\t<\/div>","protected":false},"excerpt":{"rendered":"<p>Servei de drons i mapeig de cultius per agricultura a Lleida: tecnologia per optimitzar els teus cultius A Calopter oferim<\/p>","protected":false},"author":1,"featured_media":0,"parent":0,"menu_order":0,"comment_status":"closed","ping_status":"closed","template":"","meta":{"site-sidebar-layout":"no-sidebar","site-content-layout":"","ast-site-content-layout":"full-width-container","site-content-style":"default","site-sidebar-style":"default","ast-global-header-display":"","ast-banner-title-visibility":"","ast-main-header-display":"","ast-hfb-above-header-display":"","ast-hfb-below-header-display":"","ast-hfb-mobile-header-display":"","site-post-title":"disabled","ast-breadcrumbs-content":"","ast-featured-img":"disabled","footer-sml-layout":"","theme-transparent-header-meta":"default","adv-header-id-meta":"","stick-header-meta":"","header-above-stick-meta":"","header-main-stick-meta":"","header-below-stick-meta":"","astra-migrate-meta-layouts":"set","ast-page-background-enabled":"default","ast-page-background-meta":{"desktop":{"background-color":"var(--ast-global-color-4)","background-image":"","background-repeat":"repeat","background-position":"center center","background-size":"auto","background-attachment":"scroll","background-type":"","background-media":"","overlay-type":"","overlay-color":"","overlay-opacity":"","overlay-gradient":""},"tablet":{"background-color":"","background-image":"","background-repeat":"repeat","background-position":"center center","background-size":"auto","background-attachment":"scroll","background-type":"","background-media":"","overlay-type":"","overlay-color":"","overlay-opacity":"","overlay-gradient":""},"mobile":{"background-color":"","background-image":"","background-repeat":"repeat","background-position":"center center","background-size":"auto","background-attachment":"scroll","background-type":"","background-media":"","overlay-type":"","overlay-color":"","overlay-opacity":"","overlay-gradient":""}},"ast-content-background-meta":{"desktop":{"background-color":"var(--ast-global-color-5)","background-image":"","background-repeat":"repeat","background-position":"center center","background-size":"auto","background-attachment":"scroll","background-type":"","background-media":"","overlay-type":"","overlay-color":"","overlay-opacity":"","overlay-gradient":""},"tablet":{"background-color":"var(--ast-global-color-5)","background-image":"","background-repeat":"repeat","background-position":"center center","background-size":"auto","background-attachment":"scroll","background-type":"","background-media":"","overlay-type":"","overlay-color":"","overlay-opacity":"","overlay-gradient":""},"mobile":{"background-color":"var(--ast-global-color-5)","background-image":"","background-repeat":"repeat","background-position":"center center","background-size":"auto","background-attachment":"scroll","background-type":"","background-media":"","overlay-type":"","overlay-color":"","overlay-opacity":"","overlay-gradient":""}},"footnotes":""},"class_list":["post-3632","page","type-page","status-publish","hentry"],"_links":{"self":[{"href":"https:\/\/www.calopter.com\/esp\/wp-json\/wp\/v2\/pages\/3632","targetHints":{"allow":["GET"]}}],"collection":[{"href":"https:\/\/www.calopter.com\/esp\/wp-json\/wp\/v2\/pages"}],"about":[{"href":"https:\/\/www.calopter.com\/esp\/wp-json\/wp\/v2\/types\/page"}],"author":[{"embeddable":true,"href":"https:\/\/www.calopter.com\/esp\/wp-json\/wp\/v2\/users\/1"}],"replies":[{"embeddable":true,"href":"https:\/\/www.calopter.com\/esp\/wp-json\/wp\/v2\/comments?post=3632"}],"version-history":[{"count":15,"href":"https:\/\/www.calopter.com\/esp\/wp-json\/wp\/v2\/pages\/3632\/revisions"}],"predecessor-version":[{"id":3696,"href":"https:\/\/www.calopter.com\/esp\/wp-json\/wp\/v2\/pages\/3632\/revisions\/3696"}],"wp:attachment":[{"href":"https:\/\/www.calopter.com\/esp\/wp-json\/wp\/v2\/media?parent=3632"}],"curies":[{"name":"wp","href":"https:\/\/api.w.org\/{rel}","templated":true}]}}