{"id":3625,"date":"2025-10-13T20:39:46","date_gmt":"2025-10-13T18:39:46","guid":{"rendered":"https:\/\/www.calopter.com\/?page_id=3625"},"modified":"2026-02-22T22:54:56","modified_gmt":"2026-02-22T21:54:56","slug":"blog","status":"publish","type":"page","link":"https:\/\/www.calopter.com\/esp\/blog\/","title":{"rendered":"Blog"},"content":{"rendered":"<div data-elementor-type=\"wp-page\" data-elementor-id=\"3625\" class=\"elementor elementor-3625\" data-elementor-settings=\"{&quot;ha_cmc_init_switcher&quot;:&quot;no&quot;}\">\n\t\t\t\t<div class=\"elementor-element elementor-element-965bae7 e-flex e-con-boxed e-con e-parent\" data-id=\"965bae7\" data-element_type=\"container\" data-settings=\"{&quot;_ha_eqh_enable&quot;:false}\">\n\t\t\t\t\t<div class=\"e-con-inner\">\n\t\t<div class=\"elementor-element elementor-element-27e2c35 e-con-full e-flex e-con e-child\" data-id=\"27e2c35\" data-element_type=\"container\" data-settings=\"{&quot;_ha_eqh_enable&quot;:false}\">\n\t\t\t\t<div class=\"elementor-element elementor-element-b93db17 ha-card--top ha-card--tablet-top ha-card--mobile-top elementor-widget elementor-widget-ha-card happy-addon ha-card\" data-id=\"b93db17\" data-element_type=\"widget\" data-widget_type=\"ha-card.default\">\n\t\t\t\t<div class=\"elementor-widget-container\">\n\t\t\t\t\t\n\t\t\t\t\t<figure class=\"ha-card-figure\">\n\t\t\t\t<img fetchpriority=\"high\" decoding=\"async\" width=\"1024\" height=\"576\" src=\"https:\/\/www.calopter.com\/wp-content\/uploads\/2026\/02\/cartelFima-1024x576.jpg\" class=\"attachment-large size-large wp-image-3862\" alt=\"\" srcset=\"https:\/\/www.calopter.com\/wp-content\/uploads\/2026\/02\/cartelFima-18x10.jpg 18w, https:\/\/www.calopter.com\/wp-content\/uploads\/2026\/02\/cartelFima-300x169.jpg 300w, https:\/\/www.calopter.com\/wp-content\/uploads\/2026\/02\/cartelFima-768x432.jpg 768w, https:\/\/www.calopter.com\/wp-content\/uploads\/2026\/02\/cartelFima-1024x576.jpg 1024w, https:\/\/www.calopter.com\/wp-content\/uploads\/2026\/02\/cartelFima-1536x864.jpg 1536w\" sizes=\"(max-width: 1024px) 100vw, 1024px\" \/>\t\t\t\t\t\t\t<\/figure>\n\t\t\n\t\t<div class=\"ha-card-body\">\n\n\t\t\t<h1 class=\"ha-card-title\">Calopter participa en FIMA 2026 y en la Jornada T\u00e9cnica de ANAP sobre Agricultura de Precisi\u00f3n<\/h1>\n\t\t\t\t\t\t\t<div class=\"ha-card-text\">\n\t\t\t\t\t<p>Calopter participa a FIMA 2026 i a la Jornada T\u00e8cnica d\u2019ANAP sobre agricultura de precisi\u00f3. Descobreix com apliquem drons i sensors multiespectrals per optimitzar cultius.<\/p>\n\t\t\t\t<\/div>\n\t\t\t\n\t\t\t<a class=\"ha-btn\" href=\"https:\/\/www.calopter.com\/esp\/calopter-fima-2026-jornada-tecnica-anap\/\"><span class=\"ha-btn-text\">Leer m\u00e1s<\/span><\/a>\t\t<\/div>\n\t\t\t\t\t\t<\/div>\n\t\t\t\t<\/div>\n\t\t\t\t<\/div>\n\t\t<div class=\"elementor-element elementor-element-a8c92fa e-con-full e-flex e-con e-child\" data-id=\"a8c92fa\" data-element_type=\"container\" data-settings=\"{&quot;_ha_eqh_enable&quot;:false}\">\n\t\t\t\t<div class=\"elementor-element elementor-element-061c252 ha-card--top ha-card--tablet-top ha-card--mobile-top elementor-widget elementor-widget-ha-card happy-addon ha-card\" data-id=\"061c252\" data-element_type=\"widget\" data-widget_type=\"ha-card.default\">\n\t\t\t\t<div class=\"elementor-widget-container\">\n\t\t\t\t\t\n\t\t\t\t\t<figure class=\"ha-card-figure\">\n\t\t\t\t<img decoding=\"async\" width=\"722\" height=\"400\" src=\"https:\/\/www.calopter.com\/wp-content\/uploads\/2025\/07\/an-aerial-view-of-a-drone-flying-over-lush-green-rice-fields-under-a-clear-blue-sky-showcasing-modern-agriculture-technology-photo.jpeg\" class=\"attachment-large size-large wp-image-2479\" alt=\"\" srcset=\"https:\/\/www.calopter.com\/wp-content\/uploads\/2025\/07\/an-aerial-view-of-a-drone-flying-over-lush-green-rice-fields-under-a-clear-blue-sky-showcasing-modern-agriculture-technology-photo-18x10.jpeg 18w, https:\/\/www.calopter.com\/wp-content\/uploads\/2025\/07\/an-aerial-view-of-a-drone-flying-over-lush-green-rice-fields-under-a-clear-blue-sky-showcasing-modern-agriculture-technology-photo-300x166.jpeg 300w, https:\/\/www.calopter.com\/wp-content\/uploads\/2025\/07\/an-aerial-view-of-a-drone-flying-over-lush-green-rice-fields-under-a-clear-blue-sky-showcasing-modern-agriculture-technology-photo.jpeg 722w\" sizes=\"(max-width: 722px) 100vw, 722px\" \/>\t\t\t\t\t\t\t<\/figure>\n\t\t\n\t\t<div class=\"ha-card-body\">\n\n\t\t\t<h1 class=\"ha-card-title\">Servicio de drones para agricultura en Lleida: tecnolog\u00eda para optimizar tus cultivos.<\/h1>\n\t\t\t\t\t\t\t<div class=\"ha-card-text\">\n\t\t\t\t\t<p>En Calopter ofrecemos un servicio de drones para agricultura enfocado en mejorar la gesti\u00f3n y el rendimiento de los cultivos mediante tecnolog\u00eda de \u00faltima generaci\u00f3n.<\/p>\n\t\t\t\t<\/div>\n\t\t\t\n\t\t\t<a class=\"ha-btn\" href=\"https:\/\/www.calopter.com\/esp\/mapeig-de-cultius-amb-drons-a-lleida\/\"><span class=\"ha-btn-text\">Leer m\u00e1s<\/span><\/a>\t\t<\/div>\n\t\t\t\t\t\t<\/div>\n\t\t\t\t<\/div>\n\t\t\t\t<\/div>\n\t\t<div class=\"elementor-element elementor-element-cf1868d e-con-full e-flex e-con e-child\" data-id=\"cf1868d\" data-element_type=\"container\" data-settings=\"{&quot;_ha_eqh_enable&quot;:false}\">\n\t\t\t\t<div class=\"elementor-element elementor-element-b710c4e ha-card--top ha-card--tablet-top ha-card--mobile-top elementor-widget elementor-widget-ha-card happy-addon ha-card\" data-id=\"b710c4e\" data-element_type=\"widget\" data-widget_type=\"ha-card.default\">\n\t\t\t\t<div class=\"elementor-widget-container\">\n\t\t\t\t\t\n\t\t\t\t\t<figure class=\"ha-card-figure\">\n\t\t\t\t<img decoding=\"async\" width=\"1024\" height=\"631\" src=\"https:\/\/www.calopter.com\/wp-content\/uploads\/2025\/08\/Drone-inspection-of-power-line-1024x631.webp\" class=\"attachment-large size-large wp-image-2921\" alt=\"\" srcset=\"https:\/\/www.calopter.com\/wp-content\/uploads\/2025\/08\/Drone-inspection-of-power-line-18x12.webp 18w, https:\/\/www.calopter.com\/wp-content\/uploads\/2025\/08\/Drone-inspection-of-power-line-300x185.webp 300w, https:\/\/www.calopter.com\/wp-content\/uploads\/2025\/08\/Drone-inspection-of-power-line-768x473.webp 768w, https:\/\/www.calopter.com\/wp-content\/uploads\/2025\/08\/Drone-inspection-of-power-line-1024x631.webp 1024w, https:\/\/www.calopter.com\/wp-content\/uploads\/2025\/08\/Drone-inspection-of-power-line-1536x947.webp 1536w\" sizes=\"(max-width: 1024px) 100vw, 1024px\" \/>\t\t\t\t\t\t\t<\/figure>\n\t\t\n\t\t<div class=\"ha-card-body\">\n\n\t\t\t<h1 class=\"ha-card-title\">Servicio de inspecci\u00f3n con drones en Catalu\u00f1a: precisi\u00f3n, seguridad y eficiencia.<\/h1>\n\t\t\t\t\t\t\t<div class=\"ha-card-text\">\n\t\t\t\t\t<p>En Calopter ofrecemos un servicio de inspecci\u00f3n con drones en Catalu\u00f1a para empresas, ayuntamientos y profesionales que necesitan im\u00e1genes y datos t\u00e9cnicos de alta calidad sin riesgos ni interrupciones.<\/p>\n\t\t\t\t<\/div>\n\t\t\t\n\t\t\t<a class=\"ha-btn\" href=\"https:\/\/www.calopter.com\/esp\/serveis-dinspeccio-amb-drons-a-catalunya\/\"><span class=\"ha-btn-text\">Leer m\u00e1s<\/span><\/a>\t\t<\/div>\n\t\t\t\t\t\t<\/div>\n\t\t\t\t<\/div>\n\t\t\t\t<\/div>\n\t\t<div class=\"elementor-element elementor-element-4e0a32a e-con-full e-flex e-con e-child\" data-id=\"4e0a32a\" data-element_type=\"container\" data-settings=\"{&quot;_ha_eqh_enable&quot;:false}\">\n\t\t\t\t<div class=\"elementor-element elementor-element-3b24a96 ha-card--top ha-card--tablet-top ha-card--mobile-top elementor-widget elementor-widget-ha-card happy-addon ha-card\" data-id=\"3b24a96\" data-element_type=\"widget\" data-widget_type=\"ha-card.default\">\n\t\t\t\t<div class=\"elementor-widget-container\">\n\t\t\t\t\t\n\t\t\t\t\t<figure class=\"ha-card-figure\">\n\t\t\t\t<img loading=\"lazy\" decoding=\"async\" width=\"1024\" height=\"577\" src=\"https:\/\/www.calopter.com\/wp-content\/uploads\/2025\/10\/dron-mapa-mundi-1024x577.png\" class=\"attachment-large size-large wp-image-3674\" alt=\"\" srcset=\"https:\/\/www.calopter.com\/wp-content\/uploads\/2025\/10\/dron-mapa-mundi-18x10.png 18w, https:\/\/www.calopter.com\/wp-content\/uploads\/2025\/10\/dron-mapa-mundi-300x169.png 300w, https:\/\/www.calopter.com\/wp-content\/uploads\/2025\/10\/dron-mapa-mundi-768x433.png 768w, https:\/\/www.calopter.com\/wp-content\/uploads\/2025\/10\/dron-mapa-mundi-1024x577.png 1024w, https:\/\/www.calopter.com\/wp-content\/uploads\/2025\/10\/dron-mapa-mundi.png 1079w\" sizes=\"(max-width: 1024px) 100vw, 1024px\" \/>\t\t\t\t\t\t\t<\/figure>\n\t\t\n\t\t<div class=\"ha-card-body\">\n\n\t\t\t<h1 class=\"ha-card-title\">Calopter, Agricultura 4.0: el impacto de la agricultura 4.0 a nivel mundial.<\/h1>\n\t\t\t\t\t\t\t<div class=\"ha-card-text\">\n\t\t\t\t\t<p>En Calopter ofrecemos servicios de agricultura 4.0 a nivel nacional para ayudar a empresas a aumentrar la producci\u00f3n y ahorrar recursos.<\/p>\n\t\t\t\t<\/div>\n\t\t\t\n\t\t\t<a class=\"ha-btn\" href=\"https:\/\/www.calopter.com\/esp\/mapeig-de-cultius-amb-drons-a-lleida\/\"><span class=\"ha-btn-text\">Leer m\u00e1s<\/span><\/a>\t\t<\/div>\n\t\t\t\t\t\t<\/div>\n\t\t\t\t<\/div>\n\t\t\t\t<\/div>\n\t\t<div class=\"elementor-element elementor-element-d222070 e-con-full e-flex e-con e-child\" data-id=\"d222070\" data-element_type=\"container\" data-settings=\"{&quot;_ha_eqh_enable&quot;:false}\">\n\t\t\t\t<\/div>\n\t\t\t\t\t<\/div>\n\t\t\t\t<\/div>\n\t\t\t\t<\/div>","protected":false},"excerpt":{"rendered":"<p>Calopter participa a FIMA 2026 i a la Jornada T\u00e8cnica d\u2019ANAP sobre Agricultura de Precisi\u00f3 Calopter participa a FIMA 2026<\/p>","protected":false},"author":1,"featured_media":0,"parent":0,"menu_order":0,"comment_status":"closed","ping_status":"closed","template":"","meta":{"site-sidebar-layout":"no-sidebar","site-content-layout":"","ast-site-content-layout":"full-width-container","site-content-style":"default","site-sidebar-style":"default","ast-global-header-display":"","ast-banner-title-visibility":"","ast-main-header-display":"","ast-hfb-above-header-display":"","ast-hfb-below-header-display":"","ast-hfb-mobile-header-display":"","site-post-title":"disabled","ast-breadcrumbs-content":"","ast-featured-img":"disabled","footer-sml-layout":"","theme-transparent-header-meta":"default","adv-header-id-meta":"","stick-header-meta":"","header-above-stick-meta":"","header-main-stick-meta":"","header-below-stick-meta":"","astra-migrate-meta-layouts":"set","ast-page-background-enabled":"default","ast-page-background-meta":{"desktop":{"background-color":"var(--ast-global-color-4)","background-image":"","background-repeat":"repeat","background-position":"center center","background-size":"auto","background-attachment":"scroll","background-type":"","background-media":"","overlay-type":"","overlay-color":"","overlay-opacity":"","overlay-gradient":""},"tablet":{"background-color":"","background-image":"","background-repeat":"repeat","background-position":"center center","background-size":"auto","background-attachment":"scroll","background-type":"","background-media":"","overlay-type":"","overlay-color":"","overlay-opacity":"","overlay-gradient":""},"mobile":{"background-color":"","background-image":"","background-repeat":"repeat","background-position":"center center","background-size":"auto","background-attachment":"scroll","background-type":"","background-media":"","overlay-type":"","overlay-color":"","overlay-opacity":"","overlay-gradient":""}},"ast-content-background-meta":{"desktop":{"background-color":"var(--ast-global-color-5)","background-image":"","background-repeat":"repeat","background-position":"center center","background-size":"auto","background-attachment":"scroll","background-type":"","background-media":"","overlay-type":"","overlay-color":"","overlay-opacity":"","overlay-gradient":""},"tablet":{"background-color":"var(--ast-global-color-5)","background-image":"","background-repeat":"repeat","background-position":"center center","background-size":"auto","background-attachment":"scroll","background-type":"","background-media":"","overlay-type":"","overlay-color":"","overlay-opacity":"","overlay-gradient":""},"mobile":{"background-color":"var(--ast-global-color-5)","background-image":"","background-repeat":"repeat","background-position":"center center","background-size":"auto","background-attachment":"scroll","background-type":"","background-media":"","overlay-type":"","overlay-color":"","overlay-opacity":"","overlay-gradient":""}},"footnotes":""},"class_list":["post-3625","page","type-page","status-publish","hentry"],"_links":{"self":[{"href":"https:\/\/www.calopter.com\/esp\/wp-json\/wp\/v2\/pages\/3625","targetHints":{"allow":["GET"]}}],"collection":[{"href":"https:\/\/www.calopter.com\/esp\/wp-json\/wp\/v2\/pages"}],"about":[{"href":"https:\/\/www.calopter.com\/esp\/wp-json\/wp\/v2\/types\/page"}],"author":[{"embeddable":true,"href":"https:\/\/www.calopter.com\/esp\/wp-json\/wp\/v2\/users\/1"}],"replies":[{"embeddable":true,"href":"https:\/\/www.calopter.com\/esp\/wp-json\/wp\/v2\/comments?post=3625"}],"version-history":[{"count":38,"href":"https:\/\/www.calopter.com\/esp\/wp-json\/wp\/v2\/pages\/3625\/revisions"}],"predecessor-version":[{"id":3880,"href":"https:\/\/www.calopter.com\/esp\/wp-json\/wp\/v2\/pages\/3625\/revisions\/3880"}],"wp:attachment":[{"href":"https:\/\/www.calopter.com\/esp\/wp-json\/wp\/v2\/media?parent=3625"}],"curies":[{"name":"wp","href":"https:\/\/api.w.org\/{rel}","templated":true}]}}