{"id":2742,"date":"2025-08-14T18:16:31","date_gmt":"2025-08-14T16:16:31","guid":{"rendered":"https:\/\/www.calopter.com\/?page_id=2742"},"modified":"2025-09-09T17:53:28","modified_gmt":"2025-09-09T15:53:28","slug":"lequip","status":"publish","type":"page","link":"https:\/\/www.calopter.com\/esp\/lequip\/","title":{"rendered":"El equipo"},"content":{"rendered":"<div data-elementor-type=\"wp-page\" data-elementor-id=\"2742\" class=\"elementor elementor-2742\" data-elementor-settings=\"{&quot;ha_cmc_init_switcher&quot;:&quot;no&quot;}\">\n\t\t\t\t<div class=\"elementor-element elementor-element-1df5222 e-flex e-con-boxed e-con e-parent\" data-id=\"1df5222\" data-element_type=\"container\" data-settings=\"{&quot;background_background&quot;:&quot;classic&quot;,&quot;_ha_eqh_enable&quot;:false}\">\n\t\t\t\t\t<div class=\"e-con-inner\">\n\t\t\t\t<div class=\"elementor-element elementor-element-afda41b elementor-widget elementor-widget-heading\" data-id=\"afda41b\" data-element_type=\"widget\" data-widget_type=\"heading.default\">\n\t\t\t\t\t<h2 class=\"elementor-heading-title elementor-size-default\">El equipo<\/h2>\t\t\t\t<\/div>\n\t\t\t\t\t<\/div>\n\t\t\t\t<\/div>\n\t\t<div class=\"elementor-element elementor-element-4dced49 e-grid e-con-boxed e-con e-parent\" data-id=\"4dced49\" data-element_type=\"container\" data-settings=\"{&quot;_ha_eqh_enable&quot;:&quot;yes&quot;,&quot;_ha_eqh_widget&quot;:[&quot;text-editor&quot;,&quot;html&quot;,&quot;heading&quot;],&quot;_ha_eqh_to&quot;:&quot;widget&quot;,&quot;_ha_eqh_disable_on_tablet&quot;:&quot;no&quot;,&quot;_ha_eqh_disable_on_mobile&quot;:&quot;yes&quot;}\">\n\t\t\t\t\t<div class=\"e-con-inner\">\n\t\t<div class=\"elementor-element elementor-element-9da6ac2 e-flex e-con-boxed e-con e-child\" data-id=\"9da6ac2\" data-element_type=\"container\" data-settings=\"{&quot;background_background&quot;:&quot;classic&quot;,&quot;_ha_eqh_enable&quot;:false}\">\n\t\t\t\t\t<div class=\"e-con-inner\">\n\t\t\t\t<div class=\"elementor-element elementor-element-91d5f5e Card-section elementor-widget elementor-widget-text-editor\" data-id=\"91d5f5e\" data-element_type=\"widget\" data-widget_type=\"text-editor.default\">\n\t\t\t\t\t\t\t\t\t<p style=\"text-align: center;\" data-pm-slice=\"1 1 []\"><span style=\"color: #ffffff;\">Especialista en hacer realidad las ideas m\u00e1s complejas, domina la parte tecnol\u00f3gica en <em>software<\/em> y en <em>hardware<\/em>. Es la mente inquieta que encuentra soluciones efectivas a cualquier reto t\u00e9cnico.\u00a0<\/span><\/p>\t\t\t\t\t\t\t\t<\/div>\n\t\t\t\t<div class=\"elementor-element elementor-element-e97ed67 elementor-widget elementor-widget-html\" data-id=\"e97ed67\" data-element_type=\"widget\" data-widget_type=\"html.default\">\n\t\t\t\t\t<style>\n   .Card-section {\n            opacity: 0;\n            transition: 1.5s ease-in-out;\n        }\n.Card-section:hover {\n            opacity: 1;\n        } \n<\/style>\n\t\t\t\t<\/div>\n\t\t\t\t<div class=\"elementor-element elementor-element-0d5706a elementor-widget elementor-widget-heading\" data-id=\"0d5706a\" data-element_type=\"widget\" data-widget_type=\"heading.default\">\n\t\t\t\t\t<h2 class=\"elementor-heading-title elementor-size-default\">Gabriel Mourad <br> Ingeniero Electr\u00f3nico<\/h2>\t\t\t\t<\/div>\n\t\t\t\t\t<\/div>\n\t\t\t\t<\/div>\n\t\t<div class=\"elementor-element elementor-element-c4b11bb e-flex e-con-boxed e-con e-child\" data-id=\"c4b11bb\" data-element_type=\"container\" data-settings=\"{&quot;background_background&quot;:&quot;classic&quot;,&quot;_ha_eqh_enable&quot;:false}\">\n\t\t\t\t\t<div class=\"e-con-inner\">\n\t\t\t\t<div class=\"elementor-element elementor-element-afc2845 Card-section elementor-widget elementor-widget-text-editor\" data-id=\"afc2845\" data-element_type=\"widget\" data-widget_type=\"text-editor.default\">\n\t\t\t\t\t\t\t\t\t<p style=\"text-align: center;\" data-pm-slice=\"1 1 []\"><span style=\"color: #ffffff;\">Pensador y met\u00f3dico, convierte datos complejos en herramientas \u00fatiles para la toma de decisiones. Desarrolla aplicaciones y procesos que permiten aprovechar al m\u00e1ximo la informaci\u00f3n recopilada.<\/span><\/p>\t\t\t\t\t\t\t\t<\/div>\n\t\t\t\t<div class=\"elementor-element elementor-element-5843c36 elementor-widget elementor-widget-html\" data-id=\"5843c36\" data-element_type=\"widget\" data-widget_type=\"html.default\">\n\t\t\t\t\t<style>\n   .Card-section {\n            opacity: 0;\n            transition: 1.5s ease-in-out;\n        }\n.Card-section:hover {\n            opacity: 1;\n        } \n<\/style>\n\t\t\t\t<\/div>\n\t\t\t\t<div class=\"elementor-element elementor-element-4307cc2 elementor-widget elementor-widget-heading\" data-id=\"4307cc2\" data-element_type=\"widget\" data-widget_type=\"heading.default\">\n\t\t\t\t\t<h2 class=\"elementor-heading-title elementor-size-default\">\u00c0lex C\u00e1rdenas <br> Ingeniero Biol\u00f3gico<\/h2>\t\t\t\t<\/div>\n\t\t\t\t\t<\/div>\n\t\t\t\t<\/div>\n\t\t<div class=\"elementor-element elementor-element-27b7f0e e-con-full e-flex e-con e-child\" data-id=\"27b7f0e\" data-element_type=\"container\" data-settings=\"{&quot;background_background&quot;:&quot;classic&quot;,&quot;_ha_eqh_enable&quot;:false}\">\n\t\t\t\t<div class=\"elementor-element elementor-element-dbe4198 Card-section elementor-widget elementor-widget-text-editor\" data-id=\"dbe4198\" data-element_type=\"widget\" data-widget_type=\"text-editor.default\">\n\t\t\t\t\t\t\t\t\t<p style=\"text-align: center;\"><span style=\"color: #ffffff;\">Con experiencia en liderazgo de equipos y gesti\u00f3n de clientes, es el punto de conexi\u00f3n entre el proyecto y el mercado. Aporta visi\u00f3n global, conocimiento del sector agr\u00edcola y capacidad para establecer relaciones s\u00f3lidas con los clientes.<\/span><\/p>\t\t\t\t\t\t\t\t<\/div>\n\t\t\t\t<div class=\"elementor-element elementor-element-9ff166f elementor-widget elementor-widget-html\" data-id=\"9ff166f\" data-element_type=\"widget\" data-widget_type=\"html.default\">\n\t\t\t\t\t<style>\n   .Card-section {\n            opacity: 0;\n            transition: 1.5s ease-in-out;\n        }\n.Card-section:hover {\n            opacity: 1;\n        } \n<\/style>\n\t\t\t\t<\/div>\n\t\t\t\t<div class=\"elementor-element elementor-element-3c65109 elementor-widget elementor-widget-heading\" data-id=\"3c65109\" data-element_type=\"widget\" data-widget_type=\"heading.default\">\n\t\t\t\t\t<h2 class=\"elementor-heading-title elementor-size-default\">Carlos Serrano <br> Director comercial<\/h2>\t\t\t\t<\/div>\n\t\t\t\t<\/div>\n\t\t<div class=\"elementor-element elementor-element-f6b5bf3 e-con-full e-flex e-con e-child\" data-id=\"f6b5bf3\" data-element_type=\"container\" data-settings=\"{&quot;background_background&quot;:&quot;classic&quot;,&quot;_ha_eqh_enable&quot;:false}\">\n\t\t\t\t<div class=\"elementor-element elementor-element-9db0620 Card-section elementor-widget elementor-widget-text-editor\" data-id=\"9db0620\" data-element_type=\"widget\" data-widget_type=\"text-editor.default\">\n\t\t\t\t\t\t\t\t\t<p style=\"text-align: center;\"><span style=\"color: #ffffff;\">Es quien vela para que cada proyecto cumpla con los est\u00e1ndares m\u00e1s exigentes, analizando cada detalle con precisi\u00f3n. Tiene una mirada cr\u00edtica y constructiva que garantiza que nuestras soluciones sean \u00fatiles, seguras y responsables.<\/span><\/p>\t\t\t\t\t\t\t\t<\/div>\n\t\t\t\t<div class=\"elementor-element elementor-element-f6f5940 elementor-widget elementor-widget-html\" data-id=\"f6f5940\" data-element_type=\"widget\" data-widget_type=\"html.default\">\n\t\t\t\t\t<style>\n   .Card-section {\n            opacity: 0;\n            transition: 1.5s ease-in-out;\n        }\n.Card-section:hover {\n            opacity: 1;\n        } \n<\/style>\n\t\t\t\t<\/div>\n\t\t\t\t<div class=\"elementor-element elementor-element-6fe9257 elementor-widget elementor-widget-heading\" data-id=\"6fe9257\" data-element_type=\"widget\" data-widget_type=\"heading.default\">\n\t\t\t\t\t<h2 class=\"elementor-heading-title elementor-size-default\">Pau Soria  <br>T\u00e9cnico de operaciones<\/h2>\t\t\t\t<\/div>\n\t\t\t\t<\/div>\n\t\t<div class=\"elementor-element elementor-element-352face e-flex e-con-boxed e-con e-child\" data-id=\"352face\" data-element_type=\"container\" data-settings=\"{&quot;background_background&quot;:&quot;classic&quot;,&quot;_ha_eqh_enable&quot;:false}\">\n\t\t\t\t\t<div class=\"e-con-inner\">\n\t\t\t\t<div class=\"elementor-element elementor-element-5c145ae Card-section elementor-widget elementor-widget-text-editor\" data-id=\"5c145ae\" data-element_type=\"widget\" data-widget_type=\"text-editor.default\">\n\t\t\t\t\t\t\t\t\t<p style=\"text-align: center;\"><span style=\"color: #ffffff;\">Tiene una clara orientaci\u00f3n a resultados y sabe identificar las mejores oportunidades para hacer crecer el proyecto. Combina visi\u00f3n empresarial con conocimiento t\u00e9cnico para lograr el m\u00e1ximo rendimiento.\u00a0<\/span> \u00a0 \u00a0 \u00a0 \u00a0 \u00a0 \u00a0 \u00a0 \u00a0 \u00a0 \u00a0 \u00a0 \u00a0 \u00a0 \u00a0 \u00a0 \u00a0 \u00a0 \u00a0 \u00a0 \u00a0 \u00a0 \u00a0 \u00a0 \u00a0 \u00a0 \u00a0 \u00a0 \u00a0 \u00a0 \u00a0 \u00a0 \u00a0 \u00a0 \u00a0 \u00a0 \u00a0 \u00a0 \u00a0 \u00a0<\/p>\t\t\t\t\t\t\t\t<\/div>\n\t\t\t\t<div class=\"elementor-element elementor-element-d2aae92 elementor-widget elementor-widget-html\" data-id=\"d2aae92\" data-element_type=\"widget\" data-widget_type=\"html.default\">\n\t\t\t\t\t<style>\n   .Card-section {\n            opacity: 0;\n            transition: 1.5s ease-in-out;\n        }\n.Card-section:hover {\n            opacity: 1;\n        } \n<\/style>\n\t\t\t\t<\/div>\n\t\t\t\t<div class=\"elementor-element elementor-element-1b1b871 elementor-widget elementor-widget-heading\" data-id=\"1b1b871\" data-element_type=\"widget\" data-widget_type=\"heading.default\">\n\t\t\t\t\t<h2 class=\"elementor-heading-title elementor-size-default\">Mart\u00ed Torras <br> T\u00e9cnico de operaciones<\/h2>\t\t\t\t<\/div>\n\t\t\t\t\t<\/div>\n\t\t\t\t<\/div>\n\t\t\t\t\t<\/div>\n\t\t\t\t<\/div>\n\t\t\t\t<\/div>","protected":false},"excerpt":{"rendered":"<p>L&#8217;equip Especialista a fer realitat les idees m\u00e9s complexes, domina la part tecnol\u00f2gica tant en software com en hardware. \u00c9s<\/p>","protected":false},"author":1,"featured_media":0,"parent":0,"menu_order":0,"comment_status":"closed","ping_status":"closed","template":"","meta":{"site-sidebar-layout":"no-sidebar","site-content-layout":"","ast-site-content-layout":"full-width-container","site-content-style":"default","site-sidebar-style":"default","ast-global-header-display":"","ast-banner-title-visibility":"","ast-main-header-display":"","ast-hfb-above-header-display":"","ast-hfb-below-header-display":"","ast-hfb-mobile-header-display":"","site-post-title":"disabled","ast-breadcrumbs-content":"","ast-featured-img":"disabled","footer-sml-layout":"","theme-transparent-header-meta":"","adv-header-id-meta":"","stick-header-meta":"","header-above-stick-meta":"","header-main-stick-meta":"","header-below-stick-meta":"","astra-migrate-meta-layouts":"default","ast-page-background-enabled":"default","ast-page-background-meta":{"desktop":{"background-color":"var(--ast-global-color-4)","background-image":"","background-repeat":"repeat","background-position":"center center","background-size":"auto","background-attachment":"scroll","background-type":"","background-media":"","overlay-type":"","overlay-color":"","overlay-opacity":"","overlay-gradient":""},"tablet":{"background-color":"","background-image":"","background-repeat":"repeat","background-position":"center center","background-size":"auto","background-attachment":"scroll","background-type":"","background-media":"","overlay-type":"","overlay-color":"","overlay-opacity":"","overlay-gradient":""},"mobile":{"background-color":"","background-image":"","background-repeat":"repeat","background-position":"center center","background-size":"auto","background-attachment":"scroll","background-type":"","background-media":"","overlay-type":"","overlay-color":"","overlay-opacity":"","overlay-gradient":""}},"ast-content-background-meta":{"desktop":{"background-color":"var(--ast-global-color-5)","background-image":"","background-repeat":"repeat","background-position":"center center","background-size":"auto","background-attachment":"scroll","background-type":"","background-media":"","overlay-type":"","overlay-color":"","overlay-opacity":"","overlay-gradient":""},"tablet":{"background-color":"var(--ast-global-color-5)","background-image":"","background-repeat":"repeat","background-position":"center center","background-size":"auto","background-attachment":"scroll","background-type":"","background-media":"","overlay-type":"","overlay-color":"","overlay-opacity":"","overlay-gradient":""},"mobile":{"background-color":"var(--ast-global-color-5)","background-image":"","background-repeat":"repeat","background-position":"center center","background-size":"auto","background-attachment":"scroll","background-type":"","background-media":"","overlay-type":"","overlay-color":"","overlay-opacity":"","overlay-gradient":""}},"footnotes":""},"class_list":["post-2742","page","type-page","status-publish","hentry"],"_links":{"self":[{"href":"https:\/\/www.calopter.com\/esp\/wp-json\/wp\/v2\/pages\/2742","targetHints":{"allow":["GET"]}}],"collection":[{"href":"https:\/\/www.calopter.com\/esp\/wp-json\/wp\/v2\/pages"}],"about":[{"href":"https:\/\/www.calopter.com\/esp\/wp-json\/wp\/v2\/types\/page"}],"author":[{"embeddable":true,"href":"https:\/\/www.calopter.com\/esp\/wp-json\/wp\/v2\/users\/1"}],"replies":[{"embeddable":true,"href":"https:\/\/www.calopter.com\/esp\/wp-json\/wp\/v2\/comments?post=2742"}],"version-history":[{"count":53,"href":"https:\/\/www.calopter.com\/esp\/wp-json\/wp\/v2\/pages\/2742\/revisions"}],"predecessor-version":[{"id":3545,"href":"https:\/\/www.calopter.com\/esp\/wp-json\/wp\/v2\/pages\/2742\/revisions\/3545"}],"wp:attachment":[{"href":"https:\/\/www.calopter.com\/esp\/wp-json\/wp\/v2\/media?parent=2742"}],"curies":[{"name":"wp","href":"https:\/\/api.w.org\/{rel}","templated":true}]}}