{"id":2356,"date":"2025-07-16T22:42:52","date_gmt":"2025-07-16T20:42:52","guid":{"rendered":"https:\/\/www.calopter.com\/?page_id=2356"},"modified":"2026-01-03T20:04:45","modified_gmt":"2026-01-03T19:04:45","slug":"serveis-denginyeria","status":"publish","type":"page","link":"https:\/\/www.calopter.com\/esp\/serveis-denginyeria\/","title":{"rendered":"Servicios de ingenier\u00eda"},"content":{"rendered":"<div data-elementor-type=\"wp-page\" data-elementor-id=\"2356\" class=\"elementor elementor-2356\" data-elementor-settings=\"{&quot;ha_cmc_init_switcher&quot;:&quot;no&quot;}\">\n\t\t\t\t<div class=\"elementor-element elementor-element-9fffe6a e-flex e-con-boxed e-con e-parent\" data-id=\"9fffe6a\" data-element_type=\"container\" data-settings=\"{&quot;background_background&quot;:&quot;classic&quot;,&quot;_ha_eqh_enable&quot;:false}\">\n\t\t\t\t\t<div class=\"e-con-inner\">\n\t\t<div class=\"elementor-element elementor-element-dcacf30 e-flex e-con-boxed e-con e-child\" data-id=\"dcacf30\" data-element_type=\"container\" data-settings=\"{&quot;_ha_eqh_enable&quot;:false}\">\n\t\t\t\t\t<div class=\"e-con-inner\">\n\t\t\t\t<div class=\"elementor-element elementor-element-279d847 elementor-widget elementor-widget-heading\" data-id=\"279d847\" data-element_type=\"widget\" data-widget_type=\"heading.default\">\n\t\t\t\t\t<h1 class=\"elementor-heading-title elementor-size-default\">Servicios de ingenier\u00eda<\/h1>\t\t\t\t<\/div>\n\t\t\t\t<div class=\"elementor-element elementor-element-3946062 elementor-widget elementor-widget-text-editor\" data-id=\"3946062\" data-element_type=\"widget\" data-widget_type=\"text-editor.default\">\n\t\t\t\t\t\t\t\t\t<p data-start=\"373\" data-end=\"521\"><strong data-start=\"373\" data-end=\"521\">En Calopter ofrecemos servicios de ingenier\u00eda especializada basados en un s\u00f3lido conocimiento t\u00e9cnico y una infraestructura computacional de alto rendimiento.<\/strong><\/p><p data-start=\"528\" data-end=\"715\">Nuestro equipo combina experiencia en ingenier\u00eda con herramientas avanzadas para el an\u00e1lisis, el procesamiento y la gesti\u00f3n de datos, aplicables a proyectos industriales, energ\u00e9ticos y de obra civil.<\/p><p data-start=\"722\" data-end=\"1071\" class=\"translation-block\">Disponemos de una amplia experiencia en el <strong data-start=\"762\" data-end=\"833\">dise\u00f1o y c\u00e1lculo t\u00e9cnico de sistemas, equipos y procesos industriales<\/strong>, as\u00ed como en la <strong data-start=\"850\" data-end=\"930\">integraci\u00f3n de instalaciones el\u00e9ctricas, electr\u00f3nicas y sistemas autom\u00e1ticos<\/strong>. Tambi\u00e9n desarrollamos <strong data-start=\"951\" data-end=\"1005\">estudios y c\u00e1lculos de ingenier\u00eda civil y estructural<\/strong>, apoyando t\u00e9cnicamente a proyectos de infraestructura y edificaci\u00f3n.<\/p><p data-start=\"1078\" data-end=\"1316\" class=\"translation-block\">Desarrollamos proyectos, legalizaciones, direcci\u00f3n t\u00e9cnica e informes especializados, abordando proyectos complejos con rigor, eficiencia y cumplimiento normativo, ofreciendo <strong data-start=\"1246\" data-end=\"1315\">soluciones adaptadas a las necesidades espec\u00edficas de cada cliente<\/strong>.<\/p>\t\t\t\t\t\t\t\t<\/div>\n\t\t\t\t\t<\/div>\n\t\t\t\t<\/div>\n\t\t\t\t\t<\/div>\n\t\t\t\t<\/div>\n\t\t<div class=\"elementor-element elementor-element-b09ce23 e-flex e-con-boxed e-con e-parent\" data-id=\"b09ce23\" data-element_type=\"container\" data-settings=\"{&quot;background_background&quot;:&quot;classic&quot;,&quot;_ha_eqh_enable&quot;:false}\">\n\t\t\t\t\t<div class=\"e-con-inner\">\n\t\t<div class=\"elementor-element elementor-element-9b5d093 e-con-full e-flex e-con e-child\" data-id=\"9b5d093\" data-element_type=\"container\" data-settings=\"{&quot;_ha_eqh_enable&quot;:false}\">\n\t\t<div class=\"elementor-element elementor-element-d1f2e9f e-grid e-con-full e-con e-child\" data-id=\"d1f2e9f\" data-element_type=\"container\" data-settings=\"{&quot;_ha_eqh_enable&quot;:false}\">\n\t\t<div class=\"elementor-element elementor-element-16abc2b e-con-full e-flex e-con e-child\" data-id=\"16abc2b\" data-element_type=\"container\" data-settings=\"{&quot;_ha_eqh_enable&quot;:false}\">\n\t\t\t\t<div class=\"elementor-element elementor-element-279f99c elementor-widget elementor-widget-heading\" data-id=\"279f99c\" data-element_type=\"widget\" data-widget_type=\"heading.default\">\n\t\t\t\t\t<h2 class=\"elementor-heading-title elementor-size-default\">Ingenier\u00eda industrial, civil y estructural<\/h2>\t\t\t\t<\/div>\n\t\t\t\t<div class=\"elementor-element elementor-element-0c8d9c7 elementor-widget elementor-widget-text-editor\" data-id=\"0c8d9c7\" data-element_type=\"widget\" data-widget_type=\"text-editor.default\">\n\t\t\t\t\t\t\t\t\t<p>Dise\u00f1o y c\u00e1lculo t\u00e9cnico de sistemas, c\u00e1lculo estructural, dimensionado de componentes, etc.<\/p>\t\t\t\t\t\t\t\t<\/div>\n\t\t\t\t<\/div>\n\t\t<div class=\"elementor-element elementor-element-b48d613 e-con-full e-flex e-con e-child\" data-id=\"b48d613\" data-element_type=\"container\" data-settings=\"{&quot;_ha_eqh_enable&quot;:false}\">\n\t\t\t\t<div class=\"elementor-element elementor-element-77d7f99 elementor-widget elementor-widget-heading\" data-id=\"77d7f99\" data-element_type=\"widget\" data-widget_type=\"heading.default\">\n\t\t\t\t\t<h2 class=\"elementor-heading-title elementor-size-default\">Instalaciones el\u00e9ctricas y sistemas energ\u00e9ticos\n<\/h2>\t\t\t\t<\/div>\n\t\t\t\t<div class=\"elementor-element elementor-element-2d35ebd elementor-widget elementor-widget-text-editor\" data-id=\"2d35ebd\" data-element_type=\"widget\" data-widget_type=\"text-editor.default\">\n\t\t\t\t\t\t\t\t\t<p>Proyectos y c\u00e1lculos de instalaciones el\u00e9ctricas BT y MT, correcci\u00f3n del factor de potencia, etc.<\/p>\t\t\t\t\t\t\t\t<\/div>\n\t\t\t\t<\/div>\n\t\t<div class=\"elementor-element elementor-element-42db063 e-con-full e-flex e-con e-child\" data-id=\"42db063\" data-element_type=\"container\" data-settings=\"{&quot;_ha_eqh_enable&quot;:false}\">\n\t\t\t\t<div class=\"elementor-element elementor-element-856bd3d elementor-widget elementor-widget-heading\" data-id=\"856bd3d\" data-element_type=\"widget\" data-widget_type=\"heading.default\">\n\t\t\t\t\t<h2 class=\"elementor-heading-title elementor-size-default\">Modelado, simulaci\u00f3n e ingenier\u00eda digital<\/h2>\t\t\t\t<\/div>\n\t\t\t\t<div class=\"elementor-element elementor-element-10797ba elementor-widget elementor-widget-text-editor\" data-id=\"10797ba\" data-element_type=\"widget\" data-widget_type=\"text-editor.default\">\n\t\t\t\t\t\t\t\t\t<p data-pm-slice=\"1 1 []\">Modelado y simulaci\u00f3n de sistemas, simulaci\u00f3n CFD y modelado 3D.<\/p>\t\t\t\t\t\t\t\t<\/div>\n\t\t\t\t<\/div>\n\t\t<div class=\"elementor-element elementor-element-62ad0fd e-con-full e-flex e-con e-child\" data-id=\"62ad0fd\" data-element_type=\"container\" data-settings=\"{&quot;_ha_eqh_enable&quot;:false}\">\n\t\t\t\t<div class=\"elementor-element elementor-element-c8a7ab8 elementor-widget elementor-widget-heading\" data-id=\"c8a7ab8\" data-element_type=\"widget\" data-widget_type=\"heading.default\">\n\t\t\t\t\t<h2 class=\"elementor-heading-title elementor-size-default\">Datos, automatizaci\u00f3n y sistemas inteligentes<\/h2>\t\t\t\t<\/div>\n\t\t\t\t<div class=\"elementor-element elementor-element-0c1435a elementor-widget elementor-widget-text-editor\" data-id=\"0c1435a\" data-element_type=\"widget\" data-widget_type=\"text-editor.default\">\n\t\t\t\t\t\t\t\t\t<p data-pm-slice=\"1 1 []\">An\u00e1lisis avanzados de datos, Big Data y Machine Learning, automatizaci\u00f3n de procesos y sistemas.<\/p>\t\t\t\t\t\t\t\t<\/div>\n\t\t\t\t<\/div>\n\t\t\t\t<\/div>\n\t\t\t\t<\/div>\n\t\t\t\t\t<\/div>\n\t\t\t\t<\/div>\n\t\t<div class=\"elementor-element elementor-element-44c2927 e-flex e-con-boxed e-con e-parent\" data-id=\"44c2927\" data-element_type=\"container\" data-settings=\"{&quot;_ha_eqh_enable&quot;:false}\">\n\t\t\t\t\t<div class=\"e-con-inner\">\n\t\t<div class=\"elementor-element elementor-element-9ea77ac e-flex e-con-boxed e-con e-child\" data-id=\"9ea77ac\" data-element_type=\"container\" data-settings=\"{&quot;background_background&quot;:&quot;slideshow&quot;,&quot;background_slideshow_gallery&quot;:[{&quot;id&quot;:3074,&quot;url&quot;:&quot;https:\\\/\\\/www.calopter.com\\\/wp-content\\\/uploads\\\/2025\\\/09\\\/Serv-ing2.jpg&quot;},{&quot;id&quot;:3073,&quot;url&quot;:&quot;https:\\\/\\\/www.calopter.com\\\/wp-content\\\/uploads\\\/2025\\\/09\\\/Serv-ing-scaled.jpg&quot;},{&quot;id&quot;:3076,&quot;url&quot;:&quot;https:\\\/\\\/www.calopter.com\\\/wp-content\\\/uploads\\\/2025\\\/09\\\/Serv-ing4.jpg&quot;},{&quot;id&quot;:3075,&quot;url&quot;:&quot;https:\\\/\\\/www.calopter.com\\\/wp-content\\\/uploads\\\/2025\\\/09\\\/Serv-ing3-scaled.jpg&quot;}],&quot;background_slideshow_loop&quot;:&quot;yes&quot;,&quot;background_slideshow_slide_duration&quot;:5000,&quot;background_slideshow_slide_transition&quot;:&quot;fade&quot;,&quot;background_slideshow_transition_duration&quot;:500,&quot;_ha_eqh_enable&quot;:false}\">\n\t\t\t\t\t<div class=\"e-con-inner\">\n\t\t\t\t\t<\/div>\n\t\t\t\t<\/div>\n\t\t\t\t\t<\/div>\n\t\t\t\t<\/div>\n\t\t<div class=\"elementor-element elementor-element-40a967c0 e-flex e-con-boxed e-con e-parent\" data-id=\"40a967c0\" data-element_type=\"container\" data-settings=\"{&quot;_ha_eqh_enable&quot;:false}\">\n\t\t\t\t\t<div class=\"e-con-inner\">\n\t\t\t\t<div class=\"elementor-element elementor-element-363dd1aa elementor-widget elementor-widget-text-editor\" data-id=\"363dd1aa\" data-element_type=\"widget\" data-widget_type=\"text-editor.default\">\n\t\t\t\t\t\t\t\t\t<h5>\u00bfQuieres optimizar tus recursos con tecnolog\u00eda avanzada? Pida presupuesto hoy mismo para explorar c\u00f3mo podemos colaborar.<\/h5>\t\t\t\t\t\t\t\t<\/div>\n\t\t\t\t<div class=\"elementor-element elementor-element-40936866 elementor-align-center elementor-widget elementor-widget-button\" data-id=\"40936866\" data-element_type=\"widget\" data-widget_type=\"button.default\">\n\t\t\t\t\t\t\t\t\t\t<a class=\"elementor-button elementor-button-link elementor-size-sm\" href=\"https:\/\/www.calopter.com\/esp\/contact\/\">\n\t\t\t\t\t\t<span class=\"elementor-button-content-wrapper\">\n\t\t\t\t\t\t\t\t\t<span class=\"elementor-button-text\">Solicite presupuesto<\/span>\n\t\t\t\t\t<\/span>\n\t\t\t\t\t<\/a>\n\t\t\t\t\t\t\t\t<\/div>\n\t\t\t\t\t<\/div>\n\t\t\t\t<\/div>\n\t\t<div class=\"elementor-element elementor-element-f1516d7 e-grid e-con-full e-con e-parent\" data-id=\"f1516d7\" data-element_type=\"container\" data-settings=\"{&quot;background_background&quot;:&quot;classic&quot;,&quot;_ha_eqh_enable&quot;:&quot;yes&quot;,&quot;_ha_eqh_widget&quot;:[&quot;text-editor&quot;],&quot;_ha_eqh_to&quot;:&quot;widget&quot;,&quot;_ha_eqh_disable_on_tablet&quot;:&quot;no&quot;,&quot;_ha_eqh_disable_on_mobile&quot;:&quot;yes&quot;}\">\n\t\t\t\t<div class=\"elementor-element elementor-element-339a535 elementor-widget elementor-widget-text-editor\" data-id=\"339a535\" data-element_type=\"widget\" data-widget_type=\"text-editor.default\">\n\t\t\t\t\t\t\t\t\t<h6><strong>Agricultura 4.0<\/strong><\/h6><ul><li>An\u00e1lisis multiespectral<\/li><li>Monitoraje inteligente y continuo<\/li><li>An\u00e1lisis visual del conreo\u00a0<\/li><li>Prevenci\u00f3n de plagas\u00a0<\/li><li>Optimizaci\u00f3n de recursos<\/li><li>Detecci\u00f3n precoz de plagas y enfermedades<\/li><\/ul>\t\t\t\t\t\t\t\t<\/div>\n\t\t\t\t<div class=\"elementor-element elementor-element-7385816 elementor-widget elementor-widget-text-editor\" data-id=\"7385816\" data-element_type=\"widget\" data-widget_type=\"text-editor.default\">\n\t\t\t\t\t\t\t\t\t<h6><span style=\"color: #333333;\"><a style=\"color: #333333;\" href=\"https:\/\/www.calopter.com\/esp\/geomatica-i-topografia\/\"><strong>Inspecciones y Topograf\u00eda<\/strong><\/a><\/span><\/h6><ul><li>R\u00e9plicas digitales 3D<\/li><li style=\"text-align: left;\">Inspecci\u00f3n visual de infraestructuras<\/li><li>Ortomosaicos georeferenciados<\/li><li>Modelos digitales de terreno y superf\u00edcie<\/li><\/ul>\t\t\t\t\t\t\t\t<\/div>\n\t\t\t\t<div class=\"elementor-element elementor-element-8ed2e59 elementor-widget elementor-widget-text-editor\" data-id=\"8ed2e59\" data-element_type=\"widget\" data-widget_type=\"text-editor.default\">\n\t\t\t\t\t\t\t\t\t<h6><span style=\"color: #333333;\"><a style=\"color: #333333;\" href=\"https:\/\/www.calopter.com\/esp\/serveis-denginyeria\/\"><strong style=\"font-size: 1rem; font-style: inherit;\">Servicios de ingenier\u00eda<\/strong><\/a><\/span><\/h6><ul><li>Procesado de datos<\/li><li>Modelaje y simulaci\u00f3n<\/li><li>C\u00e1lculos volum\u00e9tricos<\/li><li>Planificaci\u00f3n y an\u00e1lisi del suelo<\/li><li style=\"text-align: left;\">Documentaci\u00f3n fotogr\u00e1fica e informes t\u00e9cnicos<\/li><\/ul>\t\t\t\t\t\t\t\t<\/div>\n\t\t\t\t<div class=\"elementor-element elementor-element-b6add29 elementor-widget__width-initial elementor-widget elementor-widget-text-editor\" data-id=\"b6add29\" data-element_type=\"widget\" data-widget_type=\"text-editor.default\">\n\t\t\t\t\t\t\t\t\t<p><strong>Guinardo,(Barcelona 08027), ESP.\u00a0<\/strong><\/p><p><strong>Telf:<\/strong>+34 607804143<\/p><p><strong>Email:<\/strong><\/p><p>info@calopter.com\u00a0<\/p><p>carlos.serrano@calopter.com<\/p>\t\t\t\t\t\t\t\t<\/div>\n\t\t\t\t<\/div>\n\t\t\t\t<\/div>","protected":false},"excerpt":{"rendered":"<p>Serveis d&#8217;enginyeria A Calopter oferim serveis d\u2019enginyeria especialitzada basats en un s\u00f2lid coneixement t\u00e8cnic i una infraestructura computacional d\u2019alt rendiment.<\/p>","protected":false},"author":1,"featured_media":0,"parent":0,"menu_order":0,"comment_status":"closed","ping_status":"closed","template":"","meta":{"site-sidebar-layout":"no-sidebar","site-content-layout":"","ast-site-content-layout":"full-width-container","site-content-style":"default","site-sidebar-style":"default","ast-global-header-display":"","ast-banner-title-visibility":"","ast-main-header-display":"","ast-hfb-above-header-display":"","ast-hfb-below-header-display":"","ast-hfb-mobile-header-display":"","site-post-title":"disabled","ast-breadcrumbs-content":"","ast-featured-img":"disabled","footer-sml-layout":"","theme-transparent-header-meta":"default","adv-header-id-meta":"","stick-header-meta":"","header-above-stick-meta":"","header-main-stick-meta":"","header-below-stick-meta":"","astra-migrate-meta-layouts":"set","ast-page-background-enabled":"default","ast-page-background-meta":{"desktop":{"background-color":"var(--ast-global-color-4)","background-image":"","background-repeat":"repeat","background-position":"center center","background-size":"auto","background-attachment":"scroll","background-type":"","background-media":"","overlay-type":"","overlay-color":"","overlay-opacity":"","overlay-gradient":""},"tablet":{"background-color":"","background-image":"","background-repeat":"repeat","background-position":"center center","background-size":"auto","background-attachment":"scroll","background-type":"","background-media":"","overlay-type":"","overlay-color":"","overlay-opacity":"","overlay-gradient":""},"mobile":{"background-color":"","background-image":"","background-repeat":"repeat","background-position":"center center","background-size":"auto","background-attachment":"scroll","background-type":"","background-media":"","overlay-type":"","overlay-color":"","overlay-opacity":"","overlay-gradient":""}},"ast-content-background-meta":{"desktop":{"background-color":"var(--ast-global-color-5)","background-image":"","background-repeat":"repeat","background-position":"center center","background-size":"auto","background-attachment":"scroll","background-type":"","background-media":"","overlay-type":"","overlay-color":"","overlay-opacity":"","overlay-gradient":""},"tablet":{"background-color":"var(--ast-global-color-5)","background-image":"","background-repeat":"repeat","background-position":"center center","background-size":"auto","background-attachment":"scroll","background-type":"","background-media":"","overlay-type":"","overlay-color":"","overlay-opacity":"","overlay-gradient":""},"mobile":{"background-color":"var(--ast-global-color-5)","background-image":"","background-repeat":"repeat","background-position":"center center","background-size":"auto","background-attachment":"scroll","background-type":"","background-media":"","overlay-type":"","overlay-color":"","overlay-opacity":"","overlay-gradient":""}},"footnotes":""},"class_list":["post-2356","page","type-page","status-publish","hentry"],"_links":{"self":[{"href":"https:\/\/www.calopter.com\/esp\/wp-json\/wp\/v2\/pages\/2356","targetHints":{"allow":["GET"]}}],"collection":[{"href":"https:\/\/www.calopter.com\/esp\/wp-json\/wp\/v2\/pages"}],"about":[{"href":"https:\/\/www.calopter.com\/esp\/wp-json\/wp\/v2\/types\/page"}],"author":[{"embeddable":true,"href":"https:\/\/www.calopter.com\/esp\/wp-json\/wp\/v2\/users\/1"}],"replies":[{"embeddable":true,"href":"https:\/\/www.calopter.com\/esp\/wp-json\/wp\/v2\/comments?post=2356"}],"version-history":[{"count":129,"href":"https:\/\/www.calopter.com\/esp\/wp-json\/wp\/v2\/pages\/2356\/revisions"}],"predecessor-version":[{"id":3851,"href":"https:\/\/www.calopter.com\/esp\/wp-json\/wp\/v2\/pages\/2356\/revisions\/3851"}],"wp:attachment":[{"href":"https:\/\/www.calopter.com\/esp\/wp-json\/wp\/v2\/media?parent=2356"}],"curies":[{"name":"wp","href":"https:\/\/api.w.org\/{rel}","templated":true}]}}