{"id":2284,"date":"2025-07-11T15:59:29","date_gmt":"2025-07-11T13:59:29","guid":{"rendered":"https:\/\/www.calopter.com\/?page_id=2284"},"modified":"2026-01-03T19:07:44","modified_gmt":"2026-01-03T18:07:44","slug":"serveis","status":"publish","type":"page","link":"https:\/\/www.calopter.com\/esp\/serveis\/","title":{"rendered":"Servicios"},"content":{"rendered":"<div data-elementor-type=\"wp-page\" data-elementor-id=\"2284\" class=\"elementor elementor-2284\" data-elementor-settings=\"{&quot;ha_cmc_init_switcher&quot;:&quot;no&quot;}\">\n\t\t\t\t<div class=\"elementor-element elementor-element-9709a2b e-flex e-con-boxed e-con e-parent\" data-id=\"9709a2b\" data-element_type=\"container\" data-settings=\"{&quot;background_background&quot;:&quot;classic&quot;,&quot;_ha_eqh_enable&quot;:false}\">\n\t\t\t\t\t<div class=\"e-con-inner\">\n\t\t<div class=\"elementor-element elementor-element-48673cc e-con-full e-flex e-con e-child\" data-id=\"48673cc\" data-element_type=\"container\" data-settings=\"{&quot;_ha_eqh_enable&quot;:false}\">\n\t\t<div class=\"elementor-element elementor-element-7882e0b e-grid e-con-full e-con e-child\" data-id=\"7882e0b\" data-element_type=\"container\" data-settings=\"{&quot;_ha_eqh_enable&quot;:false}\">\n\t\t<div class=\"elementor-element elementor-element-b8155d1 e-con-full e-flex e-con e-child\" data-id=\"b8155d1\" data-element_type=\"container\" data-settings=\"{&quot;_ha_eqh_enable&quot;:false}\">\n\t\t\t\t<div class=\"elementor-element elementor-element-531225f elementor-widget elementor-widget-heading\" data-id=\"531225f\" data-element_type=\"widget\" data-widget_type=\"heading.default\">\n\t\t\t\t\t<h2 class=\"elementor-heading-title elementor-size-default\">Agricultura 4.0<\/h2>\t\t\t\t<\/div>\n\t\t\t\t<div class=\"elementor-element elementor-element-01532e8 elementor-widget elementor-widget-text-editor\" data-id=\"01532e8\" data-element_type=\"widget\" data-widget_type=\"text-editor.default\">\n\t\t\t\t\t\t\t\t\t<p style=\"text-align: center;\" data-start=\"367\" data-end=\"391\">Mediante fotogrametr\u00eda y sensores multiespectrales, capturamos datos precisos para elaborar mapas de vigor, detectar plagas y enfermedades, optimizar el riego y monitorear el estado de los cultivos. Esto permite tomar decisiones basadas en datos reales, mejorando la productividad y reduciendo costos.<\/p>\t\t\t\t\t\t\t\t<\/div>\n\t\t\t\t<div class=\"elementor-element elementor-element-b0c42cb elementor-widget elementor-widget-image\" data-id=\"b0c42cb\" data-element_type=\"widget\" data-settings=\"{&quot;_animation&quot;:&quot;none&quot;}\" data-widget_type=\"image.default\">\n\t\t\t\t\t\t\t\t\t\t\t\t\t\t\t\t<a href=\"https:\/\/www.calopter.com\/esp\/agricultura-4-0\/\">\n\t\t\t\t\t\t\t<img fetchpriority=\"high\" decoding=\"async\" width=\"1344\" height=\"647\" src=\"https:\/\/www.calopter.com\/wp-content\/uploads\/2025\/07\/image-asset.jpeg\" class=\"elementor-animation-grow attachment-full size-full wp-image-2473\" alt=\"\" srcset=\"https:\/\/www.calopter.com\/wp-content\/uploads\/2025\/07\/image-asset-18x9.jpeg 18w, https:\/\/www.calopter.com\/wp-content\/uploads\/2025\/07\/image-asset-300x144.jpeg 300w, https:\/\/www.calopter.com\/wp-content\/uploads\/2025\/07\/image-asset-768x370.jpeg 768w, https:\/\/www.calopter.com\/wp-content\/uploads\/2025\/07\/image-asset-1024x493.jpeg 1024w, https:\/\/www.calopter.com\/wp-content\/uploads\/2025\/07\/image-asset.jpeg 1344w\" sizes=\"(max-width: 1344px) 100vw, 1344px\" \/>\t\t\t\t\t\t\t\t<\/a>\n\t\t\t\t\t\t\t\t\t\t\t\t\t\t\t<\/div>\n\t\t\t\t<\/div>\n\t\t<div class=\"elementor-element elementor-element-3189599 e-con-full e-flex e-con e-child\" data-id=\"3189599\" data-element_type=\"container\" data-settings=\"{&quot;_ha_eqh_enable&quot;:false}\">\n\t\t\t\t<div class=\"elementor-element elementor-element-d265890 elementor-widget elementor-widget-heading\" data-id=\"d265890\" data-element_type=\"widget\" data-widget_type=\"heading.default\">\n\t\t\t\t\t<h2 class=\"elementor-heading-title elementor-size-default\">C\u00e1lculo de vol\u00famenes y BIM<\/h2>\t\t\t\t<\/div>\n\t\t\t\t<div class=\"elementor-element elementor-element-b334e9a elementor-widget elementor-widget-text-editor\" data-id=\"b334e9a\" data-element_type=\"widget\" data-widget_type=\"text-editor.default\">\n\t\t\t\t\t\t\t\t\t<p>Servicio de levantamiento a\u00e9reo con dron por c\u00e1lculo preciso de pilas, movimientos de tierra y vol\u00famenes en obras de construcci\u00f3n, mediante tecnolog\u00eda fotogram\u00e9trica de \u00faltima generaci\u00f3n.<\/p>\t\t\t\t\t\t\t\t<\/div>\n\t\t\t\t<div class=\"elementor-element elementor-element-631677c elementor-widget elementor-widget-image\" data-id=\"631677c\" data-element_type=\"widget\" data-widget_type=\"image.default\">\n\t\t\t\t\t\t\t\t\t\t\t\t\t\t\t\t<a href=\"https:\/\/www.calopter.com\/esp\/calcul-de-volums-i-bim\/\">\n\t\t\t\t\t\t\t<img decoding=\"async\" width=\"700\" height=\"362\" src=\"https:\/\/www.calopter.com\/wp-content\/uploads\/2025\/08\/3D-Mapping-Volume-Estimation-1024x401-1-e1756722595392.jpg\" class=\"elementor-animation-grow attachment-full size-full wp-image-2922\" alt=\"\" srcset=\"https:\/\/www.calopter.com\/wp-content\/uploads\/2025\/08\/3D-Mapping-Volume-Estimation-1024x401-1-e1756722595392-18x9.jpg 18w, https:\/\/www.calopter.com\/wp-content\/uploads\/2025\/08\/3D-Mapping-Volume-Estimation-1024x401-1-e1756722595392-300x155.jpg 300w, https:\/\/www.calopter.com\/wp-content\/uploads\/2025\/08\/3D-Mapping-Volume-Estimation-1024x401-1-e1756722595392.jpg 700w\" sizes=\"(max-width: 700px) 100vw, 700px\" \/>\t\t\t\t\t\t\t\t<\/a>\n\t\t\t\t\t\t\t\t\t\t\t\t\t\t\t<\/div>\n\t\t\t\t<\/div>\n\t\t<div class=\"elementor-element elementor-element-a27389c e-con-full e-flex e-con e-child\" data-id=\"a27389c\" data-element_type=\"container\" data-settings=\"{&quot;_ha_eqh_enable&quot;:false}\">\n\t\t\t\t<div class=\"elementor-element elementor-element-da292b0 elementor-widget elementor-widget-heading\" data-id=\"da292b0\" data-element_type=\"widget\" data-widget_type=\"heading.default\">\n\t\t\t\t\t<h2 class=\"elementor-heading-title elementor-size-default\">Inspecciones y topograf\u00eda<\/h2>\t\t\t\t<\/div>\n\t\t\t\t<div class=\"elementor-element elementor-element-189d355 elementor-widget elementor-widget-text-editor\" data-id=\"189d355\" data-element_type=\"widget\" data-widget_type=\"text-editor.default\">\n\t\t\t\t\t\t\t\t\t<p style=\"text-align: center;\">Realizamos levantamientos topogr\u00e1ficos e inspecciones de campos, infraestructuras e instalaciones con alta precisi\u00f3n. Nuestros drones permiten trabajar de manera m\u00e1s r\u00e1pida y segura, reduciendo riesgos y costos en comparaci\u00f3n con m\u00e9todos tradicionales.<\/p>\t\t\t\t\t\t\t\t<\/div>\n\t\t\t\t<div class=\"elementor-element elementor-element-e87544a elementor-widget elementor-widget-image\" data-id=\"e87544a\" data-element_type=\"widget\" data-widget_type=\"image.default\">\n\t\t\t\t\t\t\t\t\t\t\t\t\t\t\t\t<a href=\"https:\/\/www.calopter.com\/esp\/geomatica-i-topografia\/\">\n\t\t\t\t\t\t\t<img decoding=\"async\" width=\"1200\" height=\"675\" src=\"https:\/\/www.calopter.com\/wp-content\/uploads\/2025\/07\/IMG_BLO_AGR_Pix4Dfields_1.11_Release_dsm_cloud.jpg\" class=\"elementor-animation-grow attachment-full size-full wp-image-2470\" alt=\"\" srcset=\"https:\/\/www.calopter.com\/wp-content\/uploads\/2025\/07\/IMG_BLO_AGR_Pix4Dfields_1.11_Release_dsm_cloud-18x10.jpg 18w, https:\/\/www.calopter.com\/wp-content\/uploads\/2025\/07\/IMG_BLO_AGR_Pix4Dfields_1.11_Release_dsm_cloud-300x169.jpg 300w, https:\/\/www.calopter.com\/wp-content\/uploads\/2025\/07\/IMG_BLO_AGR_Pix4Dfields_1.11_Release_dsm_cloud-768x432.jpg 768w, https:\/\/www.calopter.com\/wp-content\/uploads\/2025\/07\/IMG_BLO_AGR_Pix4Dfields_1.11_Release_dsm_cloud-1024x576.jpg 1024w, https:\/\/www.calopter.com\/wp-content\/uploads\/2025\/07\/IMG_BLO_AGR_Pix4Dfields_1.11_Release_dsm_cloud.jpg 1200w\" sizes=\"(max-width: 1200px) 100vw, 1200px\" \/>\t\t\t\t\t\t\t\t<\/a>\n\t\t\t\t\t\t\t\t\t\t\t\t\t\t\t<\/div>\n\t\t\t\t<\/div>\n\t\t<div class=\"elementor-element elementor-element-93afc4e e-con-full e-flex e-con e-child\" data-id=\"93afc4e\" data-element_type=\"container\" data-settings=\"{&quot;_ha_eqh_enable&quot;:false}\">\n\t\t\t\t<div class=\"elementor-element elementor-element-82dbe65 elementor-widget elementor-widget-heading\" data-id=\"82dbe65\" data-element_type=\"widget\" data-widget_type=\"heading.default\">\n\t\t\t\t\t<h2 class=\"elementor-heading-title elementor-size-default\">Servicios de ingenier\u00eda<\/h2>\t\t\t\t<\/div>\n\t\t\t\t<div class=\"elementor-element elementor-element-832da68 elementor-widget elementor-widget-text-editor\" data-id=\"832da68\" data-element_type=\"widget\" data-widget_type=\"text-editor.default\">\n\t\t\t\t\t\t\t\t\t<p style=\"text-align: center;\">Ofrecemos servicios de ingenier\u00eda avanzada que incluyen el dimensionado de componentes el\u00e9ctricos, simulaciones y c\u00e1lculos t\u00e9cnicos, desarrollo de aplicaciones Yate con sens\u00f3rica y microcontroladores, as\u00ed como la integraci\u00f3n de Machine Learning, Big Data e Inteligencia Artificial en sistemas adaptados a cada proyecto.\u00a0<\/p>\t\t\t\t\t\t\t\t<\/div>\n\t\t\t\t<div class=\"elementor-element elementor-element-9aa024a elementor-widget elementor-widget-image\" data-id=\"9aa024a\" data-element_type=\"widget\" data-widget_type=\"image.default\">\n\t\t\t\t\t\t\t\t\t\t\t\t\t\t\t\t<a href=\"https:\/\/www.calopter.com\/esp\/serveis-denginyeria\/\">\n\t\t\t\t\t\t\t<img loading=\"lazy\" decoding=\"async\" width=\"2560\" height=\"1707\" src=\"https:\/\/www.calopter.com\/wp-content\/uploads\/2025\/09\/Serv-ing3-scaled.jpg\" class=\"elementor-animation-grow attachment-full size-full wp-image-3075\" alt=\"\" srcset=\"https:\/\/www.calopter.com\/wp-content\/uploads\/2025\/09\/Serv-ing3-18x12.jpg 18w, https:\/\/www.calopter.com\/wp-content\/uploads\/2025\/09\/Serv-ing3-300x200.jpg 300w, https:\/\/www.calopter.com\/wp-content\/uploads\/2025\/09\/Serv-ing3-768x512.jpg 768w, https:\/\/www.calopter.com\/wp-content\/uploads\/2025\/09\/Serv-ing3-1024x683.jpg 1024w, https:\/\/www.calopter.com\/wp-content\/uploads\/2025\/09\/Serv-ing3-1536x1024.jpg 1536w, https:\/\/www.calopter.com\/wp-content\/uploads\/2025\/09\/Serv-ing3-scaled.jpg 2560w\" sizes=\"(max-width: 2560px) 100vw, 2560px\" \/>\t\t\t\t\t\t\t\t<\/a>\n\t\t\t\t\t\t\t\t\t\t\t\t\t\t\t<\/div>\n\t\t\t\t<\/div>\n\t\t\t\t<\/div>\n\t\t\t\t<\/div>\n\t\t\t\t\t<\/div>\n\t\t\t\t<\/div>\n\t\t<div class=\"elementor-element elementor-element-28d21e43 e-flex e-con-boxed e-con e-parent\" data-id=\"28d21e43\" data-element_type=\"container\" data-settings=\"{&quot;_ha_eqh_enable&quot;:false}\">\n\t\t\t\t\t<div class=\"e-con-inner\">\n\t\t\t\t<div class=\"elementor-element elementor-element-34130e22 elementor-widget elementor-widget-text-editor\" data-id=\"34130e22\" data-element_type=\"widget\" data-widget_type=\"text-editor.default\">\n\t\t\t\t\t\t\t\t\t<h5>\u00bfQuieres optimizar tus recursos con tecnolog\u00eda avanzada? Contacte hoy mismo con nosotros para explorar c\u00f3mo nuestros servicios pueden mejorar el rendimiento de su producci\u00f3n.<\/h5>\t\t\t\t\t\t\t\t<\/div>\n\t\t\t\t<div class=\"elementor-element elementor-element-3c9071b elementor-button-success elementor-align-center elementor-widget elementor-widget-button\" data-id=\"3c9071b\" data-element_type=\"widget\" data-widget_type=\"button.default\">\n\t\t\t\t\t\t\t\t\t\t<a class=\"elementor-button elementor-button-link elementor-size-sm\" href=\"https:\/\/www.calopter.com\/esp\/contact\/\">\n\t\t\t\t\t\t<span class=\"elementor-button-content-wrapper\">\n\t\t\t\t\t\t\t\t\t<span class=\"elementor-button-text\">Contacta con nosotros<\/span>\n\t\t\t\t\t<\/span>\n\t\t\t\t\t<\/a>\n\t\t\t\t\t\t\t\t<\/div>\n\t\t\t\t\t<\/div>\n\t\t\t\t<\/div>\n\t\t<div class=\"elementor-element elementor-element-cbe08ad e-grid e-con-full e-con e-parent\" data-id=\"cbe08ad\" data-element_type=\"container\" data-settings=\"{&quot;background_background&quot;:&quot;classic&quot;,&quot;_ha_eqh_enable&quot;:&quot;yes&quot;,&quot;_ha_eqh_widget&quot;:[&quot;text-editor&quot;],&quot;_ha_eqh_to&quot;:&quot;widget&quot;,&quot;_ha_eqh_disable_on_tablet&quot;:&quot;no&quot;,&quot;_ha_eqh_disable_on_mobile&quot;:&quot;yes&quot;}\">\n\t\t\t\t<div class=\"elementor-element elementor-element-ec7df73 elementor-widget__width-initial elementor-widget elementor-widget-text-editor\" data-id=\"ec7df73\" data-element_type=\"widget\" data-widget_type=\"text-editor.default\">\n\t\t\t\t\t\t\t\t\t<h6><strong>Agricultura 4.0<\/strong><\/h6><ul><li>An\u00e1lisis multiespectral<\/li><li>Monitoraje inteligente y continuo<\/li><li>An\u00e1lisis visual del conreo\u00a0<\/li><li>Prevenci\u00f3n de plagas\u00a0<\/li><li>Optimizaci\u00f3n de recursos<\/li><li>Detecci\u00f3n precoz de plagas y enfermedades<\/li><\/ul>\t\t\t\t\t\t\t\t<\/div>\n\t\t\t\t<div class=\"elementor-element elementor-element-c3d1d0b elementor-widget__width-initial elementor-widget elementor-widget-text-editor\" data-id=\"c3d1d0b\" data-element_type=\"widget\" data-widget_type=\"text-editor.default\">\n\t\t\t\t\t\t\t\t\t<h6><span style=\"color: #333333;\"><a style=\"color: #333333;\" href=\"https:\/\/www.calopter.com\/esp\/geomatica-i-topografia\/\"><strong>Inspecciones y Topograf\u00eda<\/strong><\/a><\/span><\/h6><ul><li>R\u00e9plicas digitales 3D<\/li><li style=\"text-align: left;\">Inspecci\u00f3n visual de infraestructuras<\/li><li>Ortomosaicos georeferenciados<\/li><li>Modelos digitales de terreno y superf\u00edcie<\/li><\/ul>\t\t\t\t\t\t\t\t<\/div>\n\t\t\t\t<div class=\"elementor-element elementor-element-75f526a elementor-widget__width-initial elementor-widget elementor-widget-text-editor\" data-id=\"75f526a\" data-element_type=\"widget\" data-widget_type=\"text-editor.default\">\n\t\t\t\t\t\t\t\t\t<h6><span style=\"color: #333333;\"><a style=\"color: #333333;\" href=\"https:\/\/www.calopter.com\/esp\/serveis-denginyeria\/\"><strong style=\"font-size: 1rem; font-style: inherit;\">Servicios de ingenier\u00eda<\/strong><\/a><\/span><\/h6><ul><li>Procesado de datos<\/li><li>Modelaje y simulaci\u00f3n<\/li><li>C\u00e1lculos volum\u00e9tricos<\/li><li>Planificaci\u00f3n y an\u00e1lisi del suelo<\/li><li style=\"text-align: left;\">Documentaci\u00f3n fotogr\u00e1fica e informes t\u00e9cnicos<\/li><\/ul>\t\t\t\t\t\t\t\t<\/div>\n\t\t\t\t<div class=\"elementor-element elementor-element-de8eded elementor-widget__width-initial elementor-widget elementor-widget-text-editor\" data-id=\"de8eded\" data-element_type=\"widget\" data-widget_type=\"text-editor.default\">\n\t\t\t\t\t\t\t\t\t<p><strong>Guinard\u00f3,(Barcelona 08027), ESP.\u00a0<\/strong><\/p><p><strong>Telf:<\/strong>+34 607804143<\/p><p><strong>Email:<\/strong> info@calopter.com\u00a0 carlos.serrano@calopter.com<\/p>\t\t\t\t\t\t\t\t<\/div>\n\t\t\t\t<\/div>\n\t\t\t\t<\/div>","protected":false},"excerpt":{"rendered":"<p>Agricultura 4.0 Mitjan\u00e7ant fotogrametria i sensors multiespectrals, capturem dades precises per elaborar mapes de vigor, detectar plagues i malalties, optimitzar<\/p>","protected":false},"author":1,"featured_media":0,"parent":0,"menu_order":0,"comment_status":"closed","ping_status":"closed","template":"","meta":{"site-sidebar-layout":"no-sidebar","site-content-layout":"","ast-site-content-layout":"default","site-content-style":"default","site-sidebar-style":"default","ast-global-header-display":"","ast-banner-title-visibility":"","ast-main-header-display":"","ast-hfb-above-header-display":"","ast-hfb-below-header-display":"","ast-hfb-mobile-header-display":"","site-post-title":"disabled","ast-breadcrumbs-content":"","ast-featured-img":"disabled","footer-sml-layout":"","theme-transparent-header-meta":"","adv-header-id-meta":"","stick-header-meta":"","header-above-stick-meta":"","header-main-stick-meta":"","header-below-stick-meta":"","astra-migrate-meta-layouts":"default","ast-page-background-enabled":"default","ast-page-background-meta":{"desktop":{"background-color":"var(--ast-global-color-4)","background-image":"","background-repeat":"repeat","background-position":"center center","background-size":"auto","background-attachment":"scroll","background-type":"","background-media":"","overlay-type":"","overlay-color":"","overlay-opacity":"","overlay-gradient":""},"tablet":{"background-color":"","background-image":"","background-repeat":"repeat","background-position":"center center","background-size":"auto","background-attachment":"scroll","background-type":"","background-media":"","overlay-type":"","overlay-color":"","overlay-opacity":"","overlay-gradient":""},"mobile":{"background-color":"","background-image":"","background-repeat":"repeat","background-position":"center center","background-size":"auto","background-attachment":"scroll","background-type":"","background-media":"","overlay-type":"","overlay-color":"","overlay-opacity":"","overlay-gradient":""}},"ast-content-background-meta":{"desktop":{"background-color":"var(--ast-global-color-5)","background-image":"","background-repeat":"repeat","background-position":"center center","background-size":"auto","background-attachment":"scroll","background-type":"","background-media":"","overlay-type":"","overlay-color":"","overlay-opacity":"","overlay-gradient":""},"tablet":{"background-color":"var(--ast-global-color-5)","background-image":"","background-repeat":"repeat","background-position":"center center","background-size":"auto","background-attachment":"scroll","background-type":"","background-media":"","overlay-type":"","overlay-color":"","overlay-opacity":"","overlay-gradient":""},"mobile":{"background-color":"var(--ast-global-color-5)","background-image":"","background-repeat":"repeat","background-position":"center center","background-size":"auto","background-attachment":"scroll","background-type":"","background-media":"","overlay-type":"","overlay-color":"","overlay-opacity":"","overlay-gradient":""}},"footnotes":""},"class_list":["post-2284","page","type-page","status-publish","hentry"],"_links":{"self":[{"href":"https:\/\/www.calopter.com\/esp\/wp-json\/wp\/v2\/pages\/2284","targetHints":{"allow":["GET"]}}],"collection":[{"href":"https:\/\/www.calopter.com\/esp\/wp-json\/wp\/v2\/pages"}],"about":[{"href":"https:\/\/www.calopter.com\/esp\/wp-json\/wp\/v2\/types\/page"}],"author":[{"embeddable":true,"href":"https:\/\/www.calopter.com\/esp\/wp-json\/wp\/v2\/users\/1"}],"replies":[{"embeddable":true,"href":"https:\/\/www.calopter.com\/esp\/wp-json\/wp\/v2\/comments?post=2284"}],"version-history":[{"count":145,"href":"https:\/\/www.calopter.com\/esp\/wp-json\/wp\/v2\/pages\/2284\/revisions"}],"predecessor-version":[{"id":3825,"href":"https:\/\/www.calopter.com\/esp\/wp-json\/wp\/v2\/pages\/2284\/revisions\/3825"}],"wp:attachment":[{"href":"https:\/\/www.calopter.com\/esp\/wp-json\/wp\/v2\/media?parent=2284"}],"curies":[{"name":"wp","href":"https:\/\/api.w.org\/{rel}","templated":true}]}}