{"id":2262,"date":"2025-07-11T15:48:05","date_gmt":"2025-07-11T13:48:05","guid":{"rendered":"https:\/\/www.calopter.com\/about\/"},"modified":"2025-10-10T18:44:42","modified_gmt":"2025-10-10T16:44:42","slug":"about","status":"publish","type":"page","link":"https:\/\/www.calopter.com\/esp\/about\/","title":{"rendered":"\u00bfQui\u00e9nes somos?"},"content":{"rendered":"<div data-elementor-type=\"wp-page\" data-elementor-id=\"2262\" class=\"elementor elementor-2262\" data-elementor-settings=\"{&quot;ha_cmc_init_switcher&quot;:&quot;no&quot;}\">\n\t\t\t\t<div class=\"elementor-element elementor-element-bd56bc1 e-grid e-con-boxed e-con e-parent\" data-id=\"bd56bc1\" data-element_type=\"container\" data-settings=\"{&quot;background_background&quot;:&quot;classic&quot;,&quot;_ha_eqh_enable&quot;:false}\">\n\t\t\t\t\t<div class=\"e-con-inner\">\n\t\t\t\t<div class=\"elementor-element elementor-element-4c59235 elementor-widget elementor-widget-text-editor\" data-id=\"4c59235\" data-element_type=\"widget\" data-widget_type=\"text-editor.default\">\n\t\t\t\t\t\t\t\t\t<h2 class=\"elementor-heading-title elementor-size-default elementor-inline-editing pen\" style=\"text-align: center;\" contenteditable=\"true\" data-elementor-setting-key=\"title\" data-pen-placeholder=\"Teclea aqu\u00ed...\">\u00bfQui\u00e9nes somos?<\/h2><p data-start=\"135\" data-end=\"319\">En <strong>Calopter<\/strong> somos especialistas en el uso de<strong> drones y sensores<\/strong>. Ayudamos a empresas de diversos sectores a <strong>optimizar recursos<\/strong> mediante el an\u00e1lisis de datos obtenidos desde el aire.<\/p><p data-start=\"321\" data-end=\"476\">Usamos drones de \u00faltima generaci\u00f3n y <strong>software especializado<\/strong> para obtener informaci\u00f3n detallada del terreno, que permite una <strong>toma de decisiones m\u00e1s r\u00e1pida y eficiente<\/strong>.<\/p><p data-start=\"478\" data-end=\"715\">Nos diferenciamos por la<strong>excelencia, el compromiso con el cliente y la rapidez en la entrega de resultados<\/strong>. Creemos en una agricultura e ind\u00fastria m\u00e1s inteligente, sostenible y rendible, y trabajamos cada d\u00eda para hacerlo posible.<\/p><p data-start=\"717\" data-end=\"805\">En <strong>Calopter<\/strong>, no solo vemos el mundo des del aire: lo analizamos y te ayudamos a mejorarlo.<\/p>\t\t\t\t\t\t\t\t<\/div>\n\t\t\t\t<div class=\"elementor-element elementor-element-622ba5a elementor-widget elementor-widget-image\" data-id=\"622ba5a\" data-element_type=\"widget\" data-widget_type=\"image.default\">\n\t\t\t\t\t\t\t\t\t\t\t\t\t\t\t<img decoding=\"async\" src=\"https:\/\/www.calopter.com\/wp-content\/uploads\/2025\/08\/IMG_20250824_141551-scaled.jpg\" title=\"IMG_20250824_141551\" alt=\"IMG_20250824_141551\" loading=\"lazy\" \/>\t\t\t\t\t\t\t\t\t\t\t\t\t\t\t<\/div>\n\t\t\t\t\t<\/div>\n\t\t\t\t<\/div>\n\t\t<div class=\"elementor-element elementor-element-66f864d e-grid e-con-boxed e-con e-parent\" data-id=\"66f864d\" data-element_type=\"container\" data-settings=\"{&quot;background_background&quot;:&quot;classic&quot;,&quot;_ha_eqh_enable&quot;:false}\">\n\t\t\t\t\t<div class=\"e-con-inner\">\n\t\t\t\t<div class=\"elementor-element elementor-element-1df88c3e elementor-widget__width-initial elementor-widget elementor-widget-image\" data-id=\"1df88c3e\" data-element_type=\"widget\" data-widget_type=\"image.default\">\n\t\t\t\t\t\t\t\t\t\t\t\t\t\t\t<img fetchpriority=\"high\" decoding=\"async\" width=\"2560\" height=\"1707\" src=\"https:\/\/www.calopter.com\/wp-content\/uploads\/2025\/07\/IMG_0529-scaled.jpg\" class=\"attachment-full size-full wp-image-2511\" alt=\"\" srcset=\"https:\/\/www.calopter.com\/wp-content\/uploads\/2025\/07\/IMG_0529-18x12.jpg 18w, https:\/\/www.calopter.com\/wp-content\/uploads\/2025\/07\/IMG_0529-300x200.jpg 300w, https:\/\/www.calopter.com\/wp-content\/uploads\/2025\/07\/IMG_0529-768x512.jpg 768w, https:\/\/www.calopter.com\/wp-content\/uploads\/2025\/07\/IMG_0529-1024x683.jpg 1024w, https:\/\/www.calopter.com\/wp-content\/uploads\/2025\/07\/IMG_0529-1536x1024.jpg 1536w, https:\/\/www.calopter.com\/wp-content\/uploads\/2025\/07\/IMG_0529-scaled.jpg 2560w\" sizes=\"(max-width: 2560px) 100vw, 2560px\" \/>\t\t\t\t\t\t\t\t\t\t\t\t\t\t\t<\/div>\n\t\t\t\t<div class=\"elementor-element elementor-element-7cddf31 elementor-widget__width-initial elementor-widget elementor-widget-text-editor\" data-id=\"7cddf31\" data-element_type=\"widget\" data-widget_type=\"text-editor.default\">\n\t\t\t\t\t\t\t\t\t<h2 style=\"text-align: center;\" data-elementor-setting-key=\"title\" data-pen-placeholder=\"Teclea aqu\u00ed...\">Metodolog\u00eda<\/h2><p data-start=\"203\" data-end=\"312\">Segimos un <strong>proceso claro y estructurado<\/strong> para garantizar resultados precisos y \u00fatiles para nuestros clientes.<\/p><p data-start=\"314\" data-end=\"458\"><strong>Calopter ofrece flexibilidad horaria y desplazamiento al lugar de trabajo<\/strong>, adapt\u00e1ndose a las necesidades de cada proyecto.<\/p><p data-start=\"460\" data-end=\"726\">El proceso empieza con la definici\u00f3n, <strong>junto con el cliente<\/strong>, de los objetivos del proyecto y de la informaci\u00f3n requerida. A continuaci\u00f3n, se realiza la <strong>captura de datos mediante drones y sensores de \u00faltima generaci\u00f3n<\/strong>, capturando im\u00e1genes y medidas con alta precisi\u00f3n.<\/p><p data-start=\"728\" data-end=\"992\">Los datos se procesan con software especializado para generar mapas, indicadores y an\u00e1lisis detallados. Posteriormente, se procede a la interpretaci\u00f3n de resultados y a la <strong>presentaci\u00f3n de conclusiones claras<\/strong>, destacando su impacto sobre la producci\u00f3n u operaci\u00f3n.<\/p><p data-start=\"994\" data-end=\"1251\">Finalmente, se elabora un informe visual y completo con <strong>recomendaciones pr\u00e1cticas para la optimizaci\u00f3n del cultivo<\/strong> o proyecto. Tambi\u00e9n <strong>es posible establecer un seguimiento peri\u00f3dico<\/strong> para medir el progreso y ajustar las estrat\u00e9gias segun las necesidades del momento.<\/p>\t\t\t\t\t\t\t\t<\/div>\n\t\t\t\t\t<\/div>\n\t\t\t\t<\/div>\n\t\t<div class=\"elementor-element elementor-element-04fa1cb e-grid e-con-boxed e-con e-parent\" data-id=\"04fa1cb\" data-element_type=\"container\" data-settings=\"{&quot;background_background&quot;:&quot;classic&quot;,&quot;_ha_eqh_enable&quot;:false}\">\n\t\t\t\t\t<div class=\"e-con-inner\">\n\t\t<div class=\"elementor-element elementor-element-75c0724 e-grid e-con-boxed e-con e-child\" data-id=\"75c0724\" data-element_type=\"container\" data-settings=\"{&quot;_ha_eqh_enable&quot;:false}\">\n\t\t\t\t\t<div class=\"e-con-inner\">\n\t\t\t\t<div class=\"elementor-element elementor-element-746c001 elementor-widget__width-initial elementor-widget elementor-widget-text-editor\" data-id=\"746c001\" data-element_type=\"widget\" data-widget_type=\"text-editor.default\">\n\t\t\t\t\t\t\t\t\t<h2 style=\"text-align: center;\">El equipo<\/h2><p data-start=\"179\" data-end=\"483\">En <strong data-start=\"181\" data-end=\"193\">Calopter<\/strong> somos un equipo de j\u00f3venes profesionales que hemos crecido juntos y compartimos la pasi\u00f3n por la tecnolog\u00eda y la agricultura, as\u00ed como los retos reales del sector. Trabajamos con <strong>esp\u00edritu colaborador y con el compromiso<\/strong> de transformar datos en <strong>soluciones pr\u00e1cticas y eficientes<\/strong> para nuestros clientes.<\/p>\t\t\t\t\t\t\t\t<\/div>\n\t\t\t\t<div class=\"elementor-element elementor-element-456faf3 elementor-button-info elementor-align-center elementor-widget elementor-widget-button\" data-id=\"456faf3\" data-element_type=\"widget\" data-widget_type=\"button.default\">\n\t\t\t\t\t\t\t\t\t\t<a class=\"elementor-button elementor-button-link elementor-size-sm\" href=\"https:\/\/www.calopter.com\/esp\/lequip\/\">\n\t\t\t\t\t\t<span class=\"elementor-button-content-wrapper\">\n\t\t\t\t\t\t\t\t\t<span class=\"elementor-button-text\">Descubra qui\u00e9nes somos<\/span>\n\t\t\t\t\t<\/span>\n\t\t\t\t\t<\/a>\n\t\t\t\t\t\t\t\t<\/div>\n\t\t\t\t\t<\/div>\n\t\t\t\t<\/div>\n\t\t\t\t<div class=\"elementor-element elementor-element-957d85a elementor-widget elementor-widget-image\" data-id=\"957d85a\" data-element_type=\"widget\" data-widget_type=\"image.default\">\n\t\t\t\t\t\t\t\t\t\t\t\t\t\t\t<img decoding=\"async\" width=\"1024\" height=\"768\" src=\"https:\/\/www.calopter.com\/wp-content\/uploads\/2025\/08\/tractor-1024x768.jpg\" class=\"attachment-large size-large wp-image-3067\" alt=\"\" srcset=\"https:\/\/www.calopter.com\/wp-content\/uploads\/2025\/08\/tractor-16x12.jpg 16w, https:\/\/www.calopter.com\/wp-content\/uploads\/2025\/08\/tractor-300x225.jpg 300w, https:\/\/www.calopter.com\/wp-content\/uploads\/2025\/08\/tractor-768x576.jpg 768w, https:\/\/www.calopter.com\/wp-content\/uploads\/2025\/08\/tractor-1024x768.jpg 1024w, https:\/\/www.calopter.com\/wp-content\/uploads\/2025\/08\/tractor-1536x1152.jpg 1536w\" sizes=\"(max-width: 1024px) 100vw, 1024px\" \/>\t\t\t\t\t\t\t\t\t\t\t\t\t\t\t<\/div>\n\t\t\t\t\t<\/div>\n\t\t\t\t<\/div>\n\t\t<div class=\"elementor-element elementor-element-68bd9859 e-flex e-con-boxed e-con e-parent\" data-id=\"68bd9859\" data-element_type=\"container\" data-settings=\"{&quot;_ha_eqh_enable&quot;:false}\">\n\t\t\t\t\t<div class=\"e-con-inner\">\n\t\t\t\t<div class=\"elementor-element elementor-element-55512c02 elementor-widget elementor-widget-text-editor\" data-id=\"55512c02\" data-element_type=\"widget\" data-widget_type=\"text-editor.default\">\n\t\t\t\t\t\t\t\t\t<h5>\u00bfQuieres optimizar tus recursos con tecnolog\u00eda avanzada? Pida presupuesto hoy mismo para explorar c\u00f3mo podemos colaborar.<\/h5>\t\t\t\t\t\t\t\t<\/div>\n\t\t\t\t<div class=\"elementor-element elementor-element-73c06781 elementor-button-success elementor-align-center elementor-widget elementor-widget-button\" data-id=\"73c06781\" data-element_type=\"widget\" data-widget_type=\"button.default\">\n\t\t\t\t\t\t\t\t\t\t<a class=\"elementor-button elementor-button-link elementor-size-sm\" href=\"https:\/\/www.calopter.com\/esp\/contact\/\">\n\t\t\t\t\t\t<span class=\"elementor-button-content-wrapper\">\n\t\t\t\t\t\t\t\t\t<span class=\"elementor-button-text\">Contacta con nosotros<\/span>\n\t\t\t\t\t<\/span>\n\t\t\t\t\t<\/a>\n\t\t\t\t\t\t\t\t<\/div>\n\t\t\t\t\t<\/div>\n\t\t\t\t<\/div>\n\t\t\t\t<\/div>","protected":false},"excerpt":{"rendered":"<p>Qui som? A Calopter som especialistes en l&#8217;\u00fas de drons i sensors. Ajudem a empreses de diversos sectors a optimitzar<\/p>","protected":false},"author":1,"featured_media":0,"parent":0,"menu_order":0,"comment_status":"closed","ping_status":"closed","template":"","meta":{"site-sidebar-layout":"no-sidebar","site-content-layout":"","ast-site-content-layout":"full-width-container","site-content-style":"default","site-sidebar-style":"default","ast-global-header-display":"","ast-banner-title-visibility":"","ast-main-header-display":"","ast-hfb-above-header-display":"","ast-hfb-below-header-display":"","ast-hfb-mobile-header-display":"","site-post-title":"disabled","ast-breadcrumbs-content":"","ast-featured-img":"disabled","footer-sml-layout":"","theme-transparent-header-meta":"","adv-header-id-meta":"","stick-header-meta":"","header-above-stick-meta":"","header-main-stick-meta":"","header-below-stick-meta":"","astra-migrate-meta-layouts":"default","ast-page-background-enabled":"default","ast-page-background-meta":{"desktop":{"background-color":"var(--ast-global-color-4)","background-image":"","background-repeat":"repeat","background-position":"center center","background-size":"auto","background-attachment":"scroll","background-type":"","background-media":"","overlay-type":"","overlay-color":"","overlay-opacity":"","overlay-gradient":""},"tablet":{"background-color":"","background-image":"","background-repeat":"repeat","background-position":"center center","background-size":"auto","background-attachment":"scroll","background-type":"","background-media":"","overlay-type":"","overlay-color":"","overlay-opacity":"","overlay-gradient":""},"mobile":{"background-color":"","background-image":"","background-repeat":"repeat","background-position":"center center","background-size":"auto","background-attachment":"scroll","background-type":"","background-media":"","overlay-type":"","overlay-color":"","overlay-opacity":"","overlay-gradient":""}},"ast-content-background-meta":{"desktop":{"background-color":"var(--ast-global-color-5)","background-image":"","background-repeat":"repeat","background-position":"center center","background-size":"auto","background-attachment":"scroll","background-type":"","background-media":"","overlay-type":"","overlay-color":"","overlay-opacity":"","overlay-gradient":""},"tablet":{"background-color":"var(--ast-global-color-5)","background-image":"","background-repeat":"repeat","background-position":"center center","background-size":"auto","background-attachment":"scroll","background-type":"","background-media":"","overlay-type":"","overlay-color":"","overlay-opacity":"","overlay-gradient":""},"mobile":{"background-color":"var(--ast-global-color-5)","background-image":"","background-repeat":"repeat","background-position":"center center","background-size":"auto","background-attachment":"scroll","background-type":"","background-media":"","overlay-type":"","overlay-color":"","overlay-opacity":"","overlay-gradient":""}},"footnotes":""},"class_list":["post-2262","page","type-page","status-publish","hentry"],"_links":{"self":[{"href":"https:\/\/www.calopter.com\/esp\/wp-json\/wp\/v2\/pages\/2262","targetHints":{"allow":["GET"]}}],"collection":[{"href":"https:\/\/www.calopter.com\/esp\/wp-json\/wp\/v2\/pages"}],"about":[{"href":"https:\/\/www.calopter.com\/esp\/wp-json\/wp\/v2\/types\/page"}],"author":[{"embeddable":true,"href":"https:\/\/www.calopter.com\/esp\/wp-json\/wp\/v2\/users\/1"}],"replies":[{"embeddable":true,"href":"https:\/\/www.calopter.com\/esp\/wp-json\/wp\/v2\/comments?post=2262"}],"version-history":[{"count":101,"href":"https:\/\/www.calopter.com\/esp\/wp-json\/wp\/v2\/pages\/2262\/revisions"}],"predecessor-version":[{"id":3838,"href":"https:\/\/www.calopter.com\/esp\/wp-json\/wp\/v2\/pages\/2262\/revisions\/3838"}],"wp:attachment":[{"href":"https:\/\/www.calopter.com\/esp\/wp-json\/wp\/v2\/media?parent=2262"}],"curies":[{"name":"wp","href":"https:\/\/api.w.org\/{rel}","templated":true}]}}