{"id":2254,"date":"2025-07-11T15:48:03","date_gmt":"2025-07-11T13:48:03","guid":{"rendered":"https:\/\/www.calopter.com\/home\/"},"modified":"2026-01-03T19:05:14","modified_gmt":"2026-01-03T18:05:14","slug":"home","status":"publish","type":"page","link":"https:\/\/www.calopter.com\/esp\/","title":{"rendered":"Inicio"},"content":{"rendered":"<div data-elementor-type=\"wp-page\" data-elementor-id=\"2254\" class=\"elementor elementor-2254\" data-elementor-settings=\"{&quot;ha_cmc_init_switcher&quot;:&quot;no&quot;}\">\n\t\t\t\t<div class=\"elementor-element elementor-element-1ff97d9 e-con-full e-flex e-con e-parent\" data-id=\"1ff97d9\" data-element_type=\"container\" data-e-type=\"container\" data-settings=\"{&quot;background_background&quot;:&quot;classic&quot;,&quot;_ha_eqh_enable&quot;:false}\">\n\t\t\t\t<div class=\"elementor-element elementor-element-1bc9b26 elementor-widget__width-initial elementor-widget elementor-widget-image\" data-id=\"1bc9b26\" data-element_type=\"widget\" data-e-type=\"widget\" data-widget_type=\"image.default\">\n\t\t\t\t\t\t\t\t\t\t\t\t\t\t\t<img fetchpriority=\"high\" decoding=\"async\" width=\"1024\" height=\"557\" src=\"https:\/\/www.calopter.com\/wp-content\/uploads\/2025\/09\/cropped-cropped-IMG-20250828-WA0000-1-234x127.png\" class=\"attachment-large size-large wp-image-3495\" alt=\"\" srcset=\"https:\/\/www.calopter.com\/wp-content\/uploads\/2025\/09\/cropped-cropped-IMG-20250828-WA0000-1-18x10.png 18w, https:\/\/www.calopter.com\/wp-content\/uploads\/2025\/09\/cropped-cropped-IMG-20250828-WA0000-1-234x127.png 234w, https:\/\/www.calopter.com\/wp-content\/uploads\/2025\/09\/cropped-cropped-IMG-20250828-WA0000-1-300x163.png 300w, https:\/\/www.calopter.com\/wp-content\/uploads\/2025\/09\/cropped-cropped-IMG-20250828-WA0000-1-768x417.png 768w, https:\/\/www.calopter.com\/wp-content\/uploads\/2025\/09\/cropped-cropped-IMG-20250828-WA0000-1-1024x557.png 1024w, https:\/\/www.calopter.com\/wp-content\/uploads\/2025\/09\/cropped-cropped-IMG-20250828-WA0000-1.png 1078w\" sizes=\"(max-width: 1024px) 100vw, 1024px\" \/>\t\t\t\t\t\t\t\t\t\t\t\t\t\t\t<\/div>\n\t\t<div class=\"elementor-element elementor-element-a42120b e-con-full e-flex e-con e-child\" data-id=\"a42120b\" data-element_type=\"container\" data-e-type=\"container\" data-settings=\"{&quot;_ha_eqh_enable&quot;:false}\">\n\t\t\t\t<div class=\"elementor-element elementor-element-9bfae25 elementor-widget elementor-widget-heading\" data-id=\"9bfae25\" data-element_type=\"widget\" data-e-type=\"widget\" data-widget_type=\"heading.default\">\n\t\t\t\t\t<h1 class=\"elementor-heading-title elementor-size-default\">Soluciones inteligentes con drones y sensores para la agricultura y la industria<\/h1>\t\t\t\t<\/div>\n\t\t\t\t<div class=\"elementor-element elementor-element-70f1ea2 elementor-widget elementor-widget-heading\" data-id=\"70f1ea2\" data-element_type=\"widget\" data-e-type=\"widget\" data-widget_type=\"heading.default\">\n\t\t\t\t\t<h2 class=\"elementor-heading-title elementor-size-default\">Convertimos datos en decisiones que optimizan recursos<\/h2>\t\t\t\t<\/div>\n\t\t\t\t<\/div>\n\t\t\t\t<\/div>\n\t\t<div class=\"elementor-element elementor-element-19aab9ba e-flex e-con-boxed e-con e-parent\" data-id=\"19aab9ba\" data-element_type=\"container\" data-e-type=\"container\" data-settings=\"{&quot;background_background&quot;:&quot;classic&quot;,&quot;_ha_eqh_enable&quot;:false}\">\n\t\t\t\t\t<div class=\"e-con-inner\">\n\t\t<div class=\"elementor-element elementor-element-34430610 e-con-full e-flex e-con e-child\" data-id=\"34430610\" data-element_type=\"container\" data-e-type=\"container\" data-settings=\"{&quot;_ha_eqh_enable&quot;:false}\">\n\t\t<div class=\"elementor-element elementor-element-4c2c9330 e-con-full e-flex e-con e-child\" data-id=\"4c2c9330\" data-element_type=\"container\" data-e-type=\"container\" data-settings=\"{&quot;_ha_eqh_enable&quot;:false}\">\n\t\t\t\t<div class=\"elementor-element elementor-element-5790c972 elementor-widget elementor-widget-image\" data-id=\"5790c972\" data-element_type=\"widget\" data-e-type=\"widget\" data-widget_type=\"image.default\">\n\t\t\t\t\t\t\t\t\t\t\t\t\t\t\t\t<a href=\"https:\/\/www.calopter.com\/esp\/agricultura-4-0\/\">\n\t\t\t\t\t\t\t<img decoding=\"async\" width=\"1920\" height=\"2560\" src=\"https:\/\/www.calopter.com\/wp-content\/uploads\/2025\/08\/IMG_20250824_141551-scaled.jpg\" class=\"elementor-animation-grow attachment-full size-full wp-image-3068\" alt=\"\" srcset=\"https:\/\/www.calopter.com\/wp-content\/uploads\/2025\/08\/IMG_20250824_141551-9x12.jpg 9w, https:\/\/www.calopter.com\/wp-content\/uploads\/2025\/08\/IMG_20250824_141551-225x300.jpg 225w, https:\/\/www.calopter.com\/wp-content\/uploads\/2025\/08\/IMG_20250824_141551-768x1024.jpg 768w, https:\/\/www.calopter.com\/wp-content\/uploads\/2025\/08\/IMG_20250824_141551-1152x1536.jpg 1152w, https:\/\/www.calopter.com\/wp-content\/uploads\/2025\/08\/IMG_20250824_141551-1536x2048.jpg 1536w, https:\/\/www.calopter.com\/wp-content\/uploads\/2025\/08\/IMG_20250824_141551-scaled.jpg 1920w\" sizes=\"(max-width: 1920px) 100vw, 1920px\" \/>\t\t\t\t\t\t\t\t<\/a>\n\t\t\t\t\t\t\t\t\t\t\t\t\t\t\t<\/div>\n\t\t\t\t<div class=\"elementor-element elementor-element-bb8807b elementor-widget elementor-widget-heading\" data-id=\"bb8807b\" data-element_type=\"widget\" data-e-type=\"widget\" data-widget_type=\"heading.default\">\n\t\t\t\t\t<h2 class=\"elementor-heading-title elementor-size-default\">Agricultura 4.0<\/h2>\t\t\t\t<\/div>\n\t\t\t\t<div class=\"elementor-element elementor-element-3c9e824c elementor-widget elementor-widget-text-editor\" data-id=\"3c9e824c\" data-element_type=\"widget\" data-e-type=\"widget\" data-widget_type=\"text-editor.default\">\n\t\t\t\t\t\t\t\t\t<p style=\"text-align: center;\">Aumento y estimaci\u00f3n de la producci\u00f3n, an\u00e1lisis de la salud vegetativa, etc.<\/p>\t\t\t\t\t\t\t\t<\/div>\n\t\t\t\t<\/div>\n\t\t<div class=\"elementor-element elementor-element-9e8dc1b e-con-full e-flex e-con e-child\" data-id=\"9e8dc1b\" data-element_type=\"container\" data-e-type=\"container\" data-settings=\"{&quot;_ha_eqh_enable&quot;:false}\">\n\t\t\t\t<div class=\"elementor-element elementor-element-c866ea7 elementor-widget elementor-widget-image\" data-id=\"c866ea7\" data-element_type=\"widget\" data-e-type=\"widget\" data-widget_type=\"image.default\">\n\t\t\t\t\t\t\t\t\t\t\t\t\t\t\t\t<a href=\"https:\/\/www.calopter.com\/esp\/calcul-de-volums-i-bim\/\">\n\t\t\t\t\t\t\t<img decoding=\"async\" width=\"700\" height=\"362\" src=\"https:\/\/www.calopter.com\/wp-content\/uploads\/2025\/08\/3D-Mapping-Volume-Estimation-1024x401-1-e1756722595392.jpg\" class=\"elementor-animation-grow attachment-full size-full wp-image-2922\" alt=\"\" srcset=\"https:\/\/www.calopter.com\/wp-content\/uploads\/2025\/08\/3D-Mapping-Volume-Estimation-1024x401-1-e1756722595392-18x9.jpg 18w, https:\/\/www.calopter.com\/wp-content\/uploads\/2025\/08\/3D-Mapping-Volume-Estimation-1024x401-1-e1756722595392-300x155.jpg 300w, https:\/\/www.calopter.com\/wp-content\/uploads\/2025\/08\/3D-Mapping-Volume-Estimation-1024x401-1-e1756722595392.jpg 700w\" sizes=\"(max-width: 700px) 100vw, 700px\" \/>\t\t\t\t\t\t\t\t<\/a>\n\t\t\t\t\t\t\t\t\t\t\t\t\t\t\t<\/div>\n\t\t\t\t<div class=\"elementor-element elementor-element-cd67244 elementor-widget elementor-widget-heading\" data-id=\"cd67244\" data-element_type=\"widget\" data-e-type=\"widget\" data-widget_type=\"heading.default\">\n\t\t\t\t\t<h2 class=\"elementor-heading-title elementor-size-default\">C\u00e1lculo de vol\u00famenes y BIM<\/h2>\t\t\t\t<\/div>\n\t\t\t\t<div class=\"elementor-element elementor-element-5c53aaf elementor-widget elementor-widget-text-editor\" data-id=\"5c53aaf\" data-element_type=\"widget\" data-e-type=\"widget\" data-widget_type=\"text-editor.default\">\n\t\t\t\t\t\t\t\t\t<p style=\"text-align: center;\">Levantamiento a\u00e9reo con dron para el c\u00e1lculo preciso de pilas, movimientos de tierras y vol\u00famenes.<\/p>\t\t\t\t\t\t\t\t<\/div>\n\t\t\t\t<\/div>\n\t\t<div class=\"elementor-element elementor-element-2c5e0a8 e-con-full e-flex e-con e-child\" data-id=\"2c5e0a8\" data-element_type=\"container\" data-e-type=\"container\" data-settings=\"{&quot;_ha_eqh_enable&quot;:false}\">\n\t\t\t\t<div class=\"elementor-element elementor-element-227cd36 elementor-widget elementor-widget-image\" data-id=\"227cd36\" data-element_type=\"widget\" data-e-type=\"widget\" data-widget_type=\"image.default\">\n\t\t\t\t\t\t\t\t\t\t\t\t\t\t\t\t<a href=\"https:\/\/www.calopter.com\/esp\/geomatica-i-topografia\/\">\n\t\t\t\t\t\t\t<img loading=\"lazy\" decoding=\"async\" width=\"1200\" height=\"675\" src=\"https:\/\/www.calopter.com\/wp-content\/uploads\/2025\/07\/IMG_BLO_AGR_Pix4Dfields_1.11_Release_dsm_cloud.jpg\" class=\"elementor-animation-grow attachment-full size-full wp-image-2470\" alt=\"\" srcset=\"https:\/\/www.calopter.com\/wp-content\/uploads\/2025\/07\/IMG_BLO_AGR_Pix4Dfields_1.11_Release_dsm_cloud-18x10.jpg 18w, https:\/\/www.calopter.com\/wp-content\/uploads\/2025\/07\/IMG_BLO_AGR_Pix4Dfields_1.11_Release_dsm_cloud-300x169.jpg 300w, https:\/\/www.calopter.com\/wp-content\/uploads\/2025\/07\/IMG_BLO_AGR_Pix4Dfields_1.11_Release_dsm_cloud-768x432.jpg 768w, https:\/\/www.calopter.com\/wp-content\/uploads\/2025\/07\/IMG_BLO_AGR_Pix4Dfields_1.11_Release_dsm_cloud-1024x576.jpg 1024w, https:\/\/www.calopter.com\/wp-content\/uploads\/2025\/07\/IMG_BLO_AGR_Pix4Dfields_1.11_Release_dsm_cloud.jpg 1200w\" sizes=\"(max-width: 1200px) 100vw, 1200px\" \/>\t\t\t\t\t\t\t\t<\/a>\n\t\t\t\t\t\t\t\t\t\t\t\t\t\t\t<\/div>\n\t\t\t\t<div class=\"elementor-element elementor-element-3663ddf elementor-widget elementor-widget-heading\" data-id=\"3663ddf\" data-element_type=\"widget\" data-e-type=\"widget\" data-widget_type=\"heading.default\">\n\t\t\t\t\t<h2 class=\"elementor-heading-title elementor-size-default\">Inspecciones y topograf\u00eda<\/h2>\t\t\t\t<\/div>\n\t\t\t\t<div class=\"elementor-element elementor-element-d112750 elementor-widget elementor-widget-text-editor\" data-id=\"d112750\" data-element_type=\"widget\" data-e-type=\"widget\" data-widget_type=\"text-editor.default\">\n\t\t\t\t\t\t\t\t\t<p style=\"text-align: center;\">Soluciones avanzadas de fotogrametr\u00eda y cartograf\u00eda.<\/p>\t\t\t\t\t\t\t\t<\/div>\n\t\t\t\t<\/div>\n\t\t<div class=\"elementor-element elementor-element-255ddb3d e-con-full e-flex e-con e-child\" data-id=\"255ddb3d\" data-element_type=\"container\" data-e-type=\"container\" data-settings=\"{&quot;_ha_eqh_enable&quot;:false}\">\n\t\t\t\t<div class=\"elementor-element elementor-element-5a53dd57 elementor-widget elementor-widget-image\" data-id=\"5a53dd57\" data-element_type=\"widget\" data-e-type=\"widget\" data-widget_type=\"image.default\">\n\t\t\t\t\t\t\t\t\t\t\t\t\t\t\t\t<a href=\"https:\/\/www.calopter.com\/esp\/serveis-denginyeria\/\">\n\t\t\t\t\t\t\t<img loading=\"lazy\" decoding=\"async\" width=\"2560\" height=\"1707\" src=\"https:\/\/www.calopter.com\/wp-content\/uploads\/2025\/09\/Serv-ing3-scaled.jpg\" class=\"elementor-animation-grow attachment-full size-full wp-image-3075\" alt=\"\" srcset=\"https:\/\/www.calopter.com\/wp-content\/uploads\/2025\/09\/Serv-ing3-18x12.jpg 18w, https:\/\/www.calopter.com\/wp-content\/uploads\/2025\/09\/Serv-ing3-300x200.jpg 300w, https:\/\/www.calopter.com\/wp-content\/uploads\/2025\/09\/Serv-ing3-768x512.jpg 768w, https:\/\/www.calopter.com\/wp-content\/uploads\/2025\/09\/Serv-ing3-1024x683.jpg 1024w, https:\/\/www.calopter.com\/wp-content\/uploads\/2025\/09\/Serv-ing3-1536x1024.jpg 1536w, https:\/\/www.calopter.com\/wp-content\/uploads\/2025\/09\/Serv-ing3-scaled.jpg 2560w\" sizes=\"(max-width: 2560px) 100vw, 2560px\" \/>\t\t\t\t\t\t\t\t<\/a>\n\t\t\t\t\t\t\t\t\t\t\t\t\t\t\t<\/div>\n\t\t\t\t<div class=\"elementor-element elementor-element-4e2a293c elementor-widget elementor-widget-heading\" data-id=\"4e2a293c\" data-element_type=\"widget\" data-e-type=\"widget\" data-widget_type=\"heading.default\">\n\t\t\t\t\t<h2 class=\"elementor-heading-title elementor-size-default\">Servicios de ingenier\u00eda<\/h2>\t\t\t\t<\/div>\n\t\t\t\t<div class=\"elementor-element elementor-element-153328c9 elementor-widget elementor-widget-text-editor\" data-id=\"153328c9\" data-element_type=\"widget\" data-e-type=\"widget\" data-widget_type=\"text-editor.default\">\n\t\t\t\t\t\t\t\t\t<p style=\"text-align: center;\">An\u00e1lisis de datos, inteligencia artificial, modelaje y simulaci\u00f3n, etc.<\/p>\t\t\t\t\t\t\t\t<\/div>\n\t\t\t\t<\/div>\n\t\t\t\t<\/div>\n\t\t\t\t\t<\/div>\n\t\t\t\t<\/div>\n\t\t<div class=\"elementor-element elementor-element-a8aace0 e-flex e-con-boxed e-con e-parent\" data-id=\"a8aace0\" data-element_type=\"container\" data-e-type=\"container\" data-settings=\"{&quot;background_background&quot;:&quot;classic&quot;,&quot;_ha_eqh_enable&quot;:false}\">\n\t\t\t\t\t<div class=\"e-con-inner\">\n\t\t<div class=\"elementor-element elementor-element-9663c88 e-con-full e-flex e-con e-child\" data-id=\"9663c88\" data-element_type=\"container\" data-e-type=\"container\" data-settings=\"{&quot;_ha_eqh_enable&quot;:false}\">\n\t\t<div class=\"elementor-element elementor-element-d0f58dd e-grid e-con-full e-con e-child\" data-id=\"d0f58dd\" data-element_type=\"container\" data-e-type=\"container\" data-settings=\"{&quot;_ha_eqh_enable&quot;:false}\">\n\t\t<div class=\"elementor-element elementor-element-340de4e e-con-full e-flex e-con e-child\" data-id=\"340de4e\" data-element_type=\"container\" data-e-type=\"container\" data-settings=\"{&quot;_ha_eqh_enable&quot;:false}\">\n\t\t\t\t<div class=\"elementor-element elementor-element-6c91a31 elementor-widget elementor-widget-heading\" data-id=\"6c91a31\" data-element_type=\"widget\" data-e-type=\"widget\" data-widget_type=\"heading.default\">\n\t\t\t\t\t<h2 class=\"elementor-heading-title elementor-size-default\">Mapas de vigor, control y optimizaci\u00f3n de insumos y seguimiento de cultivos.<\/h2>\t\t\t\t<\/div>\n\t\t\t\t<\/div>\n\t\t<div class=\"elementor-element elementor-element-30bb956 e-con-full e-flex e-con e-child\" data-id=\"30bb956\" data-element_type=\"container\" data-e-type=\"container\" data-settings=\"{&quot;_ha_eqh_enable&quot;:false}\">\n\t\t\t\t<div class=\"elementor-element elementor-element-001729b elementor-widget elementor-widget-heading\" data-id=\"001729b\" data-element_type=\"widget\" data-e-type=\"widget\" data-widget_type=\"heading.default\">\n\t\t\t\t\t<h2 class=\"elementor-heading-title elementor-size-default\">Modelos 3D, curvas de nivel, ortofotos.<\/h2>\t\t\t\t<\/div>\n\t\t\t\t<\/div>\n\t\t<div class=\"elementor-element elementor-element-ce9a1f1 e-con-full e-flex e-con e-child\" data-id=\"ce9a1f1\" data-element_type=\"container\" data-e-type=\"container\" data-settings=\"{&quot;_ha_eqh_enable&quot;:false}\">\n\t\t\t\t<div class=\"elementor-element elementor-element-921aaa3 elementor-widget elementor-widget-heading\" data-id=\"921aaa3\" data-element_type=\"widget\" data-e-type=\"widget\" data-widget_type=\"heading.default\">\n\t\t\t\t\t<h2 class=\"elementor-heading-title elementor-size-default\">Simulaciones, IA, procesamiento de datos, automatizaciones.<\/h2>\t\t\t\t<\/div>\n\t\t\t\t<\/div>\n\t\t\t\t<\/div>\n\t\t\t\t<\/div>\n\t\t\t\t\t<\/div>\n\t\t\t\t<\/div>\n\t\t<div class=\"elementor-element elementor-element-27a20234 e-flex e-con-boxed e-con e-parent\" data-id=\"27a20234\" data-element_type=\"container\" data-e-type=\"container\" data-settings=\"{&quot;background_background&quot;:&quot;classic&quot;,&quot;_ha_eqh_enable&quot;:false}\">\n\t\t\t\t\t<div class=\"e-con-inner\">\n\t\t<div class=\"elementor-element elementor-element-2d96ea48 e-con-full e-flex e-con e-child\" data-id=\"2d96ea48\" data-element_type=\"container\" data-e-type=\"container\" data-settings=\"{&quot;_ha_eqh_enable&quot;:false}\">\n\t\t\t\t<div class=\"elementor-element elementor-element-438478b2 elementor-widget elementor-widget-heading\" data-id=\"438478b2\" data-element_type=\"widget\" data-e-type=\"widget\" data-widget_type=\"heading.default\">\n\t\t\t\t\t<h2 class=\"elementor-heading-title elementor-size-default\">En Calopter ofrecemos soluciones inteligentes basadas en el uso de drones y el an\u00e1lisis de datos.<\/h2>\t\t\t\t<\/div>\n\t\t\t\t<div class=\"elementor-element elementor-element-70fff6f8 elementor-widget elementor-widget-button\" data-id=\"70fff6f8\" data-element_type=\"widget\" data-e-type=\"widget\" data-widget_type=\"button.default\">\n\t\t\t\t\t\t\t\t\t\t<a class=\"elementor-button elementor-button-link elementor-size-sm\" href=\"https:\/\/www.calopter.com\/esp\/about\/\">\n\t\t\t\t\t\t<span class=\"elementor-button-content-wrapper\">\n\t\t\t\t\t\t\t\t\t<span class=\"elementor-button-text\">M\u00e1s informaci\u00f3n<\/span>\n\t\t\t\t\t<\/span>\n\t\t\t\t\t<\/a>\n\t\t\t\t\t\t\t\t<\/div>\n\t\t\t\t<div class=\"elementor-element elementor-element-711cbc3d elementor-widget__width-initial elementor-widget elementor-widget-text-editor\" data-id=\"711cbc3d\" data-element_type=\"widget\" data-e-type=\"widget\" data-widget_type=\"text-editor.default\">\n\t\t\t\t\t\t\t\t\t<p>\u00a0<span style=\"font-size: 1rem; font-weight: inherit;\">Nos dedicamos a capturar, procesar e interpretar informaci\u00f3n a\u00e9rea para obtener resultados \u00fatiles en \u00e1mbitos como la agricultura de precisi\u00f3n, la topograf\u00eda o la ingenier\u00eda.<\/span><\/p><p><span style=\"font-size: 1rem; font-weight: inherit;\">Nuestro objetivo es ayudar a empresas y profesionales a tomar decisiones m\u00e1s informadas, reducir costes y optimizar sus recursos.<\/span><\/p><ul data-start=\"1087\" data-end=\"1485\"><li data-start=\"1087\" data-end=\"1139\"><p data-start=\"1089\" data-end=\"1139\">Cartograf\u00eda y modelaje 3D con tecnolog\u00eda dron RTK<\/p><\/li><li data-start=\"1140\" data-end=\"1245\"><p data-start=\"1142\" data-end=\"1245\">An\u00e1lisis multiespectral para la detecci\u00f3n de estr\u00e9s h\u00eddrico, vigor vegetal y aplicaci\u00f3n de tratamientos fitosanitarios<\/p><\/li><li data-start=\"1246\" data-end=\"1296\"><p data-start=\"1248\" data-end=\"1296\">Monitoreado de cultivos y agricultura de precisi\u00f3n<\/p><\/li><li data-start=\"1297\" data-end=\"1359\"><p data-start=\"1299\" data-end=\"1359\">Servicios de topograf\u00eda y levantamientos planim\u00e9tricos\/altim\u00e9tricos<\/p><\/li><\/ul>\t\t\t\t\t\t\t\t<\/div>\n\t\t\t\t<\/div>\n\t\t<div class=\"elementor-element elementor-element-61fe4d9d e-con-full e-flex e-con e-child\" data-id=\"61fe4d9d\" data-element_type=\"container\" data-e-type=\"container\" data-settings=\"{&quot;_ha_eqh_enable&quot;:false}\">\n\t\t\t\t<div class=\"elementor-element elementor-element-2ba42f56 elementor-widget elementor-widget-image\" data-id=\"2ba42f56\" data-element_type=\"widget\" data-e-type=\"widget\" data-widget_type=\"image.default\">\n\t\t\t\t\t\t\t\t\t\t\t\t\t\t\t<img loading=\"lazy\" decoding=\"async\" width=\"1092\" height=\"610\" src=\"https:\/\/www.calopter.com\/wp-content\/uploads\/2025\/10\/drone-image-gran-e1761062817174.png\" class=\"attachment-full size-full wp-image-3662\" alt=\"\" srcset=\"https:\/\/www.calopter.com\/wp-content\/uploads\/2025\/10\/drone-image-gran-e1761062817174-18x10.png 18w, https:\/\/www.calopter.com\/wp-content\/uploads\/2025\/10\/drone-image-gran-e1761062817174-300x168.png 300w, https:\/\/www.calopter.com\/wp-content\/uploads\/2025\/10\/drone-image-gran-e1761062817174-768x429.png 768w, https:\/\/www.calopter.com\/wp-content\/uploads\/2025\/10\/drone-image-gran-e1761062817174-1024x572.png 1024w, https:\/\/www.calopter.com\/wp-content\/uploads\/2025\/10\/drone-image-gran-e1761062817174.png 1092w\" sizes=\"(max-width: 1092px) 100vw, 1092px\" \/>\t\t\t\t\t\t\t\t\t\t\t\t\t\t\t<\/div>\n\t\t\t\t<\/div>\n\t\t\t\t\t<\/div>\n\t\t\t\t<\/div>\n\t\t<div class=\"elementor-element elementor-element-8c23542 e-flex e-con-boxed e-con e-parent\" data-id=\"8c23542\" data-element_type=\"container\" data-e-type=\"container\" data-settings=\"{&quot;_ha_eqh_enable&quot;:false}\">\n\t\t\t\t\t<div class=\"e-con-inner\">\n\t\t\t\t<div class=\"elementor-element elementor-element-bfd323c elementor-widget elementor-widget-text-editor\" data-id=\"bfd323c\" data-element_type=\"widget\" data-e-type=\"widget\" data-widget_type=\"text-editor.default\">\n\t\t\t\t\t\t\t\t\t<h5>\u00bfQuieres optimizar tus recursos mediante el uso de tecnolog\u00eda avanzada?<\/h5><h5>Contacta con nosotros hoy mismo y descubre c\u00f3mo nuestros servicios pueden mejorar la eficiencia, el rendimiento y la sostenibilidad de tu proyecto.<\/h5>\t\t\t\t\t\t\t\t<\/div>\n\t\t\t\t<div class=\"elementor-element elementor-element-5635c51 elementor-button-success elementor-align-center elementor-widget elementor-widget-button\" data-id=\"5635c51\" data-element_type=\"widget\" data-e-type=\"widget\" data-widget_type=\"button.default\">\n\t\t\t\t\t\t\t\t\t\t<a class=\"elementor-button elementor-button-link elementor-size-sm\" href=\"https:\/\/www.calopter.com\/esp\/contact\/\">\n\t\t\t\t\t\t<span class=\"elementor-button-content-wrapper\">\n\t\t\t\t\t\t\t\t\t<span class=\"elementor-button-text\">Contacta con nosotros<\/span>\n\t\t\t\t\t<\/span>\n\t\t\t\t\t<\/a>\n\t\t\t\t\t\t\t\t<\/div>\n\t\t\t\t\t<\/div>\n\t\t\t\t<\/div>\n\t\t\t\t<\/div>","protected":false},"excerpt":{"rendered":"<p>Solucions intel\u00b7ligents amb drons i sensors per a l&#8217;agricultura i la ind\u00fastria Convertim dades en decisions que optimitzen recursos Agricultura<\/p>","protected":false},"author":1,"featured_media":2583,"parent":0,"menu_order":0,"comment_status":"closed","ping_status":"closed","template":"","meta":{"site-sidebar-layout":"no-sidebar","site-content-layout":"","ast-site-content-layout":"full-width-container","site-content-style":"default","site-sidebar-style":"default","ast-global-header-display":"","ast-banner-title-visibility":"","ast-main-header-display":"","ast-hfb-above-header-display":"","ast-hfb-below-header-display":"","ast-hfb-mobile-header-display":"","site-post-title":"disabled","ast-breadcrumbs-content":"","ast-featured-img":"disabled","footer-sml-layout":"","ast-disable-related-posts":"","theme-transparent-header-meta":"default","adv-header-id-meta":"","stick-header-meta":"","header-above-stick-meta":"","header-main-stick-meta":"","header-below-stick-meta":"","astra-migrate-meta-layouts":"set","ast-page-background-enabled":"default","ast-page-background-meta":{"desktop":{"background-color":"var(--ast-global-color-4)","background-image":"","background-repeat":"repeat","background-position":"center center","background-size":"auto","background-attachment":"scroll","background-type":"","background-media":"","overlay-type":"","overlay-color":"","overlay-opacity":"","overlay-gradient":""},"tablet":{"background-color":"","background-image":"","background-repeat":"repeat","background-position":"center center","background-size":"auto","background-attachment":"scroll","background-type":"","background-media":"","overlay-type":"","overlay-color":"","overlay-opacity":"","overlay-gradient":""},"mobile":{"background-color":"","background-image":"","background-repeat":"repeat","background-position":"center center","background-size":"auto","background-attachment":"scroll","background-type":"","background-media":"","overlay-type":"","overlay-color":"","overlay-opacity":"","overlay-gradient":""}},"ast-content-background-meta":{"desktop":{"background-color":"var(--ast-global-color-5)","background-image":"","background-repeat":"repeat","background-position":"center center","background-size":"auto","background-attachment":"scroll","background-type":"","background-media":"","overlay-type":"","overlay-color":"","overlay-opacity":"","overlay-gradient":""},"tablet":{"background-color":"var(--ast-global-color-5)","background-image":"","background-repeat":"repeat","background-position":"center center","background-size":"auto","background-attachment":"scroll","background-type":"","background-media":"","overlay-type":"","overlay-color":"","overlay-opacity":"","overlay-gradient":""},"mobile":{"background-color":"var(--ast-global-color-5)","background-image":"","background-repeat":"repeat","background-position":"center center","background-size":"auto","background-attachment":"scroll","background-type":"","background-media":"","overlay-type":"","overlay-color":"","overlay-opacity":"","overlay-gradient":""}},"footnotes":""},"class_list":["post-2254","page","type-page","status-publish","has-post-thumbnail","hentry"],"_links":{"self":[{"href":"https:\/\/www.calopter.com\/esp\/wp-json\/wp\/v2\/pages\/2254","targetHints":{"allow":["GET"]}}],"collection":[{"href":"https:\/\/www.calopter.com\/esp\/wp-json\/wp\/v2\/pages"}],"about":[{"href":"https:\/\/www.calopter.com\/esp\/wp-json\/wp\/v2\/types\/page"}],"author":[{"embeddable":true,"href":"https:\/\/www.calopter.com\/esp\/wp-json\/wp\/v2\/users\/1"}],"replies":[{"embeddable":true,"href":"https:\/\/www.calopter.com\/esp\/wp-json\/wp\/v2\/comments?post=2254"}],"version-history":[{"count":189,"href":"https:\/\/www.calopter.com\/esp\/wp-json\/wp\/v2\/pages\/2254\/revisions"}],"predecessor-version":[{"id":3822,"href":"https:\/\/www.calopter.com\/esp\/wp-json\/wp\/v2\/pages\/2254\/revisions\/3822"}],"wp:featuredmedia":[{"embeddable":true,"href":"https:\/\/www.calopter.com\/esp\/wp-json\/wp\/v2\/media\/2583"}],"wp:attachment":[{"href":"https:\/\/www.calopter.com\/esp\/wp-json\/wp\/v2\/media?parent=2254"}],"curies":[{"name":"wp","href":"https:\/\/api.w.org\/{rel}","templated":true}]}}